{"id":1803,"date":"2026-02-25T11:32:15","date_gmt":"2026-02-25T11:32:15","guid":{"rendered":"https:\/\/rogitando.com\/loft\/"},"modified":"2026-03-20T16:28:18","modified_gmt":"2026-03-20T16:28:18","slug":"loft","status":"publish","type":"page","link":"https:\/\/rogitando.com\/de\/loft\/","title":{"rendered":"Loft"},"content":{"rendered":"<p>[et_pb_section fb_built=&#8220;1&#8243; admin_label=&#8220;Header&#8220; _builder_version=&#8220;4.22.1&#8243; _module_preset=&#8220;default&#8220; background_color=&#8220;#005B80&#8243; locked=&#8220;off&#8220; collapsed=&#8220;on&#8220; global_colors_info=&#8220;{}&#8220;][et_pb_row column_structure=&#8220;1_2,1_2&#8243; make_equal=&#8220;on&#8220; _builder_version=&#8220;4.27.5&#8243; _module_preset=&#8220;default&#8220; width=&#8220;94%&#8220; width_tablet=&#8220;80%&#8220; width_phone=&#8220;80%&#8220; width_last_edited=&#8220;on|desktop&#8220; max_width=&#8220;2000px&#8220; custom_padding=&#8220;0px||0px||true|false&#8220; global_colors_info=&#8220;{}&#8220;][et_pb_column type=&#8220;1_2&#8243; _builder_version=&#8220;4.22.0&#8243; _module_preset=&#8220;default&#8220; custom_padding=&#8220;46vh||||false|false&#8220; custom_padding_tablet=&#8220;0vw||||false|false&#8220; custom_padding_phone=&#8220;0vw||||false|false&#8220; custom_padding_last_edited=&#8220;on|desktop&#8220; global_colors_info=&#8220;{}&#8220;][et_pb_text _builder_version=&#8220;4.27.5&#8243; _module_preset=&#8220;05cc8fbc-0f32-4f33-ab1a-3f8fc6f57574&#8243; header_text_color=&#8220;#FFFFFF&#8220; header_font_size=&#8220;44px&#8220; max_width=&#8220;800px&#8220; global_colors_info=&#8220;{}&#8220;]<\/p>\n<h1><strong>Industriefl\u00e4chen werden<br \/>zu exklusiven Wohnr\u00e4umen<\/strong><\/h1>\n<p>[\/et_pb_text][\/et_pb_column][et_pb_column type=&#8220;1_2&#8243; _builder_version=&#8220;4.27.5&#8243; _module_preset=&#8220;default&#8220; background_image=&#8220;https:\/\/rogitando.com\/wp-content\/uploads\/2026\/02\/loft_1-1.jpg&#8220; border_radii=&#8220;on|10px|10px|10px|10px&#8220; global_colors_info=&#8220;{}&#8220;][et_pb_divider show_divider=&#8220;off&#8220; _builder_version=&#8220;4.21.0&#8243; _module_preset=&#8220;default&#8220; height_tablet=&#8220;40vw&#8220; height_phone=&#8220;40vw&#8220; height_last_edited=&#8220;on|desktop&#8220; global_colors_info=&#8220;{}&#8220;][\/et_pb_divider][\/et_pb_column][\/et_pb_row][\/et_pb_section][et_pb_section fb_built=&#8220;1&#8243; admin_label=&#8220;Services&#8220; _builder_version=&#8220;4.21.0&#8243; _module_preset=&#8220;default&#8220; locked=&#8220;off&#8220; collapsed=&#8220;on&#8220; global_colors_info=&#8220;{}&#8220;][et_pb_row _builder_version=&#8220;4.22.1&#8243; _module_preset=&#8220;default&#8220; max_width=&#8220;80%&#8220; min_height=&#8220;598.7px&#8220; global_colors_info=&#8220;{}&#8220;][et_pb_column type=&#8220;4_4&#8243; _builder_version=&#8220;4.21.0&#8243; _module_preset=&#8220;default&#8220; global_colors_info=&#8220;{}&#8220;][et_pb_text _builder_version=&#8220;4.27.5&#8243; _module_preset=&#8220;fb3bde8f-2dbb-4eed-ab26-b71612ec8618&#8243; header_5_font=&#8220;Prata||||||||&#8220; header_5_text_color=&#8220;#000000&#8243; global_colors_info=&#8220;{}&#8220;]<\/p>\n<p style=\"font-weight: 400;\"><strong>Vom Industrieareal zum Wohnsitz. Warum eigentlich nicht? <\/strong><\/p>\n<p><strong> <\/strong><\/p>\n<p class=\"p1\">Die Umwandlung erfolgt durch die Revitalisierung ehemaliger Geb\u00e4ude wie B\u00fcros und Fabriken, um private Wohneinheiten zu schaffen. Der Industriestil zeichnet sich durch gro\u00dfz\u00fcgige Lofts und Open-Space-Konzepte ohne interne Trennw\u00e4nde aus. Charakteristisch sind sichtbare Tragstrukturen aus Beton und Gusseisen, \u00fcberdurchschnittliche Raumh\u00f6hen sowie Galerien f\u00fcr verschiedene Nutzungen, wie etwa Home-Office, Arbeitsbereiche, Relax-Zonen oder Schlafzimmer.<br \/>Die R\u00e4umlichkeiten bestechen durch freiliegende Rohrleitungen sowie B\u00f6den aus Harz oder Sichtbeton. Das Design ist minimalistisch gehalten, mit essenziellem Mobiliar und widerstandsf\u00e4higen Materialien. Nat\u00fcrliches Licht spielt eine zentrale Rolle und wird durch gro\u00dffl\u00e4chige Glasfronten sowie eine k\u00fcnstliche Beleuchtung, die das industrielle Thema des Hauses unterstreicht, perfekt in Szene gesetzt. <\/p>\n<p class=\"p1\"><strong>Industrial Lofts sind nicht nur Immobilien. Sie sind Emotionen, Erlebnisse und Chancen. <\/strong><br \/>Immobilieninnovation von Rogitando<\/p>\n<p class=\"p1\">Suchen Sie eine Investition, die Ihre Pers\u00f6nlichkeit widerspiegelt?<br \/>Dank unserer Expertise finden Sie ehemalige Industriefl\u00e4chen, die in exklusive, zukunftsorientierte Lofts verwandelt wurden. Wer in die Fu\u00dfstapfen anderer tritt, hinterl\u00e4sst keine eigenen Spuren. <\/p>\n<p class=\"p1\"><strong>Verlassen Sie gewohnte Pfade. Leben Sie Industrial.<\/strong><\/p>\n<p style=\"font-weight: 400; text-align: right;\">[\/et_pb_text][\/et_pb_column][\/et_pb_row][\/et_pb_section]<\/p>\n","protected":false},"excerpt":{"rendered":"<p>Industriefl\u00e4chen werdenzu exklusiven Wohnr\u00e4umenVom Industrieareal zum Wohnsitz. Warum eigentlich nicht? Die Umwandlung erfolgt durch die Revitalisierung ehemaliger Geb\u00e4ude wie B\u00fcros und Fabriken, um private Wohneinheiten zu schaffen. Der Industriestil zeichnet sich durch gro\u00dfz\u00fcgige Lofts und Open-Space-Konzepte ohne interne Trennw\u00e4nde aus. Charakteristisch sind sichtbare Tragstrukturen aus Beton und Gusseisen, \u00fcberdurchschnittliche Raumh\u00f6hen sowie Galerien f\u00fcr verschiedene Nutzungen, [&hellip;]<\/p>\n","protected":false},"author":2,"featured_media":0,"parent":0,"menu_order":0,"comment_status":"closed","ping_status":"closed","template":"","meta":{"_et_pb_use_builder":"on","_et_pb_old_content":"","_et_gb_content_width":"","footnotes":""},"class_list":["post-1803","page","type-page","status-publish","hentry"],"_links":{"self":[{"href":"https:\/\/rogitando.com\/de\/wp-json\/wp\/v2\/pages\/1803","targetHints":{"allow":["GET"]}}],"collection":[{"href":"https:\/\/rogitando.com\/de\/wp-json\/wp\/v2\/pages"}],"about":[{"href":"https:\/\/rogitando.com\/de\/wp-json\/wp\/v2\/types\/page"}],"author":[{"embeddable":true,"href":"https:\/\/rogitando.com\/de\/wp-json\/wp\/v2\/users\/2"}],"replies":[{"embeddable":true,"href":"https:\/\/rogitando.com\/de\/wp-json\/wp\/v2\/comments?post=1803"}],"version-history":[{"count":2,"href":"https:\/\/rogitando.com\/de\/wp-json\/wp\/v2\/pages\/1803\/revisions"}],"predecessor-version":[{"id":1805,"href":"https:\/\/rogitando.com\/de\/wp-json\/wp\/v2\/pages\/1803\/revisions\/1805"}],"wp:attachment":[{"href":"https:\/\/rogitando.com\/de\/wp-json\/wp\/v2\/media?parent=1803"}],"curies":[{"name":"wp","href":"https:\/\/api.w.org\/{rel}","templated":true}]}}