{"id":1797,"date":"2026-03-01T16:22:01","date_gmt":"2026-03-01T16:22:01","guid":{"rendered":"https:\/\/rogitando.com\/altastima-lab\/"},"modified":"2026-03-20T16:13:01","modified_gmt":"2026-03-20T16:13:01","slug":"altastima-lab","status":"publish","type":"page","link":"https:\/\/rogitando.com\/de\/altastima-lab\/","title":{"rendered":"Altastima Lab"},"content":{"rendered":"<p>[et_pb_section fb_built=&#8220;1&#8243; admin_label=&#8220;Header&#8220; _builder_version=&#8220;4.22.1&#8243; _module_preset=&#8220;default&#8220; background_color=&#8220;#005B80&#8243; collapsed=&#8220;on&#8220; global_colors_info=&#8220;{}&#8220;][et_pb_row column_structure=&#8220;1_2,1_2&#8243; make_equal=&#8220;on&#8220; _builder_version=&#8220;4.27.5&#8243; _module_preset=&#8220;default&#8220; width=&#8220;94%&#8220; width_tablet=&#8220;80%&#8220; width_phone=&#8220;80%&#8220; width_last_edited=&#8220;on|desktop&#8220; max_width=&#8220;2000px&#8220; custom_padding=&#8220;0px||0px||true|false&#8220; global_colors_info=&#8220;{}&#8220;][et_pb_column type=&#8220;1_2&#8243; _builder_version=&#8220;4.22.0&#8243; _module_preset=&#8220;default&#8220; custom_padding=&#8220;46vh||||false|false&#8220; custom_padding_tablet=&#8220;0vw||||false|false&#8220; custom_padding_phone=&#8220;0vw||||false|false&#8220; custom_padding_last_edited=&#8220;on|desktop&#8220; global_colors_info=&#8220;{}&#8220;][et_pb_text _builder_version=&#8220;4.27.0&#8243; _module_preset=&#8220;05cc8fbc-0f32-4f33-ab1a-3f8fc6f57574&#8243; header_text_color=&#8220;#FFFFFF&#8220; header_font_size=&#8220;44px&#8220; max_width=&#8220;800px&#8220; global_colors_info=&#8220;{}&#8220;]<\/p>\n<h1><strong>Die Immobilien-Evolution: ALTASTIMA LAB von Rogitando<\/strong><\/h1>\n<p>[\/et_pb_text][\/et_pb_column][et_pb_column type=&#8220;1_2&#8243; _builder_version=&#8220;4.27.5&#8243; _module_preset=&#8220;default&#8220; background_image=&#8220;https:\/\/rogitando.com\/wp-content\/uploads\/2026\/03\/altastimalab_1.jpg&#8220; border_radii=&#8220;on|10px|10px|10px|10px&#8220; global_colors_info=&#8220;{}&#8220;][et_pb_divider show_divider=&#8220;off&#8220; _builder_version=&#8220;4.21.0&#8243; _module_preset=&#8220;default&#8220; height_tablet=&#8220;40vw&#8220; height_phone=&#8220;40vw&#8220; height_last_edited=&#8220;on|desktop&#8220; global_colors_info=&#8220;{}&#8220;][\/et_pb_divider][\/et_pb_column][\/et_pb_row][\/et_pb_section][et_pb_section fb_built=&#8220;1&#8243; _builder_version=&#8220;4.27.5&#8243; _module_preset=&#8220;default&#8220; global_colors_info=&#8220;{}&#8220;][et_pb_row _builder_version=&#8220;4.22.1&#8243; _module_preset=&#8220;default&#8220; max_width=&#8220;80%&#8220; locked=&#8220;off&#8220; global_colors_info=&#8220;{}&#8220;][et_pb_column type=&#8220;4_4&#8243; _builder_version=&#8220;4.21.0&#8243; _module_preset=&#8220;default&#8220; global_colors_info=&#8220;{}&#8220;][et_pb_text _builder_version=&#8220;4.22.1&#8243; _module_preset=&#8220;fb3bde8f-2dbb-4eed-ab26-b71612ec8618&#8243; global_colors_info=&#8220;{}&#8220;]<\/p>\n<p style=\"font-size: 16px; background-color: #ffffff;\">Es ist l\u00e4ngst kein Geheimnis mehr, dass der traditionelle Immobilienmarkt an seine Grenzen st\u00f6\u00dft.<\/p>\n<p style=\"font-size: 16px; background-color: #ffffff;\">Verk\u00e4ufer werden oft durch oberfl\u00e4chliche Bewertungen benachteiligt und f\u00fchlen sich unzureichend betreut. K\u00e4ufer wiederum stehen vor dem Dilemma: Neubau \u201evom Plan\u201c oder Gebrauchtimmobilie \u201egekauft wie gesehen\u201c? Und Investoren folgen dem klassischen Schema: Kaufen, Sanieren, Verkaufen.<\/p>\n<p style=\"font-size: 16px; background-color: #ffffff;\">Doch wenn das Ziel die Schaffung von echtem Wohn- und Wirtschaftswert ist, greifen diese Ans\u00e4tze zu kurz.<br \/>Die Antwort lautet: Wir brauchen ein neues Modell.<\/p>\n<p style=\"font-size: 16px; background-color: #ffffff;\"><span style=\"font-size: 16px; font-weight: bold;\"><em style=\"font-size: 16px;\">ALTASTIMA LAB<\/em><\/span> ist die Antwort von Rogitando auf diese Herausforderungen.<\/p>\n<p style=\"font-size: 16px; background-color: #ffffff;\"><span style=\"font-size: 16px; font-weight: bold;\">WAS ALTASTIMA LAB NICHT IST<\/span><\/p>\n<p style=\"font-size: 16px; background-color: #ffffff;\"><span style=\"font-size: 16px; font-weight: bold;\">ALTASTIMA LAB<\/span> ist kein spekulatives Immobiliengesch\u00e4ft, kein Bauunternehmen und kein Generalunternehmer.<\/p>\n<p style=\"font-size: 16px; background-color: #ffffff;\"><span style=\"font-size: 16px; font-weight: bold;\">ALTASTIMA LAB ist:<\/span><span style=\"font-size: 16px; font-weight: bold;\"><br \/><\/span>Eine Methode;<br \/>Ein evolution\u00e4res Modell;<\/p>\n<p style=\"padding-bottom: 1em; font-size: 16px; background-color: #ffffff;\">Ein massgeschneidertes Format;<br \/> &#8230;das es erm\u00f6glicht, Bestandsimmobilien in individuelle Wohnprojekte zu verwandeln \u2013 ohne die Kosten, Wartezeiten und Unsicherheiten von Neubauprojekten.<\/p>\n<p>[\/et_pb_text][\/et_pb_column][\/et_pb_row][et_pb_row column_structure=&#8220;1_2,1_2&#8243; _builder_version=&#8220;4.22.1&#8243; _module_preset=&#8220;default&#8220; locked=&#8220;off&#8220; global_colors_info=&#8220;{}&#8220;][et_pb_column type=&#8220;1_2&#8243; _builder_version=&#8220;4.22.1&#8243; _module_preset=&#8220;default&#8220; global_colors_info=&#8220;{}&#8220;][et_pb_image src=&#8220;https:\/\/rogitando.com\/wp-content\/uploads\/2026\/03\/rogitando-altastimalab-2.jpg&#8220; title_text=&#8220;rogitando-altastimalab-2&#8243; _builder_version=&#8220;4.27.5&#8243; _module_preset=&#8220;default&#8220; global_colors_info=&#8220;{}&#8220;][\/et_pb_image][\/et_pb_column][et_pb_column type=&#8220;1_2&#8243; _builder_version=&#8220;4.22.1&#8243; _module_preset=&#8220;default&#8220; global_colors_info=&#8220;{}&#8220;][et_pb_image src=&#8220;https:\/\/rogitando.com\/wp-content\/uploads\/2026\/03\/rogitando-altastimalab-1.jpg&#8220; title_text=&#8220;rogitando-altastimalab-1&#8243; _builder_version=&#8220;4.27.5&#8243; _module_preset=&#8220;default&#8220; global_colors_info=&#8220;{}&#8220;][\/et_pb_image][\/et_pb_column][\/et_pb_row][et_pb_row _builder_version=&#8220;4.22.1&#8243; _module_preset=&#8220;default&#8220; max_width=&#8220;80%&#8220; locked=&#8220;off&#8220; global_colors_info=&#8220;{}&#8220;][et_pb_column type=&#8220;4_4&#8243; _builder_version=&#8220;4.21.0&#8243; _module_preset=&#8220;default&#8220; global_colors_info=&#8220;{}&#8220;][et_pb_text _builder_version=&#8220;4.22.1&#8243; _module_preset=&#8220;fb3bde8f-2dbb-4eed-ab26-b71612ec8618&#8243; global_colors_info=&#8220;{}&#8220;]<\/p>\n<p><strong><strong>DAS PROBLEM DES HEUTIGEN MARKTES<\/strong><\/strong><br \/>Die Suche nach <span style=\"font-size: 16px;\">einer Immobilie, <\/span><span style=\"font-size: 16px;\">die wirklich den eigenen <\/span><span style=\"font-size: 16px;\">Bed\u00fcrfnissen entspricht<\/span>, i<span style=\"font-size: 16px;\">st komplex geworden<\/span>. <span style=\"font-size: 16px;\">Neubauten sind teuer<\/span> und oft kauft man die \u201eKatze im Sack\u201c auf dem Papier.<\/p>\n<p>Bestandsimmobilien hingegen entsprechen oft nicht dem modernen Lebensstil oder funktionalen Erwartungen. <br \/>ALTASTIMA LAB schlie\u00dft diese L\u00fccke, indem es vorhandene Bausubstanz in konkrete, nachhaltige und personalisierbare Gelegenheiten transformiert.<\/p>\n<p><strong>DIE L\u00d6SUNG? DIE METHODE. <\/strong><strong><br \/><\/strong>Ein begleiteter Prozess, in dem Rogitando als strategischer Vermittler agiert zwischen:<\/p>\n<ul>\n<li>Der Immobilie<\/li>\n<li>Der Vision des Kunden<\/li>\n<li>Dem Endergebnis<\/li>\n<\/ul>\n<p>Sie kaufen kein Versprechen, sondern eine reale, selektierte Immobilie mit: <\/p>\n<ul>\n<li>Verbindlichen Zeitpl\u00e4nen<\/li>\n<li>Transparenten Kosten<\/li>\n<li>Einer klaren Wertsteigerungsstrategie<\/li>\n<\/ul>\n<p><strong>DIE SELEKTION: NUR IMMOBILIEN MIT HOHEM POTENZIAL <\/strong><strong><br \/><\/strong>Nur Objekte, die unsere strengen Kriterien erf\u00fcllen, werden Teil von ALTASTIMA LAB: <\/p>\n<ul>\n<li>Lage und Positionierung<\/li>\n<li>Realer Marktwert<\/li>\n<li>Strukturelle Qualit\u00e4t<\/li>\n<li>Veredelungspotenzial<\/li>\n<\/ul>\n<p>Hier nimmt das Projekt Gestalt an.<\/p>\n<p><strong>DAS PROJEKT: REGIE UND NETZWERK <\/strong><strong><br \/><\/strong>ALTASTIMA LAB f\u00fchrt die Arbeiten nicht selbst aus, sondern verbindet die Bed\u00fcrfnisse der Kunden mit den passenden Experten:<\/p>\n<ul>\n<li>Architektonische Analyse<\/li>\n<li>Machbarkeitsstudien<\/li>\n<li>Fl\u00e4chenoptimierung<\/li>\n<li>Interior Design<\/li>\n<li>Layoutdefinition<\/li>\n<li>Kosteneinsch\u00e4tzung<\/li>\n<li>Immersive Renderings<\/li>\n<\/ul>\n<p>Alles wird gemeinsam mit hochspezialisierten Fachleuten realisiert, die projektbezogen ausgew\u00e4hlt werden.<\/p>\n<p style=\"font-weight: 400;\">\n<p>[\/et_pb_text][\/et_pb_column][\/et_pb_row][et_pb_row column_structure=&#8220;1_2,1_2&#8243; _builder_version=&#8220;4.22.1&#8243; _module_preset=&#8220;default&#8220; locked=&#8220;off&#8220; global_colors_info=&#8220;{}&#8220;][et_pb_column type=&#8220;1_2&#8243; _builder_version=&#8220;4.22.1&#8243; _module_preset=&#8220;default&#8220; global_colors_info=&#8220;{}&#8220;][et_pb_image src=&#8220;https:\/\/rogitando.com\/wp-content\/uploads\/2026\/03\/rogitando-altastimalab-4.jpg&#8220; title_text=&#8220;rogitando-altastimalab-4&#8243; _builder_version=&#8220;4.27.5&#8243; _module_preset=&#8220;default&#8220; global_colors_info=&#8220;{}&#8220;][\/et_pb_image][\/et_pb_column][et_pb_column type=&#8220;1_2&#8243; _builder_version=&#8220;4.22.1&#8243; _module_preset=&#8220;default&#8220; global_colors_info=&#8220;{}&#8220;][et_pb_image src=&#8220;https:\/\/rogitando.com\/wp-content\/uploads\/2026\/03\/rogitando-altastimalab-3.jpg&#8220; title_text=&#8220;rogitando-altastimalab-3&#8243; _builder_version=&#8220;4.27.5&#8243; _module_preset=&#8220;default&#8220; global_colors_info=&#8220;{}&#8220;][\/et_pb_image][\/et_pb_column][\/et_pb_row][et_pb_row _builder_version=&#8220;4.22.1&#8243; _module_preset=&#8220;default&#8220; max_width=&#8220;80%&#8220; locked=&#8220;off&#8220; global_colors_info=&#8220;{}&#8220;][et_pb_column type=&#8220;4_4&#8243; _builder_version=&#8220;4.21.0&#8243; _module_preset=&#8220;default&#8220; global_colors_info=&#8220;{}&#8220;][et_pb_text _builder_version=&#8220;4.22.1&#8243; _module_preset=&#8220;fb3bde8f-2dbb-4eed-ab26-b71612ec8618&#8243; global_colors_info=&#8220;{}&#8220;]<\/p>\n<p><strong>SIE STEHEN IM MITTELPUNKT<\/strong><br \/>Bei ALTASTIMA LAB passen Sie sich nicht dem Haus an \u2013 das Haus nimmt Gestalt um Sie herum an. Sie w\u00e4hlen<\/p>\n<ul>\n<li>Raumaufteilung<\/li>\n<li>Materialien<\/li>\n<li>\u00c4sthetik<\/li>\n<li>Die Identit\u00e4t des Raumes<\/li>\n<\/ul>\n<p>Wir k\u00fcmmern uns<\/p>\n<ul>\n<li>um die Koordination<\/li>\n<li>die Auswahl der Fachkr\u00e4fte<\/li>\n<li>die Prozesskontrolle<\/li>\n<\/ul>\n<p><strong>DAS ERGEBNIS?<\/strong><strong><br \/><\/strong>Eine nach Ihren Vorstellungen transformierte Bestandsimmobilie mit wettbewerbsf\u00e4higeren Kosten als bei einem Neubau, Planungssicherheit und einem h\u00f6heren Endwert.<\/p>\n<p><strong><strong>EINE KLARE PHILOSOPHIE<\/strong><\/strong><br \/>ALTASTIMA LAB entstand aus einer klaren Vision: bestehende Immobilien zu sanieren und aufzuwerten.<br \/>Jedes Projekt:<\/p>\n<ul>\n<li>schont Ressourcen,<\/li>\n<li>verbessert die Umwelt,<\/li>\n<li>verbessert die Lebensqualit\u00e4t<\/li>\n<li>setzt nachhaltige L\u00f6sungen ein<\/li>\n<\/ul>\n<p><strong><strong>DAS ALTASTIMA LAB \u00d6KOSYSTEM<\/strong><\/strong><br \/>Wir stellen Ihnen ein selektiertes Netzwerk aus<\/p>\n<ul>\n<li>Architekten<\/li>\n<li>Technikern und Vermessern<\/li>\n<li>Innenarchitekten<\/li>\n<li>zertifizierten Bauunternehmen<\/li>\n<li>Bauleitern<\/li>\n<li>Energieberatern<\/li>\n<li>spezialisierten Anw\u00e4lten<\/li>\n<li>die perfekt auf Ihr Projekt abgestimmt werden<\/li>\n<\/ul>\n<p><strong>F\u00dcR VERK\u00c4UFER<\/strong><strong><br \/><\/strong>Wir repositionieren sanierungsbed\u00fcrftige Immobilien in Top-Lagen als exklusive Projektchancen f\u00fcr anspruchsvolle K\u00e4ufer. <\/p>\n<p><strong><strong>F\u00dcR K\u00c4UFER<\/strong><\/strong><br \/>ALTASTIMA LAB ist f\u00fcr all jene konzipiert, die sich Folgendes w\u00fcnschen:<\/p>\n<ul>\n<li>eine Immobilie erwerben;<\/li>\n<li>Passen Sie es Ihrem Lebensstil an;<\/li>\n<li>bestimmte Zeitrahmen und transparente Kosten haben;<\/li>\n<li>einen h\u00f6heren Endwert erzielen.<\/li>\n<\/ul>\n<p>F\u00fcr alle, die eine reale Immobilie suchen, die ohne Kompromisse zu ihrem Lebensstil passt.<\/p>\n<p><strong> <\/strong>ALTASTIMA LAB, der eigentliche Fehler besteht nicht darin, eine Immobilie zum Renovieren zu kaufen oder zu verkaufen, sondern darin, dies ohne Richtung, ohne Vision und ohne die richtigen Kontakte zu tun.<\/p>\n<p><strong>ALTASTIMA LAB by Rogitando. Das wahre Risiko ist nicht die Sanierung, sondern das Fehlen einer Methode. <\/strong><\/p>\n<p style=\"font-weight: 400;\">\n<p>[\/et_pb_text][\/et_pb_column][\/et_pb_row][et_pb_row column_structure=&#8220;1_2,1_2&#8243; _builder_version=&#8220;4.22.1&#8243; _module_preset=&#8220;default&#8220; locked=&#8220;off&#8220; global_colors_info=&#8220;{}&#8220;][et_pb_column type=&#8220;1_2&#8243; _builder_version=&#8220;4.22.1&#8243; _module_preset=&#8220;default&#8220; global_colors_info=&#8220;{}&#8220;][et_pb_image src=&#8220;https:\/\/rogitando.com\/wp-content\/uploads\/2026\/03\/rogitando-altastimalab-6.jpg&#8220; title_text=&#8220;rogitando-altastimalab-6&#8243; _builder_version=&#8220;4.27.5&#8243; _module_preset=&#8220;default&#8220; global_colors_info=&#8220;{}&#8220;][\/et_pb_image][\/et_pb_column][et_pb_column type=&#8220;1_2&#8243; _builder_version=&#8220;4.22.1&#8243; _module_preset=&#8220;default&#8220; global_colors_info=&#8220;{}&#8220;][et_pb_image src=&#8220;https:\/\/rogitando.com\/wp-content\/uploads\/2026\/03\/rogitando-altastimalab-5.jpg&#8220; title_text=&#8220;rogitando-altastimalab-5&#8243; _builder_version=&#8220;4.27.5&#8243; _module_preset=&#8220;default&#8220; global_colors_info=&#8220;{}&#8220;][\/et_pb_image][\/et_pb_column][\/et_pb_row][\/et_pb_section]<\/p>\n","protected":false},"excerpt":{"rendered":"<p>Die Immobilien-Evolution: ALTASTIMA LAB von RogitandoEs ist l\u00e4ngst kein Geheimnis mehr, dass der traditionelle Immobilienmarkt an seine Grenzen st\u00f6\u00dft. Verk\u00e4ufer werden oft durch oberfl\u00e4chliche Bewertungen benachteiligt und f\u00fchlen sich unzureichend betreut. K\u00e4ufer wiederum stehen vor dem Dilemma: Neubau \u201evom Plan\u201c oder Gebrauchtimmobilie \u201egekauft wie gesehen\u201c? Und Investoren folgen dem klassischen Schema: Kaufen, Sanieren, Verkaufen. Doch [&hellip;]<\/p>\n","protected":false},"author":2,"featured_media":0,"parent":0,"menu_order":0,"comment_status":"closed","ping_status":"closed","template":"","meta":{"_et_pb_use_builder":"on","_et_pb_old_content":"","_et_gb_content_width":"","footnotes":""},"class_list":["post-1797","page","type-page","status-publish","hentry"],"_links":{"self":[{"href":"https:\/\/rogitando.com\/de\/wp-json\/wp\/v2\/pages\/1797","targetHints":{"allow":["GET"]}}],"collection":[{"href":"https:\/\/rogitando.com\/de\/wp-json\/wp\/v2\/pages"}],"about":[{"href":"https:\/\/rogitando.com\/de\/wp-json\/wp\/v2\/types\/page"}],"author":[{"embeddable":true,"href":"https:\/\/rogitando.com\/de\/wp-json\/wp\/v2\/users\/2"}],"replies":[{"embeddable":true,"href":"https:\/\/rogitando.com\/de\/wp-json\/wp\/v2\/comments?post=1797"}],"version-history":[{"count":2,"href":"https:\/\/rogitando.com\/de\/wp-json\/wp\/v2\/pages\/1797\/revisions"}],"predecessor-version":[{"id":1799,"href":"https:\/\/rogitando.com\/de\/wp-json\/wp\/v2\/pages\/1797\/revisions\/1799"}],"wp:attachment":[{"href":"https:\/\/rogitando.com\/de\/wp-json\/wp\/v2\/media?parent=1797"}],"curies":[{"name":"wp","href":"https:\/\/api.w.org\/{rel}","templated":true}]}}