{"id":1359,"date":"2024-02-19T23:07:32","date_gmt":"2024-02-19T23:07:32","guid":{"rendered":"https:\/\/rogitando.com\/breaking-news\/"},"modified":"2025-06-13T08:42:00","modified_gmt":"2025-06-13T08:42:00","slug":"breaking-news","status":"publish","type":"page","link":"https:\/\/rogitando.com\/de\/breaking-news\/","title":{"rendered":"Breaking News"},"content":{"rendered":"<p>[et_pb_section fb_built=&#8220;1&#8243; _builder_version=&#8220;4.22.1&#8243; _module_preset=&#8220;default&#8220; global_colors_info=&#8220;{}&#8220;][et_pb_row column_structure=&#8220;1_2,1_2&#8243; _builder_version=&#8220;4.22.1&#8243; _module_preset=&#8220;default&#8220; global_colors_info=&#8220;{}&#8220;][et_pb_column type=&#8220;1_2&#8243; _builder_version=&#8220;4.22.1&#8243; _module_preset=&#8220;default&#8220; global_colors_info=&#8220;{}&#8220;][et_pb_image src=&#8220;https:\/\/rogitando.com\/wp-content\/uploads\/2024\/02\/tasse-stipendio-detassazione.jpg&#8220; title_text=&#8220;Steuer-Lohnsteuererleichterungen&#8220; align=&#8220;center&#8220; disabled_on=&#8220;off|off|off&#8220; _builder_version=&#8220;4.27.4&#8243; _module_preset=&#8220;default&#8220; width=&#8220;52%&#8220; global_colors_info=&#8220;{}&#8220;][\/et_pb_image][et_pb_text disabled_on=&#8220;off|off|off&#8220; _builder_version=&#8220;4.27.4&#8243; _dynamic_attributes=&#8220;link_option_url&#8220; _module_preset=&#8220;default&#8220; link_option_url=&#8220;@ET-DC@eyJkeW5hbWljIjp0cnVlLCJjb250ZW50IjoicG9zdF9saW5rX3VybF9wYWdlIiwic2V0dGluZ3MiOnsicG9zdF9pZCI6IjM0NCIsImVuYWJsZV9odG1sIjoib2ZmIn19@&#8220; hover_enabled=&#8220;0&#8243; global_colors_info=&#8220;{}&#8220; sticky_enabled=&#8220;0&#8243;]<\/p>\n<p style=\"font-weight: 400;\"><strong>Leitfaden zum Hauskauf: Steuern und Steuererleichterungen<\/strong><\/p>\n<p style=\"font-weight: 400;\">In Italien ist der Kauf eines Eigenheims noch immer eine der wichtigsten Anlageformen. <span style=\"font-size: 14px;\">Mit dieser Ver\u00f6ffentlichung m\u00f6chte die Steuerbeh\u00f6rde einen \u00dcberblick \u00fcber die wichtigsten Regeln geben, die beim Kauf eines Hauses zu beachten sind, damit Sie alle gesetzlichen Vorteile (Steuererm\u00e4\u00dfigung, Einschr\u00e4nkung der Befugnis zur Wertermittlung usw.) nutzen und einem so wichtigen Moment gelassen entgegensehen k\u00f6nnen.<\/span><\/p>\n<p style=\"font-weight: 400;\">MEHR LESEN&#8230;<\/p>\n<p>[\/et_pb_text][\/et_pb_column][et_pb_column type=&#8220;1_2&#8243; _builder_version=&#8220;4.22.1&#8243; _module_preset=&#8220;default&#8220; global_colors_info=&#8220;{}&#8220;][et_pb_image src=&#8220;https:\/\/rogitando.com\/wp-content\/uploads\/2024\/04\/rogitando-direttiva_UE-case-green.png&#8220; title_text=&#8220;rogitando-EU-Treibhausgasrichtlinie&#8220; align=&#8220;center&#8220; _builder_version=&#8220;4.22.1&#8243; _module_preset=&#8220;default&#8220; width=&#8220;52%&#8220; global_colors_info=&#8220;{}&#8220;][\/et_pb_image][et_pb_text _builder_version=&#8220;4.22.1&#8243; _dynamic_attributes=&#8220;link_option_url&#8220; _module_preset=&#8220;default&#8220; custom_padding=&#8220;0px|||||&#8220; link_option_url=&#8220;@ET-DC@eyJkeW5hbWljIjp0cnVlLCJjb250ZW50IjoicG9zdF9saW5rX3VybF9wYWdlIiwic2V0dGluZ3MiOnsicG9zdF9pZCI6IjU0NiIsImVuYWJsZV9odG1sIjoib2ZmIn19@&#8220; global_colors_info=&#8220;{}&#8220;]<\/p>\n<p style=\"font-weight: 400;\"><strong>EU-Richtlinie f\u00fcr umweltfreundliche Eigenheime \u2013 M\u00e4rz 2024<\/strong><\/p>\n<p style=\"font-weight: 400;\">Dieses neue Gesetz wurde vom Europ\u00e4ischen Parlament gebilligt und wird nach der erwarteten formellen Zustimmung des EU-Rats (voraussichtlich am 12. April) innerhalb des zwanzigsten Tages nach seiner Eintragung im Amtsblatt in Kraft treten.<\/p>\n<p>Der neue Text beh\u00e4lt die im Trilog erzielten Ergebnisse bei und l\u00e4sst den Mitgliedstaaten mehr Spielraum, einen Weg der Erneuerung zu skizzieren.<br \/>WEITERLESEN&#8230;<\/p>\n<p>[\/et_pb_text][\/et_pb_column][\/et_pb_row][et_pb_row column_structure=&#8220;1_2,1_2&#8243; _builder_version=&#8220;4.22.1&#8243; _module_preset=&#8220;default&#8220; global_colors_info=&#8220;{}&#8220;][et_pb_column type=&#8220;1_2&#8243; _builder_version=&#8220;4.22.1&#8243; _module_preset=&#8220;default&#8220; global_colors_info=&#8220;{}&#8220;][et_pb_image src=&#8220;https:\/\/rogitando.com\/wp-content\/uploads\/2024\/02\/casa-green-europa-cos-e_3244461.jpg&#8220; title_text=&#8220;Greenhouse-Europe-Was-ist_3244461&#8243; align=&#8220;center&#8220; _builder_version=&#8220;4.22.1&#8243; _module_preset=&#8220;default&#8220; width=&#8220;52%&#8220; global_colors_info=&#8220;{}&#8220;][\/et_pb_image][et_pb_text _builder_version=&#8220;4.22.1&#8243; _dynamic_attributes=&#8220;link_option_url&#8220; _module_preset=&#8220;default&#8220; link_option_url=&#8220;@ET-DC@eyJkeW5hbWljIjp0cnVlLCJjb250ZW50IjoicG9zdF9saW5rX3VybF9wYWdlIiwic2V0dGluZ3MiOnsicG9zdF9pZCI6IjMzOCIsImVuYWJsZV9odG1sIjoib2ZmIn19@&#8220; global_colors_info=&#8220;{}&#8220;]<\/p>\n<p style=\"font-weight: 400;\"><strong>Neue europ\u00e4ische Treibhausgasrichtlinie: Was sie f\u00fcr Italien bedeutet<\/strong><\/p>\n<p style=\"font-weight: 400;\">Am 14. M\u00e4rz verabschiedete das Europ\u00e4ische Parlament den Text, der die Renovierung europ\u00e4ischer Geb\u00e4ude mit dem Ziel vorsieht, diese umweltfreundlicher zu gestalten. Am 7. Dezember wurde eine vorl\u00e4ufige Einigung mit einigen \u00c4nderungen der Verhandlungen erzielt, \u00fcber deren Text in den ersten Monaten des Jahres 2024 abgestimmt werden soll.<br \/>WEITERLESEN&#8230; <\/p>\n<p>[\/et_pb_text][\/et_pb_column][et_pb_column type=&#8220;1_2&#8243; _builder_version=&#8220;4.22.1&#8243; _module_preset=&#8220;default&#8220; global_colors_info=&#8220;{}&#8220;][et_pb_image src=&#8220;https:\/\/rogitando.com\/wp-content\/uploads\/2024\/02\/tasse-stipendio-detassazione.jpg&#8220; title_text=&#8220;Steuer-Lohnsteuererleichterungen&#8220; align=&#8220;center&#8220; disabled_on=&#8220;on|on|on&#8220; _builder_version=&#8220;4.27.4&#8243; _module_preset=&#8220;default&#8220; width=&#8220;52%&#8220; disabled=&#8220;on&#8220; global_colors_info=&#8220;{}&#8220;][\/et_pb_image][et_pb_text _builder_version=&#8220;4.27.4&#8243; _dynamic_attributes=&#8220;link_option_url&#8220; _module_preset=&#8220;default&#8220; link_option_url=&#8220;@ET-DC@eyJkeW5hbWljIjp0cnVlLCJjb250ZW50IjoicG9zdF9saW5rX3VybF9wYWdlIiwic2V0dGluZ3MiOnsicG9zdF9pZCI6IjM0NCIsImVuYWJsZV9odG1sIjoib2ZmIn19@&#8220; hover_enabled=&#8220;0&#8243; global_colors_info=&#8220;{}&#8220; disabled_on=&#8220;on|on|on&#8220; disabled=&#8220;on&#8220; sticky_enabled=&#8220;0&#8243;]<\/p>\n<p style=\"font-weight: 400;\"><strong>Leitfaden zum Hauskauf: Steuern und Steuererleichterungen<\/strong><\/p>\n<p style=\"font-weight: 400;\">In Italien ist der Kauf eines Eigenheims noch immer eine der wichtigsten Anlageformen. <span style=\"font-size: 14px;\">Mit dieser Ver\u00f6ffentlichung m\u00f6chte die Steuerbeh\u00f6rde einen \u00dcberblick \u00fcber die wichtigsten Regeln geben, die beim Kauf eines Hauses zu beachten sind, damit Sie alle gesetzlichen Vorteile (Steuererm\u00e4\u00dfigung, Einschr\u00e4nkung der Befugnis zur Wertermittlung usw.) nutzen und einem so wichtigen Moment gelassen entgegensehen k\u00f6nnen.<\/span><\/p>\n<p style=\"font-weight: 400;\">MEHR LESEN&#8230;<\/p>\n<p>[\/et_pb_text][\/et_pb_column][\/et_pb_row][\/et_pb_section]<\/p>\n","protected":false},"excerpt":{"rendered":"<p>Leitfaden zum Hauskauf: Steuern und Steuererleichterungen In Italien ist der Kauf eines Eigenheims noch immer eine der wichtigsten Anlageformen. Mit dieser Ver\u00f6ffentlichung m\u00f6chte die Steuerbeh\u00f6rde einen \u00dcberblick \u00fcber die wichtigsten Regeln geben, die beim Kauf eines Hauses zu beachten sind, damit Sie alle gesetzlichen Vorteile (Steuererm\u00e4\u00dfigung, Einschr\u00e4nkung der Befugnis zur Wertermittlung usw.) nutzen und einem [&hellip;]<\/p>\n","protected":false},"author":1,"featured_media":0,"parent":0,"menu_order":0,"comment_status":"closed","ping_status":"closed","template":"","meta":{"_et_pb_use_builder":"on","_et_pb_old_content":"","_et_gb_content_width":"","footnotes":""},"class_list":["post-1359","page","type-page","status-publish","hentry"],"_links":{"self":[{"href":"https:\/\/rogitando.com\/de\/wp-json\/wp\/v2\/pages\/1359","targetHints":{"allow":["GET"]}}],"collection":[{"href":"https:\/\/rogitando.com\/de\/wp-json\/wp\/v2\/pages"}],"about":[{"href":"https:\/\/rogitando.com\/de\/wp-json\/wp\/v2\/types\/page"}],"author":[{"embeddable":true,"href":"https:\/\/rogitando.com\/de\/wp-json\/wp\/v2\/users\/1"}],"replies":[{"embeddable":true,"href":"https:\/\/rogitando.com\/de\/wp-json\/wp\/v2\/comments?post=1359"}],"version-history":[{"count":5,"href":"https:\/\/rogitando.com\/de\/wp-json\/wp\/v2\/pages\/1359\/revisions"}],"predecessor-version":[{"id":1364,"href":"https:\/\/rogitando.com\/de\/wp-json\/wp\/v2\/pages\/1359\/revisions\/1364"}],"wp:attachment":[{"href":"https:\/\/rogitando.com\/de\/wp-json\/wp\/v2\/media?parent=1359"}],"curies":[{"name":"wp","href":"https:\/\/api.w.org\/{rel}","templated":true}]}}