{"id":1347,"date":"2024-01-26T02:03:06","date_gmt":"2024-01-26T02:03:06","guid":{"rendered":"https:\/\/rogitando.com\/rogitando-plus\/"},"modified":"2025-06-13T08:10:38","modified_gmt":"2025-06-13T08:10:38","slug":"rogitando-plus","status":"publish","type":"page","link":"https:\/\/rogitando.com\/de\/rogitando-plus\/","title":{"rendered":"Rogitando plus"},"content":{"rendered":"<p>[et_pb_section fb_built=&#8220;1&#8243; admin_label=&#8220;Header&#8220; _builder_version=&#8220;4.22.1&#8243; _module_preset=&#8220;default&#8220; background_color=&#8220;#005B80&#8243; collapsed=&#8220;on&#8220; global_colors_info=&#8220;{}&#8220;][et_pb_row column_structure=&#8220;1_2,1_2&#8243; make_equal=&#8220;on&#8220; _builder_version=&#8220;4.22.1&#8243; _module_preset=&#8220;default&#8220; width=&#8220;94%&#8220; width_tablet=&#8220;80%&#8220; width_phone=&#8220;80%&#8220; width_last_edited=&#8220;on|desktop&#8220; max_width=&#8220;2000px&#8220; custom_padding=&#8220;0px||0px||true|false&#8220; global_colors_info=&#8220;{}&#8220;][et_pb_column type=&#8220;1_2&#8243; _builder_version=&#8220;4.22.0&#8243; _module_preset=&#8220;default&#8220; custom_padding=&#8220;46vh||||false|false&#8220; custom_padding_tablet=&#8220;0vw||||false|false&#8220; custom_padding_phone=&#8220;0vw||||false|false&#8220; custom_padding_last_edited=&#8220;on|desktop&#8220; global_colors_info=&#8220;{}&#8220;][et_pb_text _builder_version=&#8220;4.22.1&#8243; _module_preset=&#8220;05cc8fbc-0f32-4f33-ab1a-3f8fc6f57574&#8243; header_text_color=&#8220;#FFFFFF&#8220; header_font_size=&#8220;44px&#8220; max_width=&#8220;800px&#8220; global_colors_info=&#8220;{}&#8220;]<\/p>\n<h1><strong>Ein engagierter Profi<br \/>f\u00fcr alle Ihre Bed\u00fcrfnisse.<\/strong><\/h1>\n<p>[\/et_pb_text][\/et_pb_column][et_pb_column type=&#8220;1_2&#8243; _builder_version=&#8220;4.22.1&#8243; _module_preset=&#8220;default&#8220; background_image=&#8220;https:\/\/rogitando.com\/wp-content\/uploads\/2024\/03\/un-professionista-dedicato-per-ogni-esigenza.jpg&#8220; border_radii=&#8220;on|10px|10px|10px|10px&#8220; global_colors_info=&#8220;{}&#8220;][et_pb_divider show_divider=&#8220;off&#8220; _builder_version=&#8220;4.21.0&#8243; _module_preset=&#8220;default&#8220; height_tablet=&#8220;40vw&#8220; height_phone=&#8220;40vw&#8220; height_last_edited=&#8220;on|desktop&#8220; global_colors_info=&#8220;{}&#8220;][\/et_pb_divider][\/et_pb_column][\/et_pb_row][\/et_pb_section][et_pb_section fb_built=&#8220;1&#8243; admin_label=&#8220;Services&#8220; _builder_version=&#8220;4.21.0&#8243; _module_preset=&#8220;default&#8220; collapsed=&#8220;on&#8220; global_colors_info=&#8220;{}&#8220;][et_pb_row _builder_version=&#8220;4.22.1&#8243; _module_preset=&#8220;default&#8220; max_width=&#8220;80%&#8220; global_colors_info=&#8220;{}&#8220;][et_pb_column type=&#8220;4_4&#8243; _builder_version=&#8220;4.21.0&#8243; _module_preset=&#8220;default&#8220; global_colors_info=&#8220;{}&#8220;][et_pb_text _builder_version=&#8220;4.22.1&#8243; _module_preset=&#8220;fb3bde8f-2dbb-4eed-ab26-b71612ec8618&#8243; header_5_font=&#8220;Prata||||||||&#8220; header_5_text_color=&#8220;#000000&#8243; global_colors_info=&#8220;{}&#8220;]<\/p>\n<p style=\"font-weight: 400;\">Dies ist nur einer der vielen Services, die wir dir auf Anfrage anbieten k\u00f6nnen.<br \/><span style=\"font-size: large;\"><strong>Die fabelhaften 5<\/strong><\/span><strong>!<\/strong> <br \/>So viele wie die Fachleute, mit denen wir dich verbinden k\u00f6nnen und die du f\u00fcr ein einziges Ziel konsultieren kannst: Fachkenntnisse und Schutz.<br \/><em>Notarielle Beratung:<\/em> Hypothekenpr\u00fcfungen, Immobilien\u00fcbertragungen, Kaufvertr\u00e4ge.<\/p>\n<p style=\"font-weight: 400;\"><em>Rechtsberatung:<\/em> Testamente, Erbschaften, Nachlass.<\/p>\n<p style=\"font-weight: 400;\"><em>Kreditberatung:<\/em> Wirtschaftliche und finanzielle Bewertung des Kredits.<\/p>\n<p style=\"font-weight: 400;\"><em>Technische Beratung: <\/em>Dienstleistungen und Verwaltung von stadtplanerischen und katastertechnischen Angelegenheiten.<\/p>\n<p style=\"font-weight: 400;\"><em>Projektberatung: <\/em>Architekten und Innenarchitekten, die dir bei der Optimierung der R\u00e4ume und Innenr\u00e4ume helfen.<strong><\/strong><\/p>\n<h5 style=\"font-weight: 400;\"><span style=\"color: #303030; font-size: x-large;\"><strong><br \/><span style=\"color: #595959;\">ROGITANDO PLUS, EINE WELT VON PRIVILEGIEN.<\/span><\/strong><\/span><\/h5>\n<p>&nbsp;<\/p>\n<p style=\"font-weight: 400;\"><span style=\"font-size: large;\"><strong>Market Value, Privilegien enden nie.<br \/><\/strong><\/span>Hier sind weitere fortschrittliche L\u00f6sungen, die dir helfen werden, die richtigen Entscheidungen zu treffen.<\/p>\n<p style=\"font-weight: 400;\"><span style=\"font-size: large;\"><strong>Ready &amp; Go<\/strong><\/span><br \/><em>F\u00fcr Verk\u00e4ufer:<\/em> Darstellung und \u00dcbersicht der detaillierten Daten, die dazu gedacht sind, die Eigenschaften der Immobilie hervorzuheben und deren richtigen Marktwert zu ermitteln.<br \/><em>F\u00fcr K\u00e4ufer:<\/em> Unterst\u00fctzung beim Kauf mit Bewusstsein und Transparenz.<\/p>\n<p style=\"font-weight: 400;\"><span style=\"font-size: large;\"><strong>Tailor made<\/strong><\/span><br \/>Die ma\u00dfgeschneiderte Immobilienberatung, die dir Rogitando Plus zur Verf\u00fcgung stellt: eine Person, die sich um dich, deine Immobilie und deine Bed\u00fcrfnisse k\u00fcmmert.<br \/>Wir sind Sch\u00f6pfer von Produktivit\u00e4t und in der Lage, alle grundlegenden Parameter in den Analyse- und Bewertungsprozess einzubeziehen, um die Immobilie aufzuwerten: demografische Daten der Gegend, Risikofaktoren, Hauptsehensw\u00fcrdigkeiten, Energiequalit\u00e4t, Kauf und Verkauf \u00e4hnlicher Immobilien sowie eine Preissynthese.<\/p>\n<p style=\"font-weight: 400;\"><span style=\"font-size: large;\"><strong>Well Done<br \/><\/strong><\/span>Und falls das noch nicht genug ist, ein Netzwerk von Fachleuten vor Ort, die bereit sind, sich f\u00fcr deine Bed\u00fcrfnisse einzusetzen. Der Kunde steht im Mittelpunkt unseres gesamten Handelns.<\/p>\n<p>[\/et_pb_text][\/et_pb_column][\/et_pb_row][et_pb_row _builder_version=&#8220;4.22.1&#8243; _module_preset=&#8220;default&#8220; max_width=&#8220;80%&#8220; global_colors_info=&#8220;{}&#8220;][et_pb_column type=&#8220;4_4&#8243; _builder_version=&#8220;4.22.1&#8243; _module_preset=&#8220;default&#8220; global_colors_info=&#8220;{}&#8220;][et_pb_image src=&#8220;https:\/\/rogitando.com\/wp-content\/uploads\/2024\/03\/WhatsApp-Image-2024-03-11-at-09.35.06.jpeg&#8220; title_text=&#8220;WhatsApp Image 2024-03-11 at 09.35.06&#8243; _builder_version=&#8220;4.22.1&#8243; _module_preset=&#8220;default&#8220; width=&#8220;55%&#8220; global_colors_info=&#8220;{}&#8220;][\/et_pb_image][\/et_pb_column][\/et_pb_row][\/et_pb_section]<\/p>\n","protected":false},"excerpt":{"rendered":"<p>Ein engagierter Profif\u00fcr alle Ihre Bed\u00fcrfnisse.Dies ist nur einer der vielen Services, die wir dir auf Anfrage anbieten k\u00f6nnen.Die fabelhaften 5! So viele wie die Fachleute, mit denen wir dich verbinden k\u00f6nnen und die du f\u00fcr ein einziges Ziel konsultieren kannst: Fachkenntnisse und Schutz.Notarielle Beratung: Hypothekenpr\u00fcfungen, Immobilien\u00fcbertragungen, Kaufvertr\u00e4ge. Rechtsberatung: Testamente, Erbschaften, Nachlass. Kreditberatung: Wirtschaftliche und [&hellip;]<\/p>\n","protected":false},"author":1,"featured_media":0,"parent":0,"menu_order":0,"comment_status":"closed","ping_status":"closed","template":"","meta":{"_et_pb_use_builder":"on","_et_pb_old_content":"","_et_gb_content_width":"","footnotes":""},"class_list":["post-1347","page","type-page","status-publish","hentry"],"_links":{"self":[{"href":"https:\/\/rogitando.com\/de\/wp-json\/wp\/v2\/pages\/1347","targetHints":{"allow":["GET"]}}],"collection":[{"href":"https:\/\/rogitando.com\/de\/wp-json\/wp\/v2\/pages"}],"about":[{"href":"https:\/\/rogitando.com\/de\/wp-json\/wp\/v2\/types\/page"}],"author":[{"embeddable":true,"href":"https:\/\/rogitando.com\/de\/wp-json\/wp\/v2\/users\/1"}],"replies":[{"embeddable":true,"href":"https:\/\/rogitando.com\/de\/wp-json\/wp\/v2\/comments?post=1347"}],"version-history":[{"count":2,"href":"https:\/\/rogitando.com\/de\/wp-json\/wp\/v2\/pages\/1347\/revisions"}],"predecessor-version":[{"id":1349,"href":"https:\/\/rogitando.com\/de\/wp-json\/wp\/v2\/pages\/1347\/revisions\/1349"}],"wp:attachment":[{"href":"https:\/\/rogitando.com\/de\/wp-json\/wp\/v2\/media?parent=1347"}],"curies":[{"name":"wp","href":"https:\/\/api.w.org\/{rel}","templated":true}]}}