{"id":1299,"date":"2024-05-30T10:01:28","date_gmt":"2024-05-30T10:01:28","guid":{"rendered":"https:\/\/rogitando.com\/immobilieninvestitionen\/"},"modified":"2025-05-23T15:07:15","modified_gmt":"2025-05-23T15:07:15","slug":"immobilieninvestitionen","status":"publish","type":"page","link":"https:\/\/rogitando.com\/de\/immobilieninvestitionen\/","title":{"rendered":"Immobilieninvestitionen"},"content":{"rendered":"<p>[et_pb_section fb_built=&#8220;1&#8243; admin_label=&#8220;Header&#8220; _builder_version=&#8220;4.22.1&#8243; _module_preset=&#8220;default&#8220; background_color=&#8220;#005B80&#8243; locked=&#8220;off&#8220; collapsed=&#8220;on&#8220; global_colors_info=&#8220;{}&#8220;][et_pb_row column_structure=&#8220;1_2,1_2&#8243; make_equal=&#8220;on&#8220; _builder_version=&#8220;4.22.1&#8243; _module_preset=&#8220;default&#8220; width=&#8220;94%&#8220; width_tablet=&#8220;80%&#8220; width_phone=&#8220;80%&#8220; width_last_edited=&#8220;on|desktop&#8220; max_width=&#8220;2000px&#8220; custom_padding=&#8220;0px||0px||true|false&#8220; global_colors_info=&#8220;{}&#8220;][et_pb_column type=&#8220;1_2&#8243; _builder_version=&#8220;4.22.0&#8243; _module_preset=&#8220;default&#8220; custom_padding=&#8220;46vh||||false|false&#8220; custom_padding_tablet=&#8220;0vw||||false|false&#8220; custom_padding_phone=&#8220;0vw||||false|false&#8220; custom_padding_last_edited=&#8220;on|desktop&#8220; global_colors_info=&#8220;{}&#8220;][et_pb_text _builder_version=&#8220;4.22.1&#8243; _module_preset=&#8220;05cc8fbc-0f32-4f33-ab1a-3f8fc6f57574&#8243; header_text_color=&#8220;#FFFFFF&#8220; header_font_size=&#8220;44px&#8220; max_width=&#8220;800px&#8220; global_colors_info=&#8220;{}&#8220;]<\/p>\n<h1><strong>\u201eOft h\u00e4ngen die Ergebnisse unserer Investitionen nicht davon ab<br \/>\nvon den unerwarteten Ereignissen des Marktes,<br \/>\nsondern durch die Entscheidungen, die wir treffen.\u201c<\/strong><\/h1>\n<p>[\/et_pb_text][\/et_pb_column][et_pb_column type=&#8220;1_2&#8243; _builder_version=&#8220;4.22.1&#8243; _module_preset=&#8220;default&#8220; background_image=&#8220;https:\/\/rogitando.com\/wp-content\/uploads\/2024\/05\/investim_immob_2.jpg&#8220; border_radii=&#8220;on|10px|10px|10px|10px&#8220; global_colors_info=&#8220;{}&#8220;][et_pb_divider show_divider=&#8220;off&#8220; _builder_version=&#8220;4.21.0&#8243; _module_preset=&#8220;default&#8220; height_tablet=&#8220;40vw&#8220; height_phone=&#8220;40vw&#8220; height_last_edited=&#8220;on|desktop&#8220; global_colors_info=&#8220;{}&#8220;][\/et_pb_divider][\/et_pb_column][\/et_pb_row][\/et_pb_section][et_pb_section fb_built=&#8220;1&#8243; admin_label=&#8220;Services&#8220; _builder_version=&#8220;4.21.0&#8243; _module_preset=&#8220;default&#8220; locked=&#8220;off&#8220; collapsed=&#8220;on&#8220; global_colors_info=&#8220;{}&#8220;][et_pb_row _builder_version=&#8220;4.22.1&#8243; _module_preset=&#8220;default&#8220; max_width=&#8220;80%&#8220; hover_enabled=&#8220;0&#8243; global_colors_info=&#8220;{}&#8220; sticky_enabled=&#8220;0&#8243;][et_pb_column type=&#8220;4_4&#8243; _builder_version=&#8220;4.21.0&#8243; _module_preset=&#8220;default&#8220; global_colors_info=&#8220;{}&#8220;][et_pb_text _builder_version=&#8220;4.22.1&#8243; _module_preset=&#8220;fb3bde8f-2dbb-4eed-ab26-b71612ec8618&#8243; header_5_font=&#8220;Prata||||||||&#8220; header_5_text_color=&#8220;#000000&#8243; global_colors_info=&#8220;{}&#8220;]<\/p>\n<p style=\"font-weight: 400;\"><strong>Immobilieninvestition<\/strong><br \/>Wir befinden uns in einem herausfordernden makro\u00f6konomischen Umfeld, das Flexibilit\u00e4t, Geduld und eine mittel- bis langfristige Perspektive erfordert, und das vor allem im Bereich der mit Immobilien verbundenen Schulden viele Chancen bietet.<\/p>\n<p style=\"font-weight: 400;\">Der Immobilienmarkt ist ein Markt, auf dem man ausgezeichnete Gesch\u00e4fte machen kann, vor allem wenn man \u00fcber Kapital verf\u00fcgt und einen Partner an seiner Seite hat, der in der Lage ist, mit einer spezialisierten Denkweise zu arbeiten.<\/p>\n<p style=\"font-weight: 400;\">Die Immobilie wird in diesem Fall zu einer Investition, also zu einem Asset;<br \/>daher muss sie auch mit finanziellen Parametern angegangen werden.<\/p>\n<p style=\"font-weight: 400;\">Immobilien sind wie jedes andere Asset.<\/p>\n<p><strong>Immobilien-Asset<\/strong><br \/>Es handelt sich um ein Finanzinstrument, das besessen oder gehandelt werden kann, um Gewinn zu erzielen.<\/p>\n<p style=\"font-weight: 400;\">Bewertung und Diversifikation;<br \/>Steuern und Besteuerung;<br \/>Rendite und Liquidit\u00e4t des Kapitals;<br \/>Realiserungszeiten;<br \/>Vermittlungskosten.<\/p>\n<p><strong>Risikomanagement<\/strong><br \/>Das Risikomanagement ist ein Schl\u00fcsselfaktor, den wir in den Fokus unserer Dienstleistungen f\u00fcr unsere Kunden gestellt haben.<br \/>Von der Analyse der &#8222;Due Diligence&#8220;, mit einer gr\u00fcndlichen Untersuchung und Bewertung der Immobilie und des relevanten Marktes, \u00fcber die Bewertung des baulichen Zustands des Geb\u00e4udes, des Marktentwicklungs-Trends bis hin zur Beurteilung potenzieller urbanistischer oder rechtlicher\/gesetzlicher Probleme.<\/p>\n<p style=\"font-weight: 400;\">Eine weitere Risikomanagement-Strategie, die wir gemeinsam mit unserem Kunden bewerten, ist die Diversifikation. Dabei bewerten wir innerhalb des Marktwerts verschiedene Immobilientypen in unterschiedlichen geografischen Bereichen.<\/p>\n<p style=\"font-weight: 400;\">Es ist auch ratsam, in einem Finanzplan f\u00fcr komplexe Projekte eine Versicherung gegen die wichtigsten Risiken einzuplanen, einschlie\u00dflich Sch\u00e4den an der Immobilie, Haftpflicht und Mietausfall.<\/p>\n<p>F\u00fcr jedes Fachgebiet und jede einzelne Kompetenz stellen wir die Unterst\u00fctzung und Beratung unserer Experten zur Verf\u00fcgung.<\/p>\n<p style=\"font-weight: 400;\"> <strong>Kaufe Immobilien und werde reich? ACHTUNG vor den falschen Mythen. <br \/><\/strong>Wenn du neu im Immobilieninvestment bist, hast du vielleicht schon einmal gedacht, dass es an der Zeit ist, eine &#8222;Menge&#8220; Geld zu verdienen.<\/p>\n<p style=\"font-weight: 400;\">Nun, das ist nicht so!<br \/>Zumindest nicht so einfach, wie es scheint, und niemand von denen, die angeblich durch Immobilien reich geworden sind, wird dir jemals von seinen Misserfolgen erz\u00e4hlen.<\/p>\n<p style=\"font-weight: 400;\">Wenn du richtig investierst, k\u00f6nnen wir dir interessante Gewinne garantieren, die wir reinvestieren und in weitere Immobilieninvestitionen aufteilen, immer mit maximaler Aufmerksamkeit, Seriosit\u00e4t, Voranalyse und kontinuierlicher \u00dcberwachung der Transaktion.<\/p>\n<p>Auf diese Weise wirst du wichtige Gewinne erzielen, mit denen du weiterhin die Chancen nutzen kannst, die wir dir von Fall zu Fall vorstellen werden.<\/p>\n<p style=\"font-weight: 400;\">Dein Ziel, also auch unser Ziel, ist es, ein garantiertes wirtschaftliches Ergebnis zu erzielen.<\/p>\n<p><strong>Hauptschritte f\u00fcr eine erfolgreiche Investition.<\/strong><br \/>9 Schritte, mit denen wir dich begleiten werden:<\/p>\n<ol>\n<li>Definition des Ziels;<\/li>\n<li>Bewertung der Immobilie;<\/li>\n<li>Finanzielle Bewertung der Immobilie;<\/li>\n<li>Urbanistische Due Diligence;<\/li>\n<li>Rechtliche Due Diligence;<\/li>\n<li>Operative Due Diligence zur Bewertung der Immobilie, Planung der Investitionsmarge und Vorschlag des Kaufpreises;<\/li>\n<li>Gewinn- und Verlustrechnung;<\/li>\n<li>Planung des unwiderruflichen Kaufangebots mit allen erforderlichen Inhalten, Regeln, bilateralen Vereinbarungen und vereinbarten Zielen, die unterzeichnet werden m\u00fcssen;<\/li>\n<li>Notarieller Vertrag.<\/li>\n<\/ol>\n<p style=\"font-weight: 400;\"><em><u>Weitere Informationen:<\/u><\/em><\/p>\n<p style=\"font-weight: 400;\"><strong>Der Ursprungsakt der Immobilie.<\/strong><br \/>Warum ist es wichtig, ihn sorgf\u00e4ltig zu pr\u00fcfen?<br \/>Weil er sowohl den Ursprung als auch den tats\u00e4chlichen Anteil des Verk\u00e4ufers an der Immobilie rechtlich definiert, also die Eigent\u00fcmerschaft der Immobilie.<\/p>\n<p style=\"font-weight: 400;\"><em>Durch dieses Dokument k\u00f6nnen wir \u00fcberpr\u00fcfen, welche tats\u00e4chlichen Rechte der potenzielle Verk\u00e4ufer hat:<\/em><\/p>\n<ul>\n<li>Kann er \u00fcber die Immobilie verf\u00fcgen?<\/li>\n<li>Oder ist er nur der Nutznie\u00dfer?<\/li>\n<li>Besitzt er das blo\u00dfe Eigentum?<\/li>\n<li>Stammt die Immobilie aus einer Schenkung?<\/li>\n<\/ul>\n<p style=\"font-weight: 400;\">Durch die sorgf\u00e4ltige Lekt\u00fcre des Dokuments erhalten wir dann einen vollst\u00e4ndigen \u00dcberblick \u00fcber eine m\u00f6gliche eheliche oder gew\u00f6hnliche Gemeinschaft des Verm\u00f6gens, Nutzungsrechte, Vorkaufsrechte, Wohnrechte usw.<\/p>\n<p style=\"font-weight: 400;\">Es gibt verschiedene Arten oder F\u00e4lle des Ursprungsdokuments:<\/p>\n<ul>\n<li>Kauf und Verkauf;<\/li>\n<li>Erbschaft;<\/li>\n<li>Schenkung;<\/li>\n<li>\u00dcbertragungsbeschluss durch Zwangsversteigerung;<\/li>\n<li>Urteil des Gerichts \u00fcber den Eigentumstransfer;<\/li>\n<li>Urteil \u00fcber Ersitzung.<\/li>\n<\/ul>\n<p>[\/et_pb_text][\/et_pb_column][\/et_pb_row][et_pb_row column_structure=&#8220;1_2,1_2&#8243; _builder_version=&#8220;4.22.1&#8243; _module_preset=&#8220;default&#8220; global_colors_info=&#8220;{}&#8220; locked=&#8220;off&#8220;][et_pb_column type=&#8220;1_2&#8243; _builder_version=&#8220;4.22.1&#8243; _module_preset=&#8220;default&#8220; global_colors_info=&#8220;{}&#8220;][et_pb_image src=&#8220;https:\/\/rogitando.com\/wp-content\/uploads\/2024\/06\/investim_immob_1.jpg&#8220; title_text=&#8220;investim_immob_1&#8243; _builder_version=&#8220;4.22.1&#8243; _module_preset=&#8220;default&#8220; hover_enabled=&#8220;0&#8243; global_colors_info=&#8220;{}&#8220; sticky_enabled=&#8220;0&#8243;][\/et_pb_image][\/et_pb_column][et_pb_column type=&#8220;1_2&#8243; _builder_version=&#8220;4.22.1&#8243; _module_preset=&#8220;default&#8220; global_colors_info=&#8220;{}&#8220;][et_pb_image src=&#8220;https:\/\/rogitando.com\/wp-content\/uploads\/2024\/06\/investim_immob_3.jpg&#8220; title_text=&#8220;investim_immob_3&#8243; _builder_version=&#8220;4.22.1&#8243; _module_preset=&#8220;default&#8220; hover_enabled=&#8220;0&#8243; global_colors_info=&#8220;{}&#8220; sticky_enabled=&#8220;0&#8243;][\/et_pb_image][\/et_pb_column][\/et_pb_row][et_pb_row _builder_version=&#8220;4.22.1&#8243; _module_preset=&#8220;default&#8220; max_width=&#8220;80%&#8220; hover_enabled=&#8220;0&#8243; global_colors_info=&#8220;{}&#8220; sticky_enabled=&#8220;0&#8243;][et_pb_column type=&#8220;4_4&#8243; _builder_version=&#8220;4.21.0&#8243; _module_preset=&#8220;default&#8220; global_colors_info=&#8220;{}&#8220;][et_pb_text _builder_version=&#8220;4.22.1&#8243; _module_preset=&#8220;fb3bde8f-2dbb-4eed-ab26-b71612ec8618&#8243; header_5_font=&#8220;Prata||||||||&#8220; header_5_text_color=&#8220;#000000&#8243; global_colors_info=&#8220;{}&#8220;]<\/p>\n<p style=\"font-weight: 400;\"><strong>Hypothekeninspektion.<\/strong><br \/>Durch dieses Dokument k\u00f6nnen wir Hypotheken oder eventuelle Eintragungen, wie etwa Pf\u00e4ndungen, nachverfolgen, die auf der Immobilie lasten k\u00f6nnten.<\/p>\n<p style=\"font-weight: 400;\"><strong>Die Hausordnung.<\/strong><br \/>In diesem Dokument finden wir die Spielregeln, also was erlaubt und was verboten ist.<\/p>\n<p style=\"font-weight: 400;\">Dies bedeutet in einigen F\u00e4llen, dass die Machbarkeit von Projekten, an denen der potenzielle K\u00e4ufer interessiert ist, best\u00e4tigt oder abgelehnt werden kann, wie z. B. eine Aufteilung oder Umnutzung der Immobilie, die durch die Hausordnung verboten sein k\u00f6nnte.<\/p>\n<p style=\"font-weight: 400;\">Es ist also entscheidend, die Hausordnung aufmerksam zu lesen.<\/p>\n<p style=\"font-weight: 400;\">Eine weitere Lekt\u00fcre betrifft die m\u00f6gliche Verschuldung des potenziellen Verk\u00e4ufers. Dies bedeutet, den Betrag der Schulden gegen\u00fcber der Eigent\u00fcmergemeinschaft zu kennen sowie die H\u00f6he der regelm\u00e4\u00dfigen Hausgeldraten f\u00fcr das laufende Jahr und das vorangegangene Jahr.<\/p>\n<p style=\"font-weight: 400;\">Das Lesen der letzten Protokolle der Eigent\u00fcmerversammlung hilft uns auch, den Kreis zu schlie\u00dfen und festzustellen, ob Probleme aufgetreten sind, die beachtet werden sollten.<\/p>\n<p style=\"font-weight: 400;\">Nicht zu vergessen sind die Beschl\u00fcsse \u00fcber au\u00dferordentliche Ausgaben, ein sehr heikles Thema, da dies (wenn nicht sorgf\u00e4ltig \u00fcberpr\u00fcft) die Investitionspl\u00e4ne eines potenziellen K\u00e4ufers gef\u00e4hrden k\u00f6nnte.<\/p>\n<p style=\"font-weight: 400;\">Was ist das Risiko, wenn man die notwendigen Pr\u00fcfungen nicht vornimmt?<br \/>Ein Immobilienkauf, bei dem man alle Kosten f\u00fcr Geb\u00fchren, Notar, Immobilienvermittlung, Steuern summiert und dann feststellt, dass au\u00dferordentliche Ausgaben mit hohen Betr\u00e4gen protokolliert sind.<\/p>\n<p><strong>Letter Of Intent, (LOI).<\/strong><br \/>Der Transfer einer Immobilie erfolgt in 3 vertraglichen Phasen.<br \/>Das Kaufangebot, der Vorvertrag und der notariellen Kaufvertrag.<\/p>\n<p>Falls aufgrund der Bewertung durch den Investor, insbesondere bei sehr komplexen Verhandlungen oder wenn aufgrund von Dokumentenpr\u00fcfungen die b\u00fcrokratischen Zeiten steigen, mehr Zeit ben\u00f6tigt wird, bevor ein unwiderrufliches Kaufangebot formalisiert wird, k\u00f6nnte die LOI ins Spiel kommen.<\/p>\n<p style=\"font-weight: 400;\">Die LOI ist ein bilateraler Vorvertrag, der eine Absichtserkl\u00e4rung darstellt, in der keine besonderen Verpflichtungen enthalten sind, wenn er ordnungsgem\u00e4\u00df in Form und Inhalt unterzeichnet wird, mit Ausnahme der Verpflichtung zu guter Glauben. Es wird mit der LOI ein starkes Interesse an einer bestimmten Transaktion bekundet.<br \/>Grunds\u00e4tzlich stehen wir kurz vor dem Abschluss des Angebots zwischen den Parteien, aber der endg\u00fcltige Vorschlag wurde noch nicht formalisiert. <\/p>\n<p><u>Was kann sie enthalten:<\/u><\/p>\n<ul>\n<li>Die Angaben zur Immobilie,<\/li>\n<li>Die Parteien (d.h. die Daten des Verk\u00e4ufers und des potenziellen K\u00e4ufers),<\/li>\n<li>Die groben Vereinbarungen,<\/li>\n<li>Eine Sch\u00e4tzung,<\/li>\n<li>Die voraussichtliche Zahlungsmethode,<\/li>\n<li>Eine Erkl\u00e4rung, warum und unter welchen Bedingungen der potenzielle K\u00e4ufer noch kein endg\u00fcltiges Angebot abgegeben hat.<\/li>\n<\/ul>\n<p style=\"font-weight: 400;\"><strong> <\/strong><\/p>\n<p style=\"font-weight: 400;\"><strong>Vertragliche Elemente<\/strong><br \/>Es gibt wesentliche und erg\u00e4nzende Elemente.<br \/><u>Wesentlich,<\/u> ohne die der Vertrag nicht existiert, bzw. sich von Rechts wegen aufl\u00f6st:<\/p>\n<ul>\n<li>Der Wille der Parteien;<\/li>\n<li>Schriftliche Form;<\/li>\n<li>Bestimmbarer oder bestimmter Gegenstand;<\/li>\n<li>Preis.<\/li>\n<\/ul>\n<p style=\"font-weight: 400;\"><u>Erg\u00e4nzend<\/u>, alle anderen vertraglichen Elemente, die im B\u00fcrgerlichen Gesetzbuch vorgesehen sind, wie z.B. die Bedingungen wie suspensive oder resolutive Klauseln.<\/p>\n<p style=\"font-weight: 400;\">Die Anzahlungen vervollst\u00e4ndigen schlie\u00dflich die erg\u00e4nzende Seite der Elemente, darunter die h\u00e4ufigsten sind:<br \/><em>Die best\u00e4tigende Anzahlung und die penale Anzahlung.<\/em><\/p>\n<p style=\"font-weight: 400;\">Beide verpflichten zu einem ernsthaften Abschluss des Vorvertrags und regeln den Fall der Nichterf\u00fcllung mit einem wesentlichen Unterschied.<\/p>\n<p style=\"font-weight: 400;\">Bei der best\u00e4tigenden Anzahlung besteht die M\u00f6glichkeit, gr\u00f6\u00dferen Schaden und Erf\u00fcllung des Vertrags zu verlangen;<\/p>\n<p style=\"font-weight: 400;\">Bei der penalen Anzahlung ist dies nicht vorgesehen, da der Betrag als &#8222;Pauschalbetrag&#8220; f\u00fcr den vermuteten Schaden gilt, wobei das beiderseitige R\u00fccktrittsrecht erhalten bleibt.<\/p>\n<p style=\"font-weight: 400;\">\n<p style=\"font-weight: 400;\"><strong>Potenzielle vertragliche &#8222;Risiken&#8220;.<\/strong><br \/>Nat\u00fcrlich ist das wichtigste Risiko, dass jeder Schritt der Immobilienoperation nicht richtig geplant wurde.<\/p>\n<p style=\"font-weight: 400;\">Das zweite Risiko betrifft die Form des Vorvertrags.<br \/>Ein Beispiel ist der Bezug auf Neubauten, bei denen die schriftliche Form durch eine \u00f6ffentliche Urkunde erfolgt.<br \/>Denkt daran, wenn ihr mit Bauherren zu tun habt, m\u00fcssen diese folgende Punkte beachten:<\/p>\n<p style=\"font-weight: 400;\">&#8211; Die Verpflichtung zur B\u00fcrgschaft der zu zahlenden Betr\u00e4ge;<\/p>\n<p style=\"font-weight: 400;\">&#8211; Die CAR-Police zur Absicherung der Baustelle, eine notwendige und unverzichtbare Versicherung f\u00fcr alle Bauunternehmen mit einer offenen Baustelle, da sie das Unternehmen vor materiellen Sch\u00e4den an der Immobilie oder Sch\u00e4den an Personen, wie Bauarbeitern oder Dritten, w\u00e4hrend der Bauarbeiten sch\u00fctzt. Sie versichert auch die Ger\u00e4te und das Material auf der Baustelle;<\/p>\n<p style=\"font-weight: 400;\">&#8211; Die zehnj\u00e4hrige Nachbesserungspflicht beim Transfer der Immobilie, eine Versicherung, die den K\u00e4ufer vor Sch\u00e4den an der Immobilie sch\u00fctzt, die durch M\u00e4ngel und Defekte entstehen k\u00f6nnen, die innerhalb von 10 Jahren nach Abschluss der Arbeiten auftreten.<\/p>\n<p style=\"font-weight: 400;\">Die CAR-Police und die zehnj\u00e4hrige Nachbesserungspflicht sind beide erforderlich, und nicht als Alternativen zu betrachten.<\/p>\n<p style=\"font-weight: 400; text-align: right;\"><strong><em>&#8222;Das Risiko entsteht nur,<br \/>wenn man nicht wei\u00df,<br \/>was man tut.&#8220;<\/em><\/strong><\/p>\n<p>[\/et_pb_text][et_pb_text _builder_version=&#8220;4.22.1&#8243; _module_preset=&#8220;fb3bde8f-2dbb-4eed-ab26-b71612ec8618&#8243; header_5_font=&#8220;Prata||||||||&#8220; header_5_text_color=&#8220;#000000&#8243; custom_padding=&#8220;||0px|||&#8220; global_colors_info=&#8220;{}&#8220;][\/et_pb_text][\/et_pb_column][\/et_pb_row][\/et_pb_section]<\/p>\n","protected":false},"excerpt":{"rendered":"<p>\u201eOft h\u00e4ngen die Ergebnisse unserer Investitionen nicht davon ab von den unerwarteten Ereignissen des Marktes, sondern durch die Entscheidungen, die wir treffen.\u201cImmobilieninvestitionWir befinden uns in einem herausfordernden makro\u00f6konomischen Umfeld, das Flexibilit\u00e4t, Geduld und eine mittel- bis langfristige Perspektive erfordert, und das vor allem im Bereich der mit Immobilien verbundenen Schulden viele Chancen bietet. Der Immobilienmarkt [&hellip;]<\/p>\n","protected":false},"author":1,"featured_media":0,"parent":0,"menu_order":0,"comment_status":"closed","ping_status":"closed","template":"","meta":{"_et_pb_use_builder":"on","_et_pb_old_content":"","_et_gb_content_width":"","footnotes":""},"class_list":["post-1299","page","type-page","status-publish","hentry"],"_links":{"self":[{"href":"https:\/\/rogitando.com\/de\/wp-json\/wp\/v2\/pages\/1299","targetHints":{"allow":["GET"]}}],"collection":[{"href":"https:\/\/rogitando.com\/de\/wp-json\/wp\/v2\/pages"}],"about":[{"href":"https:\/\/rogitando.com\/de\/wp-json\/wp\/v2\/types\/page"}],"author":[{"embeddable":true,"href":"https:\/\/rogitando.com\/de\/wp-json\/wp\/v2\/users\/1"}],"replies":[{"embeddable":true,"href":"https:\/\/rogitando.com\/de\/wp-json\/wp\/v2\/comments?post=1299"}],"version-history":[{"count":2,"href":"https:\/\/rogitando.com\/de\/wp-json\/wp\/v2\/pages\/1299\/revisions"}],"predecessor-version":[{"id":1301,"href":"https:\/\/rogitando.com\/de\/wp-json\/wp\/v2\/pages\/1299\/revisions\/1301"}],"wp:attachment":[{"href":"https:\/\/rogitando.com\/de\/wp-json\/wp\/v2\/media?parent=1299"}],"curies":[{"name":"wp","href":"https:\/\/api.w.org\/{rel}","templated":true}]}}