{"id":1296,"date":"2024-02-19T21:28:08","date_gmt":"2024-02-19T21:28:08","guid":{"rendered":"https:\/\/rogitando.com\/wohnen\/"},"modified":"2025-05-23T14:35:07","modified_gmt":"2025-05-23T14:35:07","slug":"wohnen","status":"publish","type":"page","link":"https:\/\/rogitando.com\/de\/wohnen\/","title":{"rendered":"Wohnen"},"content":{"rendered":"<p>[et_pb_section fb_built=&#8220;1&#8243; admin_label=&#8220;Header&#8220; _builder_version=&#8220;4.22.1&#8243; _module_preset=&#8220;default&#8220; background_color=&#8220;#005B80&#8243; custom_padding=&#8220;17px||12px|||&#8220; locked=&#8220;off&#8220; collapsed=&#8220;on&#8220; global_colors_info=&#8220;{}&#8220;][et_pb_row column_structure=&#8220;1_2,1_2&#8243; make_equal=&#8220;on&#8220; _builder_version=&#8220;4.22.1&#8243; _module_preset=&#8220;default&#8220; width=&#8220;94%&#8220; width_tablet=&#8220;80%&#8220; width_phone=&#8220;80%&#8220; width_last_edited=&#8220;on|desktop&#8220; max_width=&#8220;2000px&#8220; custom_padding=&#8220;0px||0px||true|false&#8220; global_colors_info=&#8220;{}&#8220;][et_pb_column type=&#8220;1_2&#8243; _builder_version=&#8220;4.22.0&#8243; _module_preset=&#8220;default&#8220; custom_padding=&#8220;46vh||||false|false&#8220; custom_padding_tablet=&#8220;0vw||||false|false&#8220; custom_padding_phone=&#8220;0vw||||false|false&#8220; custom_padding_last_edited=&#8220;on|desktop&#8220; global_colors_info=&#8220;{}&#8220;][et_pb_text _builder_version=&#8220;4.22.1&#8243; _module_preset=&#8220;default&#8220; header_2_font=&#8220;Prata|700|||||||&#8220; header_2_text_color=&#8220;#FFFFFF&#8220; link_option_url=&#8220;#uno&#8220; global_colors_info=&#8220;{}&#8220;]<\/p>\n<h2>Ich suche mein Traumhaus<\/h2>\n<p>[\/et_pb_text][et_pb_text _builder_version=&#8220;4.22.1&#8243; _module_preset=&#8220;default&#8220; header_2_font=&#8220;Prata|700|||||||&#8220; header_2_text_color=&#8220;#FFFFFF&#8220; link_option_url=&#8220;#due&#8220; global_colors_info=&#8220;{}&#8220;]<\/p>\n<h2>Die Immobilie, die Sie geerbt haben!<\/h2>\n<p>[\/et_pb_text][et_pb_text _builder_version=&#8220;4.22.1&#8243; _module_preset=&#8220;default&#8220; header_2_font=&#8220;Prata|700|||||||&#8220; header_2_text_color=&#8220;#FFFFFF&#8220; link_option_url=&#8220;#tre&#8220; global_colors_info=&#8220;{}&#8220;]<\/p>\n<h2>Mein zweites Zuhause<\/h2>\n<p>[\/et_pb_text][et_pb_text _builder_version=&#8220;4.22.1&#8243; _module_preset=&#8220;default&#8220; header_2_font=&#8220;Prata|700|||||||&#8220; header_2_text_color=&#8220;#FFFFFF&#8220; link_option_url=&#8220;#quattro&#8220; global_colors_info=&#8220;{}&#8220;]<\/p>\n<h2>Verkaufen Sie Ihre Immobilie<\/h2>\n<p>[\/et_pb_text][et_pb_text _builder_version=&#8220;4.22.1&#8243; _module_preset=&#8220;default&#8220; header_2_font=&#8220;Prata|700|||||||&#8220; header_2_text_color=&#8220;#FFFFFF&#8220; link_option_url=&#8220;#cinque&#8220; global_colors_info=&#8220;{}&#8220;]<\/p>\n<h2>Ich lebe im Ausland und m\u00f6chte in Italien kaufen<\/h2>\n<p>[\/et_pb_text][\/et_pb_column][et_pb_column type=&#8220;1_2&#8243; _builder_version=&#8220;4.22.1&#8243; _module_preset=&#8220;default&#8220; background_image=&#8220;https:\/\/rogitando.com\/wp-content\/uploads\/2024\/02\/Edilizia-residenziale-pubblica-scaled-1.jpeg&#8220; border_radii=&#8220;on|10px|10px|10px|10px&#8220; global_colors_info=&#8220;{}&#8220;][et_pb_divider show_divider=&#8220;off&#8220; _builder_version=&#8220;4.21.0&#8243; _module_preset=&#8220;default&#8220; height_tablet=&#8220;40vw&#8220; height_phone=&#8220;40vw&#8220; height_last_edited=&#8220;on|desktop&#8220; global_colors_info=&#8220;{}&#8220;][\/et_pb_divider][\/et_pb_column][\/et_pb_row][\/et_pb_section][et_pb_section fb_built=&#8220;1&#8243; admin_label=&#8220;Services&#8220; _builder_version=&#8220;4.21.0&#8243; _module_preset=&#8220;default&#8220; locked=&#8220;off&#8220; collapsed=&#8220;on&#8220; global_colors_info=&#8220;{}&#8220;][et_pb_row _builder_version=&#8220;4.22.1&#8243; _module_preset=&#8220;default&#8220; max_width=&#8220;80%&#8220; global_colors_info=&#8220;{}&#8220;][et_pb_column type=&#8220;4_4&#8243; _builder_version=&#8220;4.21.0&#8243; _module_preset=&#8220;default&#8220; global_colors_info=&#8220;{}&#8220;][et_pb_text module_id=&#8220;uno&#8220; _builder_version=&#8220;4.22.1&#8243; _module_preset=&#8220;fb3bde8f-2dbb-4eed-ab26-b71612ec8618&#8243; header_5_font=&#8220;Prata||||||||&#8220; header_5_text_color=&#8220;#000000&#8243; custom_margin=&#8220;||3px|||&#8220; global_colors_info=&#8220;{}&#8220;]<\/p>\n<p style=\"font-weight: 400;\"><span style=\"font-size: x-large;\"><strong>M\u00f6chten Sie, dass Ihr Traum wahr wird?<\/strong><\/span><\/p>\n<p style=\"font-weight: 400;\">Ist Ihre Familie gewachsen und Sie brauchen mehr Platz?<br \/>Werden Sie bald heiraten und m\u00f6chten einen Ort nur f\u00fcr sich?<br \/>Oder zwingen gar pers\u00f6nliche Gr\u00fcnde Sie zu einer Ver\u00e4nderung?<\/p>\n<p style=\"font-weight: 400;\"><u>Was auch immer Ihre Gr\u00fcnde sind sich zu ver\u00e4ndern, der einzige Rat, den wir Ihnen geben k\u00f6nnen, ist, es so schnell wie m\u00f6glich zu tun!<\/u><\/p>\n<p>Auch wenn die Immobilienangebote auf dem Markt zahlreich erscheinen, ist es nicht einfach, die richtige Immobilie f\u00fcr Sie zu finden, und es k\u00f6nnte Zeit in Anspruch nehmen.<\/p>\n<p>[\/et_pb_text][et_pb_text _builder_version=&#8220;4.22.1&#8243; _module_preset=&#8220;fb3bde8f-2dbb-4eed-ab26-b71612ec8618&#8243; text_font=&#8220;Prata||||||||&#8220; header_5_font=&#8220;Prata||||||||&#8220; header_5_text_color=&#8220;#000000&#8243; custom_margin=&#8220;10px|||||&#8220; custom_padding=&#8220;||0px|||&#8220; global_colors_info=&#8220;{}&#8220;]<\/p>\n<p><span style=\"font-size: x-large;\">Wie k\u00f6nnen Sie es schaffen?<br \/>Genie\u00dfen Sie den Moment, um den Rest k\u00fcmmern wir uns.<\/span><\/p>\n<p>[\/et_pb_text][\/et_pb_column][\/et_pb_row][et_pb_row column_structure=&#8220;1_2,1_2&#8243; _builder_version=&#8220;4.22.1&#8243; _module_preset=&#8220;default&#8220; global_colors_info=&#8220;{}&#8220;][et_pb_column type=&#8220;1_2&#8243; _builder_version=&#8220;4.22.1&#8243; _module_preset=&#8220;default&#8220; global_colors_info=&#8220;{}&#8220;][et_pb_image src=&#8220;https:\/\/rogitando.com\/wp-content\/uploads\/2024\/04\/Rogitando_foto_sogno_si_avveri_1.jpg&#8220; title_text=&#8220;Rogitando_photo_dream_come_true_1&#8243; _builder_version=&#8220;4.22.1&#8243; _module_preset=&#8220;default&#8220; global_colors_info=&#8220;{}&#8220;][\/et_pb_image][\/et_pb_column][et_pb_column type=&#8220;1_2&#8243; _builder_version=&#8220;4.22.1&#8243; _module_preset=&#8220;default&#8220; global_colors_info=&#8220;{}&#8220;][et_pb_image src=&#8220;https:\/\/rogitando.com\/wp-content\/uploads\/2024\/04\/Rogitando_foto_sogno_si_avveri_2.jpg&#8220; title_text=&#8220;Rogitando_foto_sogno_si_avveri_2&#8243; _builder_version=&#8220;4.22.1&#8243; _module_preset=&#8220;default&#8220; global_colors_info=&#8220;{}&#8220;][\/et_pb_image][\/et_pb_column][\/et_pb_row][et_pb_row _builder_version=&#8220;4.22.1&#8243; _module_preset=&#8220;default&#8220; max_width=&#8220;80%&#8220; global_colors_info=&#8220;{}&#8220;][et_pb_column type=&#8220;4_4&#8243; _builder_version=&#8220;4.21.0&#8243; _module_preset=&#8220;default&#8220; global_colors_info=&#8220;{}&#8220;][et_pb_text module_id=&#8220;due&#8220; _builder_version=&#8220;4.22.1&#8243; _module_preset=&#8220;fb3bde8f-2dbb-4eed-ab26-b71612ec8618&#8243; header_5_font=&#8220;Prata||||||||&#8220; header_5_text_color=&#8220;#000000&#8243; custom_margin=&#8220;||17px|||&#8220; global_colors_info=&#8220;{}&#8220;]<\/p>\n<div><span style=\"font-size: x-large;\"><b>Die Immobilie, die Sie geerbt haben!<\/b><\/span><\/div>\n<div><\/div>\n<p style=\"font-weight: 400;\">Haben Sie eine Immobilie geerbt und m\u00f6chten sie verkaufen, um einen Wert daraus zu erzielen und Ihre Tr\u00e4ume zu verwirklichen?<br \/>Oder m\u00f6chten Sie einfach das geerbte Geld in eine neue Immobilie investieren, in einer anderen Gegend, in den Bergen oder am Meer?<\/p>\n<p style=\"font-weight: 400;\">Yes, you can. Wichtig ist, auf bestimmte Aspekte zu achten, die mit diesem speziellen Kauf- und Verkaufsprozess verbunden sind.<\/p>\n<p>Sprechen Sie mit uns, wir werden Sie in allen Phasen der Machbarkeitsanalyse unterst\u00fctzen und Sie k\u00f6nnen unsere vertrauensw\u00fcrdige Anwaltskanzlei konsultieren, die auf Erbrecht spezialisiert ist.<\/p>\n<div>\n<p><u><span>Ben\u00f6tigte Dokumente<\/span><\/u><span><span>: <\/span><\/span><span style=\"font-size: 16px;\">Erbschaftserkl\u00e4rung,<\/span> <span style=\"font-size: 16px;\">ausdr\u00fcckliche Annahmeerkl\u00e4rung, <\/span><span style=\"font-size: 16px;\">stillschweigende Annahmeerkl\u00e4rung.<\/span><\/p>\n<div>\n<p><u><u><span>Miteigentum der Immobilie:<\/span><\/u><\/u> <span style=\"font-size: 16px;\">den eigenen Anteil verkaufen, <\/span><span>die Aufl\u00f6sung der Gemeinschaft beantragen.<\/span><br \/><u>Steuern und Abgaben: <\/u>Erbschaftsteuer, Hypothekensteuer, Katastersteuer, Stempelsteuer, Sonderabgaben.<\/p>\n<p><span><\/span><\/p>\n<div><\/div>\n<div><\/div>\n<\/div>\n<div><\/div>\n<div>\n<div>\n<div><\/div>\n<\/div>\n<\/div>\n<\/div>\n<p style=\"font-weight: 400;\"><span> <\/span><\/p>\n<p>[\/et_pb_text][\/et_pb_column][\/et_pb_row][et_pb_row column_structure=&#8220;1_2,1_2&#8243; _builder_version=&#8220;4.22.1&#8243; _module_preset=&#8220;default&#8220; global_colors_info=&#8220;{}&#8220;][et_pb_column type=&#8220;1_2&#8243; _builder_version=&#8220;4.22.1&#8243; _module_preset=&#8220;default&#8220; global_colors_info=&#8220;{}&#8220;][et_pb_image src=&#8220;https:\/\/rogitando.com\/wp-content\/uploads\/2024\/04\/Rogitando_foto_immobile_ereditato_1.jpg&#8220; title_text=&#8220;Rogitando_foto_immobile_ereditato_1&#8243; _builder_version=&#8220;4.22.1&#8243; _module_preset=&#8220;default&#8220; global_colors_info=&#8220;{}&#8220;][\/et_pb_image][\/et_pb_column][et_pb_column type=&#8220;1_2&#8243; _builder_version=&#8220;4.22.1&#8243; _module_preset=&#8220;default&#8220; global_colors_info=&#8220;{}&#8220;][et_pb_image src=&#8220;https:\/\/rogitando.com\/wp-content\/uploads\/2024\/04\/Rogitando_foto_immobile_ereditato_2.jpg&#8220; title_text=&#8220;Rogitando_foto_immobile_ereditato_2&#8243; _builder_version=&#8220;4.22.1&#8243; _module_preset=&#8220;default&#8220; global_colors_info=&#8220;{}&#8220;][\/et_pb_image][\/et_pb_column][\/et_pb_row][et_pb_row _builder_version=&#8220;4.22.1&#8243; _module_preset=&#8220;default&#8220; max_width=&#8220;80%&#8220; global_colors_info=&#8220;{}&#8220;][et_pb_column type=&#8220;4_4&#8243; _builder_version=&#8220;4.21.0&#8243; _module_preset=&#8220;default&#8220; global_colors_info=&#8220;{}&#8220;][et_pb_text module_id=&#8220;tre&#8220; _builder_version=&#8220;4.22.1&#8243; _module_preset=&#8220;fb3bde8f-2dbb-4eed-ab26-b71612ec8618&#8243; header_5_font=&#8220;Prata||||||||&#8220; header_5_text_color=&#8220;#000000&#8243; custom_margin=&#8220;||16px|||&#8220; global_colors_info=&#8220;{}&#8220;]<\/p>\n<p><b><span><span style=\"font-size: x-large;\">M\u00f6chten Sie Ihr Zweitobjekt verkaufen?<\/span><\/span><\/b><br \/>Vielleicht k\u00f6nnen Sie es kaum erwarten, dass Ihr aktueller Mieter die Immobilie, die Sie vermieten, verl\u00e4sst, oder die Studenten, die dort gewohnt haben, haben ihr Studium abgeschlossen und verlassen die Wohnung, oder die Eigenschaften der Immobilie entsprechen einfach nicht mehr den Bed\u00fcrfnissen Ihrer Familie.<br \/>Oder m\u00f6chten Sie ein neues Objekt kaufen, um die ganze Familie sowohl im Sommer als auch im Winter zusammenzubringen?<\/p>\n<p>Indem Sie Ihre zweite Immobilie verkaufen, k\u00f6nnen Sie in kurzer Zeit Kapital gewinnen, mit dem Sie Ihre Ersparnisse erh\u00f6hen oder in eine neue Immobilie investieren k\u00f6nnen, um dort unvergessliche Tage am Meer oder in den Bergen zu verbringen \u2013 oder wo immer Sie m\u00f6chten.<\/p>\n<p>Ist jetzt der richtige Zeitpunkt, meine zweite Immobilie zu verkaufen?<br \/>In welcher Gegend k\u00f6nnte ich am besten f\u00fcr mich und meine Familie investieren?<br \/>Oder entscheide ich mich, in ein B&amp;B oder eine Ferienwohnung zu investieren?<\/p>\n<p>[\/et_pb_text][et_pb_text _builder_version=&#8220;4.22.1&#8243; _module_preset=&#8220;fb3bde8f-2dbb-4eed-ab26-b71612ec8618&#8243; text_font=&#8220;Prata||||||||&#8220; header_5_font=&#8220;Prata||||||||&#8220; header_5_text_color=&#8220;#000000&#8243; custom_padding=&#8220;||0px|||&#8220; global_colors_info=&#8220;{}&#8220;]<\/p>\n<p><span style=\"font-size: x-large;\">Berge, See, Meer oder Land \u2013 f\u00fcr uns ist das gleichg\u00fcltig. <br \/>W\u00e4hlen Sie selbst, wir werden Ihren Wunsch verwirklichen.<br \/><\/span><\/p>\n<p>[\/et_pb_text][\/et_pb_column][\/et_pb_row][et_pb_row column_structure=&#8220;1_2,1_2&#8243; _builder_version=&#8220;4.22.1&#8243; _module_preset=&#8220;default&#8220; global_colors_info=&#8220;{}&#8220;][et_pb_column type=&#8220;1_2&#8243; _builder_version=&#8220;4.22.1&#8243; _module_preset=&#8220;default&#8220; global_colors_info=&#8220;{}&#8220;][et_pb_image src=&#8220;https:\/\/rogitando.com\/wp-content\/uploads\/2024\/04\/Rogitando_foto_seconda_casa_1.jpg&#8220; title_text=&#8220;Rogitando_foto_seconda_casa_1&#8243; _builder_version=&#8220;4.22.1&#8243; _module_preset=&#8220;default&#8220; global_colors_info=&#8220;{}&#8220;][\/et_pb_image][\/et_pb_column][et_pb_column type=&#8220;1_2&#8243; _builder_version=&#8220;4.22.1&#8243; _module_preset=&#8220;default&#8220; global_colors_info=&#8220;{}&#8220;][et_pb_image src=&#8220;https:\/\/rogitando.com\/wp-content\/uploads\/2024\/04\/Rogitando_foto_seconda_casa_3.jpg&#8220; title_text=&#8220;Rogitando_foto_seconda_casa_3&#8243; _builder_version=&#8220;4.22.1&#8243; _module_preset=&#8220;default&#8220; hover_enabled=&#8220;0&#8243; global_colors_info=&#8220;{}&#8220; sticky_enabled=&#8220;0&#8243;][\/et_pb_image][\/et_pb_column][\/et_pb_row][et_pb_row _builder_version=&#8220;4.22.1&#8243; _module_preset=&#8220;default&#8220; max_width=&#8220;80%&#8220; global_colors_info=&#8220;{}&#8220;][et_pb_column type=&#8220;4_4&#8243; _builder_version=&#8220;4.21.0&#8243; _module_preset=&#8220;default&#8220; global_colors_info=&#8220;{}&#8220;][et_pb_text module_id=&#8220;quattro&#8220; _builder_version=&#8220;4.22.1&#8243; _module_preset=&#8220;fb3bde8f-2dbb-4eed-ab26-b71612ec8618&#8243; header_5_font=&#8220;Prata||||||||&#8220; header_5_text_color=&#8220;#000000&#8243; custom_margin=&#8220;||15px|||&#8220; global_colors_info=&#8220;{}&#8220;]<\/p>\n<p style=\"font-weight: 400;\"><span style=\"font-size: x-large;\"><strong>Verkaufen Sie Ihre Immobilie<\/strong><b>?<\/b><\/span><\/p>\n<p style=\"font-weight: 400;\">Sind Sie auf der Suche nach einem interessierten K\u00e4ufer, um Ihre Immobilie zu verkaufen? Dann widmen wir Ihnen diese Tipps, die Sie unbedingt aufmerksam lesen sollten. <\/p>\n<p style=\"font-weight: 400;\">So geht ein potenzieller K\u00e4ufer in der Regel vor, wenn er nach einer Immobilie sucht:<\/p>\n<p style=\"font-weight: 400;\">Von seinem Computer aus, \u00fcber das Internet, f\u00fchrt er Recherchen auf spezialisierten Websites durch, gibt eine Reihe von ungef\u00e4hren Daten bez\u00fcglich der Lage, der Gr\u00f6\u00dfe der Immobilie und des Preises ein und klickt auf \u201cSuche\u201c.<\/p>\n<p style=\"font-weight: 400;\">Ergebnis: Ein unglaubliches Durcheinander unz\u00e4hliger Anzeigen, aber keine scheint der Immobilie seiner Tr\u00e4ume zu entsprechen. Das Ergbnis: verschwendete Zeit, viel Verwirrung und immer die Gleichen sich wiederholenden Anzeigen. <\/p>\n<p style=\"font-weight: 400;\"><strong>Die Rogitando-Methode: Jeder tut seine Arbeit. <br \/>Du erm\u00e4chtigst uns, f\u00fcr dich zu arbeiten, und wir lassen dir die Freizeit, dich um anderes zu k\u00fcmmern.<\/strong><\/p>\n<p style=\"font-weight: 400;\">\u201cWarum suchst du eine Immobilie\u2026?\u201c <br \/>\u201cWas sind die tats\u00e4chlichen Bed\u00fcrfnisse\u2026?\u201c <br \/>\u201cWelche Anforderungen m\u00fcssen erf\u00fcllt werden\u2026?\u201c<br \/>\u201cWelche Merkmale m\u00f6chtest du nicht\u2026?\u201c <br \/>\u201cWelches Budget steht zur Verf\u00fcgung\u2026?\u201c <br \/>\u201cMusst du den Kauf mit einem Darlehen finanzieren\u2026? Hast du dich bereits bei der Bank f\u00fcr die Vorabgenehmigung des Darlehens erkundigt?\u201c <\/p>\n<p>Dies werden die ersten Fragen sein, die du aufmerksam und ehrlich beantworten solltest.<br \/>Wir sind jetzt bereit f\u00fcr die Suche, aber wir werden sie nicht \u00fcber Websites durchf\u00fchren, sondern die Stra\u00dfen und die Umrisse der von uns erstellten Karte entlang gehen.<br \/>Wir werden deine Augen sein und mit \u00e4u\u00dferster Aufmerksamkeit die Stra\u00dfen, die Dienstleistungen, die Umgebung, die Entfernungen und alles, was f\u00fcr dich priorit\u00e4r ist, beobachten.<\/p>\n<p style=\"font-weight: 400;\">Wir werden dich st\u00e4ndig auf dem Laufenden halten und dir einen Bericht mit Vorschl\u00e4gen pr\u00e4sentieren, die deinen Erwartungen entsprechen, mit positiven und negativen Aspekten. Und dann wirst du uns sagen, welche Immobilie du besichtigen m\u00f6chtest.<\/p>\n<p>Entscheide dich in aller Ruhe, nimm dir die Zeit, die du brauchst, frage uns nach allen Informationen, die du ben\u00f6tigst, und wenn n\u00f6tig, stellen wir dir alle Fachleute zur Verf\u00fcgung.<span style=\"font-weight: 400;\"><\/span><\/p>\n<p>[\/et_pb_text][et_pb_text _builder_version=&#8220;4.22.1&#8243; _module_preset=&#8220;fb3bde8f-2dbb-4eed-ab26-b71612ec8618&#8243; text_font=&#8220;Prata||||||||&#8220; header_5_font=&#8220;Prata||||||||&#8220; header_5_text_color=&#8220;#000000&#8243; custom_padding=&#8220;||0px|||&#8220; global_colors_info=&#8220;{}&#8220;]<\/p>\n<p><span style=\"font-size: x-large;\"><span style=\"font-weight: 400;\">Wir sind dein Partner, keine Immobilienverk\u00e4ufer.<br \/>Rogitando, der Wert einer Idee liegt in ihrer Umsetzung.<\/span><br \/><\/span><\/p>\n<p>[\/et_pb_text][\/et_pb_column][\/et_pb_row][et_pb_row column_structure=&#8220;1_2,1_2&#8243; _builder_version=&#8220;4.22.1&#8243; _module_preset=&#8220;default&#8220; global_colors_info=&#8220;{}&#8220;][et_pb_column type=&#8220;1_2&#8243; _builder_version=&#8220;4.22.1&#8243; _module_preset=&#8220;default&#8220; global_colors_info=&#8220;{}&#8220;][et_pb_image src=&#8220;https:\/\/rogitando.com\/wp-content\/uploads\/2024\/04\/Rogitando_foto_vendi_proprieta_1.jpg&#8220; title_text=&#8220;Rogitando_foto_vendi_proprieta_1&#8243; _builder_version=&#8220;4.22.1&#8243; _module_preset=&#8220;default&#8220; global_colors_info=&#8220;{}&#8220;][\/et_pb_image][\/et_pb_column][et_pb_column type=&#8220;1_2&#8243; _builder_version=&#8220;4.22.1&#8243; _module_preset=&#8220;default&#8220; global_colors_info=&#8220;{}&#8220;][et_pb_image src=&#8220;https:\/\/rogitando.com\/wp-content\/uploads\/2024\/04\/Rogitando_foto_vendi_proprieta_2.jpg&#8220; title_text=&#8220;Rogitando_foto_vendi_proprieta_2&#8243; _builder_version=&#8220;4.22.1&#8243; _module_preset=&#8220;default&#8220; global_colors_info=&#8220;{}&#8220;][\/et_pb_image][\/et_pb_column][\/et_pb_row][et_pb_row _builder_version=&#8220;4.22.1&#8243; _module_preset=&#8220;default&#8220; max_width=&#8220;80%&#8220; global_colors_info=&#8220;{}&#8220;][et_pb_column type=&#8220;4_4&#8243; _builder_version=&#8220;4.21.0&#8243; _module_preset=&#8220;default&#8220; global_colors_info=&#8220;{}&#8220;][et_pb_text module_id=&#8220;cinque&#8220; _builder_version=&#8220;4.22.1&#8243; _module_preset=&#8220;fb3bde8f-2dbb-4eed-ab26-b71612ec8618&#8243; header_5_font=&#8220;Prata||||||||&#8220; header_5_text_color=&#8220;#000000&#8243; global_colors_info=&#8220;{}&#8220;]<\/p>\n<p style=\"font-weight: 400;\"><span style=\"font-size: x-large;\"><strong>Bist du ein Landsmann, der im Ausland lebt und eine Immobilie in Italien kaufen m\u00f6chte?<br \/>Bist du ein Ausl\u00e4nder, der Italien liebt und in Immobilien investieren m\u00f6chte?<\/strong><\/span><\/p>\n<p style=\"font-weight: 400;\">Nach Jahren der Arbeit oder unternehmerischen Erfolgen im Ausland hast du Sehnsucht, nach Hause zur\u00fcckzukehren: nach Italien.<br \/>Eine R\u00fcckkehr von denen, die einen Teil ihres Lebens im Ausland f\u00fcr ihre Arbeit geopfert haben und dort Erfolg hatten, aber jetzt das Bed\u00fcrfnis versp\u00fcren, sich die Werte und Bindungen zur\u00fcckzuholen, die nur \u201cdas Land\u201c, in dem du geboren wurdest, dir vermitteln kann: die Wurzeln.<\/p>\n<p style=\"font-weight: 400;\"><strong> <\/strong><\/p>\n<p style=\"font-weight: 400;\">You \u2019re welcome!<br \/>Jahr f\u00fcr Jahr w\u00e4chst die Zahl der Menschen, die ihre Augen auf unser \u201esch\u00f6nes Land\u201c und die unz\u00e4hligen Orte richten, die von seltenen landschaftlichen Sch\u00f6nheiten und Geschichte gepr\u00e4gt sind.<\/p>\n<p style=\"font-weight: 400;\">Unz\u00e4hlige und bezaubernde Landschaften mit tausend Schattierungen, Kunstst\u00e4dte, Meer, Berge, Land, Seen und Inseln von Nord bis S\u00fcd machen unser Land zu einem der begehrtesten Ziele, um dort Urlaub zu machen oder sich nach der Pensionierung niederzulassen.<\/p>\n<p style=\"font-weight: 400;\">Immer mehr K\u00e4ufer m\u00f6chten eine Immobilie erwerben, die sofort bewohnbar ist.<\/p>\n<p style=\"font-weight: 400;\">Erz\u00e4hle uns von deinen W\u00fcnschen, wo du gerne investieren m\u00f6chtest und welche Tr\u00e4ume du verwirklichen willst. Wir werden deine Anfrage analysieren und sofort mit der Arbeit beginnen. <\/p>\n<p style=\"font-weight: 400;\">\u201cWelcome in Italy\u201d ist die spezialisierte Abteilung von Rogitando, wir sind dein pers\u00f6nlicher Berater!<\/p>\n<p>Wir verkaufen dir einen anderen Lebensstil im sch\u00f6nsten Land der Welt, Italien.<\/p>\n<p>Wir h\u00f6ren auf deine Bed\u00fcrfnisse, du erz\u00e4hlst uns von deinem Traum, deiner idealen Investition und was du dir am meisten w\u00fcnschst.<br \/>Ein exklusiver Service nur f\u00fcr dich, in 5 Schritten.<br \/>\u2022\u2060 \u2060Analyse aller geforderten Merkmale;<br \/>\u2022\u2060 \u2060Auswahl der geeignetsten Immobilien;<br \/>\u2022\u2060 \u2060Detaillierte Erstellung von Einzelvideos;<br \/>\u2022\u2060 \u2060Beschreibung der Umgebung und der wichtigsten Sehensw\u00fcrdigkeiten.<br \/>\u2022\u2060 \u2060Allgemeine Informationen \u00fcber Immobilienvermittlung in Italien, den Kaufprozess, Vertr\u00e4ge und die Rolle des Notars.<\/p>\n<p>Wir werden dich \u00fcber alles informieren und nur du wirst entscheiden, ob du uns den Auftrag erteilst, indem du die Immobilie ausw\u00e4hlst, die dich interessiert. Gemeinsam vereinbaren wir einen Besichtigungstermin.<\/p>\n<p>Wir begleiten dich zur Besichtigung der ausgew\u00e4hlten Immobilie, machen einen Rundgang durch die Umgebung und genie\u00dfen die K\u00f6stlichkeiten der Region, mit dem Ziel, dir das Gef\u00fchl zu vermitteln, in einem St\u00fcck Geschichte zu leben, nicht in einem neuen Ziel.<\/p>\n<p style=\"font-weight: 400;\"><strong>Sizilien, Gardasee, Sardinien, Toskana, Emilia-Romagna.<\/strong><strong><\/strong><\/p>\n<p>[\/et_pb_text][et_pb_text _builder_version=&#8220;4.22.1&#8243; _module_preset=&#8220;fb3bde8f-2dbb-4eed-ab26-b71612ec8618&#8243; text_font=&#8220;Prata||||||||&#8220; header_5_font=&#8220;Prata||||||||&#8220; header_5_text_color=&#8220;#000000&#8243; custom_padding=&#8220;||0px|||&#8220; global_colors_info=&#8220;{}&#8220;]<\/p>\n<p><span style=\"font-size: x-large;\"><em>Welcome in Italy<\/em><br \/>Wert, Prestige, Exzellenz&#8230; und das Au\u00dfergew\u00f6hnliche \u2013 Made in Italy \u2013 wird m\u00f6glich.<\/span><\/p>\n<p>[\/et_pb_text][\/et_pb_column][\/et_pb_row][et_pb_row column_structure=&#8220;1_2,1_2&#8243; _builder_version=&#8220;4.22.1&#8243; _module_preset=&#8220;default&#8220; global_colors_info=&#8220;{}&#8220;][et_pb_column type=&#8220;1_2&#8243; _builder_version=&#8220;4.22.1&#8243; _module_preset=&#8220;default&#8220; global_colors_info=&#8220;{}&#8220;][et_pb_image src=&#8220;https:\/\/rogitando.com\/wp-content\/uploads\/2024\/04\/Rogitando_foto_estero_1.jpg&#8220; title_text=&#8220;Rogitando_foto_estero_1&#8243; _builder_version=&#8220;4.22.1&#8243; _module_preset=&#8220;default&#8220; global_colors_info=&#8220;{}&#8220;][\/et_pb_image][\/et_pb_column][et_pb_column type=&#8220;1_2&#8243; _builder_version=&#8220;4.22.1&#8243; _module_preset=&#8220;default&#8220; global_colors_info=&#8220;{}&#8220;][et_pb_image src=&#8220;https:\/\/rogitando.com\/wp-content\/uploads\/2024\/04\/Rogitando_foto_estero_2.jpg&#8220; title_text=&#8220;Rogitando_foto_estero_2&#8243; _builder_version=&#8220;4.22.1&#8243; _module_preset=&#8220;default&#8220; global_colors_info=&#8220;{}&#8220;][\/et_pb_image][\/et_pb_column][\/et_pb_row][\/et_pb_section]<\/p>\n","protected":false},"excerpt":{"rendered":"<p>Ich suche mein TraumhausDie Immobilie, die Sie geerbt haben!Mein zweites ZuhauseVerkaufen Sie Ihre ImmobilieIch lebe im Ausland und m\u00f6chte in Italien kaufenM\u00f6chten Sie, dass Ihr Traum wahr wird? Ist Ihre Familie gewachsen und Sie brauchen mehr Platz?Werden Sie bald heiraten und m\u00f6chten einen Ort nur f\u00fcr sich?Oder zwingen gar pers\u00f6nliche Gr\u00fcnde Sie zu einer Ver\u00e4nderung? [&hellip;]<\/p>\n","protected":false},"author":1,"featured_media":0,"parent":0,"menu_order":0,"comment_status":"closed","ping_status":"closed","template":"","meta":{"_et_pb_use_builder":"on","_et_pb_old_content":"","_et_gb_content_width":"","footnotes":""},"class_list":["post-1296","page","type-page","status-publish","hentry"],"_links":{"self":[{"href":"https:\/\/rogitando.com\/de\/wp-json\/wp\/v2\/pages\/1296","targetHints":{"allow":["GET"]}}],"collection":[{"href":"https:\/\/rogitando.com\/de\/wp-json\/wp\/v2\/pages"}],"about":[{"href":"https:\/\/rogitando.com\/de\/wp-json\/wp\/v2\/types\/page"}],"author":[{"embeddable":true,"href":"https:\/\/rogitando.com\/de\/wp-json\/wp\/v2\/users\/1"}],"replies":[{"embeddable":true,"href":"https:\/\/rogitando.com\/de\/wp-json\/wp\/v2\/comments?post=1296"}],"version-history":[{"count":2,"href":"https:\/\/rogitando.com\/de\/wp-json\/wp\/v2\/pages\/1296\/revisions"}],"predecessor-version":[{"id":1298,"href":"https:\/\/rogitando.com\/de\/wp-json\/wp\/v2\/pages\/1296\/revisions\/1298"}],"wp:attachment":[{"href":"https:\/\/rogitando.com\/de\/wp-json\/wp\/v2\/media?parent=1296"}],"curies":[{"name":"wp","href":"https:\/\/api.w.org\/{rel}","templated":true}]}}