{"id":1290,"date":"2024-02-19T22:04:57","date_gmt":"2024-02-19T22:04:57","guid":{"rendered":"https:\/\/rogitando.com\/warum-rogitando\/"},"modified":"2025-05-23T09:34:43","modified_gmt":"2025-05-23T09:34:43","slug":"warum-rogitando","status":"publish","type":"page","link":"https:\/\/rogitando.com\/de\/warum-rogitando\/","title":{"rendered":"Warum Rogitando?"},"content":{"rendered":"<p>[et_pb_section fb_built=&#8220;1&#8243; admin_label=&#8220;Header&#8220; _builder_version=&#8220;4.22.1&#8243; _module_preset=&#8220;default&#8220; background_color=&#8220;#005B80&#8243; locked=&#8220;off&#8220; collapsed=&#8220;on&#8220; global_colors_info=&#8220;{}&#8220;][et_pb_row column_structure=&#8220;1_2,1_2&#8243; make_equal=&#8220;on&#8220; _builder_version=&#8220;4.22.1&#8243; _module_preset=&#8220;default&#8220; width=&#8220;94%&#8220; width_tablet=&#8220;80%&#8220; width_phone=&#8220;80%&#8220; width_last_edited=&#8220;on|desktop&#8220; max_width=&#8220;2000px&#8220; custom_padding=&#8220;0px||0px||true|false&#8220; global_colors_info=&#8220;{}&#8220;][et_pb_column type=&#8220;1_2&#8243; _builder_version=&#8220;4.22.0&#8243; _module_preset=&#8220;default&#8220; custom_padding=&#8220;46vh||||false|false&#8220; custom_padding_tablet=&#8220;0vw||||false|false&#8220; custom_padding_phone=&#8220;0vw||||false|false&#8220; custom_padding_last_edited=&#8220;on|desktop&#8220; global_colors_info=&#8220;{}&#8220;][et_pb_text _builder_version=&#8220;4.22.1&#8243; _module_preset=&#8220;05cc8fbc-0f32-4f33-ab1a-3f8fc6f57574&#8243; header_text_color=&#8220;#FFFFFF&#8220; header_font_size=&#8220;44px&#8220; max_width=&#8220;800px&#8220; global_colors_info=&#8220;{}&#8220;]<\/p>\n<h1><strong>Menschen \u00fcber Zahlen<\/strong><\/h1>\n<p>[\/et_pb_text][\/et_pb_column][et_pb_column type=&#8220;1_2&#8243; _builder_version=&#8220;4.22.1&#8243; _module_preset=&#8220;default&#8220; background_image=&#8220;https:\/\/rogitando.com\/wp-content\/uploads\/2024\/01\/pngtree-interior-design-concept-of-a-mountain-house-in-3d-render-picture-image_3709270.png&#8220; border_radii=&#8220;on|10px|10px|10px|10px&#8220; global_colors_info=&#8220;{}&#8220;][et_pb_divider show_divider=&#8220;off&#8220; _builder_version=&#8220;4.21.0&#8243; _module_preset=&#8220;default&#8220; height_tablet=&#8220;40vw&#8220; height_phone=&#8220;40vw&#8220; height_last_edited=&#8220;on|desktop&#8220; global_colors_info=&#8220;{}&#8220;][\/et_pb_divider][\/et_pb_column][\/et_pb_row][\/et_pb_section][et_pb_section fb_built=&#8220;1&#8243; admin_label=&#8220;Services&#8220; _builder_version=&#8220;4.21.0&#8243; _module_preset=&#8220;default&#8220; locked=&#8220;off&#8220; collapsed=&#8220;on&#8220; global_colors_info=&#8220;{}&#8220;][et_pb_row _builder_version=&#8220;4.22.1&#8243; _module_preset=&#8220;default&#8220; max_width=&#8220;80%&#8220; global_colors_info=&#8220;{}&#8220;][et_pb_column type=&#8220;4_4&#8243; _builder_version=&#8220;4.21.0&#8243; _module_preset=&#8220;default&#8220; global_colors_info=&#8220;{}&#8220;][et_pb_text _builder_version=&#8220;4.27.4&#8243; _module_preset=&#8220;fb3bde8f-2dbb-4eed-ab26-b71612ec8618&#8243; header_5_font=&#8220;Prata||||||||&#8220; header_5_text_color=&#8220;#000000&#8243; header_5_line_height=&#8220;1.6em&#8220; hover_enabled=&#8220;0&#8243; global_colors_info=&#8220;{}&#8220; sticky_enabled=&#8220;0&#8243;]<\/p>\n<p><span>Die heutige Gesellschaft zwingt uns t\u00e4glich, uns st\u00e4ndig mit Zahlen auseinanderzusetzen.<\/span><br \/><span>Eine Zahl f\u00fcr alles: die Anzahl der Kunden, die Anzahl der zum Verkauf stehenden Immobilien, die Anzahl der in den letzten Monaten abgeschlossenen Kaufvertr\u00e4ge, die Anzahl der aktiven Anfragen und viele weitere\u2026 Diese Zahlen werden oft auf der ersten Seite vieler Immobilienagenturen ver\u00f6ffentlicht, um immer perfekt, zuverl\u00e4ssig und makellos zu erscheinen.<\/span><\/p>\n<p><span>F\u00fcr uns sind Zahlen und Statistiken nicht genug und reichen nicht aus, um einen Kunden davon zu \u00fcberzeugen, uns seine Immobilie oder sein Kapital anzuvertrauen.<\/span><\/p>\n<p><span>Wir sind nicht wie die anderen! Wir sind einzigartig. <\/span><\/p>\n<p><strong>Rogitando: die italienische Immobilien nach Ma\u00df<\/strong><br \/><span>Gegr\u00fcndet als Agentur f\u00fcr Immobilien mit dem prim\u00e4ren Ziel, Menschen zuzuh\u00f6ren, zu begleiten und zu unterst\u00fctzen \u2013 nicht einfach nur Kunden \u2013 bei ihren Entscheidungen in Bezug auf ihr Zuhause und ihr Immobilienverm\u00f6gen.<\/span><\/p>\n<p><strong>Unsere Mission<\/strong><br \/>In einem immer komplexer werdenden Immobilienmarkt ist die Mission klar.<br \/>Wir wollen den Immobiliensektor einfacher, verst\u00e4ndlicher und zug\u00e4nglicher machen, den Wert von Immobilien maximieren und dabei stets die Bed\u00fcrfnisse der Kunden in den Mittelpunkt stellen.<br \/>Unser einziges Ziel ist es, das Interesse der Kunden zu sch\u00fctzen, indem <strong><em>wir Neutralit\u00e4t, Informationspflicht und Transparenz gew\u00e4hrleisten.<\/em><\/strong><\/p>\n<p><strong>Was wir tun<\/strong><br \/><span>Wir bieten einen pers\u00f6nlichen, dedizierten und exklusiven Service, indem wir einen ma\u00dfgeschneiderten Aktionsplan entwickeln, der wie ein Ma\u00dfanzug auf jede Phase des Prozesses abgestimmt ist.<\/span><br \/><span>Deshalb finden Sie auf unserer Website nicht das \u00fcbliche Format mit Fotos und Anzeigen, das \u00fcblicherweise verwendet wird und mittlerweile redundant ist.<\/span><\/p>\n<p><span>Jede Immobilie ist das Ergebnis von Entscheidungen, Ver\u00e4nderungen und Anpassungen im Laufe der Zeit, die zu einem neuen Lebensprojekt umgestaltet werden m\u00fcssen.<br \/><\/span><span style=\"font-size: large;\"><strong>WIR STELLEN DIE MENSCHEN UND IHRE W\u00dcNSCHE IN DEN MITTELPUNKT, DENN JEDES IMMOBILIENHAT EINE GESCHICHTE ZU ERZ\u00c4HLEN UND ZU SCH\u00dcTZEN.<\/strong><\/span><\/p>\n<p><strong>Warum wir anders sind<\/strong><\/p>\n<p><span> <\/span><span>Wir sch\u00e4tzen und heben die Merkmale der Immobilien unserer Kunden hervor, die verkaufen m\u00f6chten.<br \/>Wir f\u00fchren eine Analyse und Verwaltung von Tausenden von \u201cPropTech\u201c-Marktdaten durch, um den genauesten Immobilienwert zu ermitteln und den Kunden bei den besten Entscheidungen zur Vorbereitung der Immobilie zum Verkauf zu unterst\u00fctzen.<\/span><br \/>Gemeinsam mit dem Kunden teilen wir die Richtlinien, die zu befolgen sind, um seine Immobilie zu verkaufen, und w\u00e4hlen jedes Mal passende und differenzierte Marketing- und Kommunikationsinstrumente.<\/p>\n<p><span>Affianchiamo le persone che sono alla ricerca di una casa aiutandole a comprendere desideri e necessit\u00e0, evitando perdite di tempo nella ricerca ed effettuando uno scouting accurato tra migliaia di immobili al fine di selezionare solo quelli che rispondono alle loro esigenze e <\/span><span>ci interfacciamo <\/span><span>con i migliori mediatori professionali;<br \/><\/span>supportiamo i clienti nell\u2019ispezione della documentazione in fase di pre-analisi, segnalando eventuali irregolarit\u00e0 e li assistiamo nel formalizzare la proposta irrevocabile di acquisto, fino all\u2019atto notarile.<\/p>\n<p><span>Wir schaffen eine Investitionsgelegenheit f\u00fcr Kunden, die im Immobilienbereich investieren m\u00f6chten.<\/span><br \/>Diversifikation ist entscheidend f\u00fcr Investoren, um Risiken zu minimieren und eine wichtige <span style=\"font-size: 16px;\">Rendite zu erzielen; wir bieten einen ergebnisorientierten Service, der personalisiert und mit einer klaren finanziellen Analyse versehen ist.<\/span><br \/>Immobilienportfolios werden sorgf\u00e4ltig ausgew\u00e4hlt, mit dem Ziel, den Wert <span style=\"font-size: 16px;\">der Investitionen zu maximieren und den Investoren einzigartige und exklusive Chancen zu bieten.<\/span><\/p>\n<p><strong>Was sind die Assets<\/strong><br \/><span><em>Lux Investment<\/em> \u00b7 <\/span><span>Immobilien in prestigetr\u00e4chtigen Geb\u00e4uden.<\/span><br \/><span><em>Added-Value<\/em> \u00b7 <\/span><span>Immobilien, die verbessert werden, um sp\u00e4ter auf dem Markt verkauft zu werden.<\/span><br \/><span><em>Opportunity<\/em> \u00b7 <\/span><span>Gewerbeimmobilien in der Umstrukturierung, mit hohem Rentabilit\u00e4tspotenzial.<\/span><\/p>\n<p><strong>Wir sind Sch\u00f6pfer von Immobilienm\u00f6glichkeiten<br \/><\/strong><span>Der Kaufvertrag ist zweifellos die Erf\u00fcllung eines Traums bzw. die Realisierung einer Idee. Eine Immobilie ist eine kostspielige Investition, die viel Aufmerksamkeit erfordert und Verpflichtungen mit sich bringt, vor allem wirtschaftliche. <\/span><\/p>\n<p><span>Wir wissen, dass der Kauf, der Verkauf von Immobilien oder die Investition in Immobilien ein wichtiger Schritt ist, der mit b\u00fcrokratischen Komplexit\u00e4ten, versteckten Fallen und Unsicherheiten verbunden ist.<\/span><\/p>\n<p><span>Es ist daher von entscheidender Bedeutung, \u00fcber alle notwendigen Informationen zu verf\u00fcgen, um alle Zweifel sofort zu beseitigen. Deshalb ist es unerl\u00e4sslich, ein klares Bild von den eigenen W\u00fcnschen, Zielen und Bed\u00fcrfnissen zu haben.<\/span><\/p>\n<p>&nbsp;<\/p>\n<p><span style=\"font-size: large;\"><strong>Deshalb habe ich \u201cRogitando\u201c gegr\u00fcndet.<br \/><\/strong><\/span><span><\/span><span style=\"font-size: 16px;\"><\/span><strong><\/strong><strong><\/strong><\/p>\n<p style=\"font-weight: 400;\">[\/et_pb_text][\/et_pb_column][\/et_pb_row][et_pb_row column_structure=&#8220;1_2,1_4,1_4&#8243; _builder_version=&#8220;4.22.1&#8243; _module_preset=&#8220;default&#8220; global_colors_info=&#8220;{}&#8220;][et_pb_column type=&#8220;1_2&#8243; _builder_version=&#8220;4.22.1&#8243; _module_preset=&#8220;default&#8220; global_colors_info=&#8220;{}&#8220;][et_pb_text _builder_version=&#8220;4.27.4&#8243; _module_preset=&#8220;fb3bde8f-2dbb-4eed-ab26-b71612ec8618&#8243; header_5_font=&#8220;Prata||||||||&#8220; header_5_text_color=&#8220;#000000&#8243; custom_margin=&#8220;22px||||false|false&#8220; custom_padding=&#8220;|||94px||&#8220; global_colors_info=&#8220;{}&#8220;]<\/p>\n<p style=\"font-weight: 400;\"><strong>Giuseppe Coniglione &#8211; <\/strong><strong><em>CEO &amp; Founder<br \/><\/em><\/strong><strong style=\"font-size: 16px;\"><em>Rogitando \u2013 GIMA REAL ESTATE<\/em><\/strong><\/p>\n<p style=\"font-weight: 400;\"><em>Wir widmen uns dem, was wertvoll ist, nicht dem, was kostet.<\/em><strong><em><br \/><\/em><\/strong><\/p>\n<p style=\"font-weight: 400;\">[\/et_pb_text][\/et_pb_column][et_pb_column type=&#8220;1_4&#8243; _builder_version=&#8220;4.22.1&#8243; _module_preset=&#8220;default&#8220; global_colors_info=&#8220;{}&#8220;][\/et_pb_column][et_pb_column type=&#8220;1_4&#8243; _builder_version=&#8220;4.22.1&#8243; _module_preset=&#8220;default&#8220; global_colors_info=&#8220;{}&#8220;][et_pb_image src=&#8220;https:\/\/rogitando.com\/wp-content\/uploads\/2024\/06\/web_R_blue.jpg&#8220; title_text=&#8220;web_R_blue&#8220; _builder_version=&#8220;4.27.4&#8243; _module_preset=&#8220;default&#8220; max_width=&#8220;70%&#8220; custom_margin=&#8220;||||false|false&#8220; global_colors_info=&#8220;{}&#8220;][\/et_pb_image][\/et_pb_column][\/et_pb_row][\/et_pb_section]<\/p>\n","protected":false},"excerpt":{"rendered":"<p>Menschen \u00fcber ZahlenDie heutige Gesellschaft zwingt uns t\u00e4glich, uns st\u00e4ndig mit Zahlen auseinanderzusetzen.Eine Zahl f\u00fcr alles: die Anzahl der Kunden, die Anzahl der zum Verkauf stehenden Immobilien, die Anzahl der in den letzten Monaten abgeschlossenen Kaufvertr\u00e4ge, die Anzahl der aktiven Anfragen und viele weitere\u2026 Diese Zahlen werden oft auf der ersten Seite vieler Immobilienagenturen ver\u00f6ffentlicht, [&hellip;]<\/p>\n","protected":false},"author":1,"featured_media":0,"parent":0,"menu_order":0,"comment_status":"closed","ping_status":"closed","template":"","meta":{"_et_pb_use_builder":"on","_et_pb_old_content":"","_et_gb_content_width":"","footnotes":""},"class_list":["post-1290","page","type-page","status-publish","hentry"],"_links":{"self":[{"href":"https:\/\/rogitando.com\/de\/wp-json\/wp\/v2\/pages\/1290","targetHints":{"allow":["GET"]}}],"collection":[{"href":"https:\/\/rogitando.com\/de\/wp-json\/wp\/v2\/pages"}],"about":[{"href":"https:\/\/rogitando.com\/de\/wp-json\/wp\/v2\/types\/page"}],"author":[{"embeddable":true,"href":"https:\/\/rogitando.com\/de\/wp-json\/wp\/v2\/users\/1"}],"replies":[{"embeddable":true,"href":"https:\/\/rogitando.com\/de\/wp-json\/wp\/v2\/comments?post=1290"}],"version-history":[{"count":2,"href":"https:\/\/rogitando.com\/de\/wp-json\/wp\/v2\/pages\/1290\/revisions"}],"predecessor-version":[{"id":1292,"href":"https:\/\/rogitando.com\/de\/wp-json\/wp\/v2\/pages\/1290\/revisions\/1292"}],"wp:attachment":[{"href":"https:\/\/rogitando.com\/de\/wp-json\/wp\/v2\/media?parent=1290"}],"curies":[{"name":"wp","href":"https:\/\/api.w.org\/{rel}","templated":true}]}}