{"id":1285,"date":"2024-02-19T22:00:11","date_gmt":"2024-02-19T22:00:11","guid":{"rendered":"https:\/\/rogitando.com\/arbeiten-sie-mit-uns\/"},"modified":"2025-05-23T09:13:49","modified_gmt":"2025-05-23T09:13:49","slug":"arbeiten-sie-mit-uns","status":"publish","type":"page","link":"https:\/\/rogitando.com\/de\/arbeiten-sie-mit-uns\/","title":{"rendered":"Arbeiten Sie mit uns"},"content":{"rendered":"<p>[et_pb_section fb_built=&#8220;1&#8243; admin_label=&#8220;Header&#8220; _builder_version=&#8220;4.22.1&#8243; _module_preset=&#8220;default&#8220; background_color=&#8220;#005B80&#8243; locked=&#8220;off&#8220; collapsed=&#8220;on&#8220; global_colors_info=&#8220;{}&#8220;][et_pb_row column_structure=&#8220;1_2,1_2&#8243; make_equal=&#8220;on&#8220; _builder_version=&#8220;4.22.1&#8243; _module_preset=&#8220;default&#8220; width=&#8220;94%&#8220; width_tablet=&#8220;80%&#8220; width_phone=&#8220;80%&#8220; width_last_edited=&#8220;on|desktop&#8220; max_width=&#8220;2000px&#8220; custom_padding=&#8220;0px||0px||true|false&#8220; global_colors_info=&#8220;{}&#8220;][et_pb_column type=&#8220;1_2&#8243; _builder_version=&#8220;4.22.0&#8243; _module_preset=&#8220;default&#8220; custom_padding=&#8220;46vh||||false|false&#8220; custom_padding_tablet=&#8220;0vw||||false|false&#8220; custom_padding_phone=&#8220;0vw||||false|false&#8220; custom_padding_last_edited=&#8220;on|desktop&#8220; global_colors_info=&#8220;{}&#8220;][et_pb_text _builder_version=&#8220;4.22.1&#8243; _module_preset=&#8220;05cc8fbc-0f32-4f33-ab1a-3f8fc6f57574&#8243; header_text_color=&#8220;#FFFFFF&#8220; header_font_size=&#8220;44px&#8220; max_width=&#8220;800px&#8220; global_colors_info=&#8220;{}&#8220;]<\/p>\n<h1><strong>Arbeiten Sie mit uns<\/strong><\/h1>\n<p>[\/et_pb_text][\/et_pb_column][et_pb_column type=&#8220;1_2&#8243; _builder_version=&#8220;4.22.1&#8243; _module_preset=&#8220;default&#8220; background_image=&#8220;https:\/\/rogitando.com\/wp-content\/uploads\/2024\/03\/lavora-con-noi.jpg&#8220; border_radii=&#8220;on|10px|10px|10px|10px&#8220; global_colors_info=&#8220;{}&#8220;][et_pb_divider show_divider=&#8220;off&#8220; _builder_version=&#8220;4.21.0&#8243; _module_preset=&#8220;default&#8220; height_tablet=&#8220;40vw&#8220; height_phone=&#8220;40vw&#8220; height_last_edited=&#8220;on|desktop&#8220; global_colors_info=&#8220;{}&#8220;][\/et_pb_divider][\/et_pb_column][\/et_pb_row][\/et_pb_section][et_pb_section fb_built=&#8220;1&#8243; admin_label=&#8220;Services&#8220; _builder_version=&#8220;4.21.0&#8243; _module_preset=&#8220;default&#8220; locked=&#8220;off&#8220; collapsed=&#8220;on&#8220; global_colors_info=&#8220;{}&#8220;][et_pb_row _builder_version=&#8220;4.22.1&#8243; _module_preset=&#8220;default&#8220; max_width=&#8220;80%&#8220; global_colors_info=&#8220;{}&#8220;][et_pb_column type=&#8220;4_4&#8243; _builder_version=&#8220;4.21.0&#8243; _module_preset=&#8220;default&#8220; global_colors_info=&#8220;{}&#8220;][et_pb_text _builder_version=&#8220;4.22.1&#8243; _module_preset=&#8220;fb3bde8f-2dbb-4eed-ab26-b71612ec8618&#8243; header_5_font=&#8220;Prata||||||||&#8220; header_5_text_color=&#8220;#000000&#8243; global_colors_info=&#8220;{}&#8220;]<\/p>\n<p style=\"font-weight: 400;\"><span style=\"font-size: x-large;\">Bei Rogitando nehmen wir Menschen niemals auf die leichte Schulter!<\/span><br \/><span style=\"font-size: x-large;\"><em>\u201eDer Erfolg des Unternehmens wird durch den Erfolg der einzelnen Personen bestimmt, die es ausmachen.\u201c<\/em><\/span><\/p>\n<p style=\"font-weight: 400;\"><strong>M\u00f6chten Sie wichtige Ziele als Immobilienmakler erreichen?<br \/>Sind Sie ehrgeizig und motiviert, aber haben das Gef\u00fchl, nicht gen\u00fcgend Unterst\u00fctzung oder Werkzeuge f\u00fcr eine Karriere zu haben?<br \/><\/strong><br \/><em><u>Wir brauchen SIE, wenn Sie fest an diese Dinge glauben:<\/u><\/em><\/p>\n<p style=\"font-weight: 400;\"><strong>WIN-WIN:<\/strong> Wir gewinnen gemeinsam, beide verdienen.<br \/><strong>CUSTOMER CENTRICITY:<\/strong> Kunden immer an erster Stelle.<br \/><strong>CREATIVITY:<\/strong> Ideen vor Ergebnissen.<br \/><strong>TEAMWORK:<\/strong> Gemeinsam arbeiten, um mehr zu erreichen.<br \/><strong>TRUST:<\/strong> Vertrauen, Ehrlichkeit und Seriosit\u00e4t.<br \/><strong>EQUITY: <\/strong>Chancengleichheit.<br \/><strong>ENGAGEMENT:<\/strong> Engagement in allem, was getan wird.<\/p>\n<p style=\"font-weight: 400;\">Konzentrieren Sie sich auf die Dinge, die am meisten z\u00e4hlen, wie Ihre Familie, Ihr Leben und die Beziehungen zu Ihren Kunden.<br \/>Den Rest \u00fcbernehmen wir.<\/p>\n<p style=\"font-weight: 400;\">Gemeinsam schaffen wir eine ruhige Arbeitsumgebung, die es Ihnen erm\u00f6glicht, alle Ziele zu erreichen, die Sie sich setzen, und das Potenzial in Ihnen zu f\u00f6rdern.<\/p>\n<p style=\"font-weight: 400;\">Unsere Marketingstrategien werden Ihnen helfen, Ihre pers\u00f6nliche Marke einfach und effektiv zu entwickeln und Ihnen den Raum zu geben, den Sie sich w\u00fcnschen.<\/p>\n<p>Unser Kommunikations- und Ausbildungspartner wird Sie durch gezielte Trainings unterst\u00fctzen, mit dem Ziel, an Ihrer pers\u00f6nlichen und beruflichen Motivation, Ihrer Autorit\u00e4t, dem Zeitmanagement und der Zusammenarbeit im Team zu arbeiten, um ein koh\u00e4sives, motiviertes und leistungsstarkes Team zu schaffen.<\/p>\n<p style=\"font-weight: 400;\"><u>Sie sind der\/die ideale Kandidat\/in, wenn:<\/u><\/p>\n<ul>\n<li>Sie \u00fcber ausgezeichnete Kenntnisse der italienischen Sprache verf\u00fcgen<\/li>\n<li>Sie ein Diplom und\/oder ein Studium abgeschlossen haben<\/li>\n<li>Sie ausgezeichnete kommunikative F\u00e4higkeiten und Verkaufsorientierung haben<\/li>\n<li>Sie ein\/eine freiberuflicher\/freiberufliche Unternehmer\/-in sind<\/li>\n<li>Sie \u00fcber die Zulassung zum Beruf des\/der Immobilienmaklers\/-maklerin verf\u00fcgen<\/li>\n<li>Sie beabsichtigen, die Zulassung zu erwerben<\/li>\n<li>Sie ein eigenes Auto besitzen<\/li>\n<\/ul>\n<p>Schlie\u00dfen Sie sich uns an, lassen Sie Rogitando Ihnen helfen, wertvolle Zeit zu sparen und mehr zu verdienen, um es nach Belieben in Ihre Karriere und Ihr Leben reinvestieren zu k\u00f6nnen.<\/p>\n<p style=\"font-weight: 400;\">Senden Sie uns eine E-Mail mit Ihrem Lebenslauf und geben Sie an <a href=\"mailto:team@rogitando.com\">team@rogitando.com<\/a>, f\u00fcr welchen Bereich Sie sich bewerben.<br \/><em><\/em><\/p>\n<p><em> <\/em><\/p>\n<p><em><\/em><\/p>\n<p style=\"font-weight: 400;\">\n<p>[\/et_pb_text][et_pb_text _builder_version=&#8220;4.22.1&#8243; _module_preset=&#8220;fb3bde8f-2dbb-4eed-ab26-b71612ec8618&#8243; header_5_font=&#8220;Prata||||||||&#8220; header_5_text_color=&#8220;#000000&#8243; custom_padding=&#8220;||0px|||&#8220; global_colors_info=&#8220;{}&#8220;][\/et_pb_text][\/et_pb_column][\/et_pb_row][\/et_pb_section]<\/p>\n","protected":false},"excerpt":{"rendered":"<p>Arbeiten Sie mit unsBei Rogitando nehmen wir Menschen niemals auf die leichte Schulter!\u201eDer Erfolg des Unternehmens wird durch den Erfolg der einzelnen Personen bestimmt, die es ausmachen.\u201c M\u00f6chten Sie wichtige Ziele als Immobilienmakler erreichen?Sind Sie ehrgeizig und motiviert, aber haben das Gef\u00fchl, nicht gen\u00fcgend Unterst\u00fctzung oder Werkzeuge f\u00fcr eine Karriere zu haben?Wir brauchen SIE, wenn [&hellip;]<\/p>\n","protected":false},"author":1,"featured_media":0,"parent":0,"menu_order":0,"comment_status":"closed","ping_status":"closed","template":"","meta":{"_et_pb_use_builder":"on","_et_pb_old_content":"","_et_gb_content_width":"","footnotes":""},"class_list":["post-1285","page","type-page","status-publish","hentry"],"_links":{"self":[{"href":"https:\/\/rogitando.com\/de\/wp-json\/wp\/v2\/pages\/1285","targetHints":{"allow":["GET"]}}],"collection":[{"href":"https:\/\/rogitando.com\/de\/wp-json\/wp\/v2\/pages"}],"about":[{"href":"https:\/\/rogitando.com\/de\/wp-json\/wp\/v2\/types\/page"}],"author":[{"embeddable":true,"href":"https:\/\/rogitando.com\/de\/wp-json\/wp\/v2\/users\/1"}],"replies":[{"embeddable":true,"href":"https:\/\/rogitando.com\/de\/wp-json\/wp\/v2\/comments?post=1285"}],"version-history":[{"count":2,"href":"https:\/\/rogitando.com\/de\/wp-json\/wp\/v2\/pages\/1285\/revisions"}],"predecessor-version":[{"id":1287,"href":"https:\/\/rogitando.com\/de\/wp-json\/wp\/v2\/pages\/1285\/revisions\/1287"}],"wp:attachment":[{"href":"https:\/\/rogitando.com\/de\/wp-json\/wp\/v2\/media?parent=1285"}],"curies":[{"name":"wp","href":"https:\/\/api.w.org\/{rel}","templated":true}]}}