{"id":1276,"date":"2024-01-26T01:47:53","date_gmt":"2024-01-26T01:47:53","guid":{"rendered":"https:\/\/rogitando.com\/verkauf-ohne-rogitando\/"},"modified":"2025-05-22T13:20:44","modified_gmt":"2025-05-22T13:20:44","slug":"verkauf-ohne-rogitando","status":"publish","type":"page","link":"https:\/\/rogitando.com\/de\/verkauf-ohne-rogitando\/","title":{"rendered":"Verkauf ohne Rogitando"},"content":{"rendered":"<p>[et_pb_section fb_built=&#8220;1&#8243; admin_label=&#8220;Header&#8220; _builder_version=&#8220;4.22.1&#8243; _module_preset=&#8220;default&#8220; background_color=&#8220;gcid-5aa9ce6a-8a5e-4347-973a-c6b91f603234&#8243; collapsed=&#8220;on&#8220; global_colors_info=&#8220;{%22gcid-5aa9ce6a-8a5e-4347-973a-c6b91f603234%22:%91%22background_color%22%93}&#8220;][et_pb_row column_structure=&#8220;1_2,1_2&#8243; make_equal=&#8220;on&#8220; _builder_version=&#8220;4.22.1&#8243; _module_preset=&#8220;default&#8220; width=&#8220;94%&#8220; width_tablet=&#8220;80%&#8220; width_phone=&#8220;80%&#8220; width_last_edited=&#8220;on|desktop&#8220; max_width=&#8220;2000px&#8220; custom_padding=&#8220;0px||0px||true|false&#8220; hover_enabled=&#8220;0&#8243; global_colors_info=&#8220;{}&#8220; sticky_enabled=&#8220;0&#8243;][et_pb_column type=&#8220;1_2&#8243; _builder_version=&#8220;4.22.0&#8243; _module_preset=&#8220;default&#8220; custom_padding=&#8220;46vh||||false|false&#8220; custom_padding_tablet=&#8220;0vw||||false|false&#8220; custom_padding_phone=&#8220;0vw||||false|false&#8220; custom_padding_last_edited=&#8220;on|desktop&#8220; global_colors_info=&#8220;{}&#8220;][et_pb_text _builder_version=&#8220;4.22.1&#8243; _module_preset=&#8220;05cc8fbc-0f32-4f33-ab1a-3f8fc6f57574&#8243; header_text_color=&#8220;#FFFFFF&#8220; header_font_size=&#8220;44px&#8220; max_width=&#8220;800px&#8220; global_colors_info=&#8220;{}&#8220;]<\/p>\n<h1>Sind Sie sicher, dass es das Richtige f\u00fcr Sie ist?<br \/>ein Haus verkaufen oder kaufen<br \/>ohne unsere Hilfe?<\/h1>\n<p>[\/et_pb_text][\/et_pb_column][et_pb_column type=&#8220;1_2&#8243; _builder_version=&#8220;4.22.1&#8243; _module_preset=&#8220;default&#8220; background_image=&#8220;https:\/\/rogitando.com\/wp-content\/uploads\/2024\/03\/sei-sicuro-che-ti-convenga-vendere-o-comprare-casa.jpg&#8220; hover_enabled=&#8220;0&#8243; border_radii=&#8220;on|10px|10px|10px|10px&#8220; global_colors_info=&#8220;{}&#8220; title_text=&#8220;sei-sicuro-che-ti-convenga-vendere-o-comprare-casa&#8220; sticky_enabled=&#8220;0&#8243;][et_pb_divider show_divider=&#8220;off&#8220; _builder_version=&#8220;4.21.0&#8243; _module_preset=&#8220;default&#8220; height_tablet=&#8220;40vw&#8220; height_phone=&#8220;40vw&#8220; height_last_edited=&#8220;on|desktop&#8220; hover_enabled=&#8220;0&#8243; global_colors_info=&#8220;{}&#8220; sticky_enabled=&#8220;0&#8243;][\/et_pb_divider][\/et_pb_column][\/et_pb_row][\/et_pb_section][et_pb_section fb_built=&#8220;1&#8243; admin_label=&#8220;Services&#8220; _builder_version=&#8220;4.21.0&#8243; _module_preset=&#8220;default&#8220; collapsed=&#8220;on&#8220; global_colors_info=&#8220;{}&#8220;][et_pb_row _builder_version=&#8220;4.22.1&#8243; _module_preset=&#8220;default&#8220; max_width=&#8220;80%&#8220; global_colors_info=&#8220;{}&#8220;][et_pb_column type=&#8220;4_4&#8243; _builder_version=&#8220;4.21.0&#8243; _module_preset=&#8220;default&#8220; global_colors_info=&#8220;{}&#8220;][et_pb_text _builder_version=&#8220;4.22.1&#8243; _module_preset=&#8220;fb3bde8f-2dbb-4eed-ab26-b71612ec8618&#8243; global_colors_info=&#8220;{}&#8220;]<\/p>\n<p>Sagen wir uns die Wahrheit, wer hat nicht zumindest einmal dar\u00fcber nachgedacht, auf die Immobilienvermittlung zu verzichten?<br \/>Viele Menschen entscheiden sich, sich nicht an eine Immobilienagentur zu wenden, um zu versuchen, ihre Immobilie selbst zu verkaufen. Aber Vorsicht, es gibt bestimmte Schritte, die genau befolgt werden m\u00fcssen, je nach Ziel, das erreicht werden soll.<br \/>Wie kann man also seine Immobilie privat verkaufen, ohne den Immobilienmakler einzubeziehen, um die Geb\u00fchr zu vermeiden, die normalerweise zwischen 3 % und 4 % liegt?<br \/>Es ist m\u00f6glich! Kein Gesetz verbietet oder schr\u00e4nkt diese Vorgehensweise ein. Lassen Sie uns im Folgenden die Schritte durchgehen, um den Verkauf zwischen Privatpersonen zu realisieren.    <br \/><span style=\"font-size: large;\">1. Die Immobilie f\u00fcr den Verkauf planen und organisieren<\/span><br \/><span style=\"font-size: large;\">2. Alle g\u00fcltigen und notwendigen Dokumente beschaffen, analysieren und vorlegen<\/span><br \/><span style=\"font-size: large;\">3. Den Marktwert ermitteln, indem alle Immobilienmarktdaten der betreffenden Zone analysiert werden, um den Verkaufspreis der Immobilie zu bestimmen<\/span><br \/><span style=\"font-size: large;\">4. Die geeignetste Marketingstrategie f\u00fcr den Verkauf der Immobilie erstellen<\/span><br \/><span style=\"font-size: large;\">5. Potenzielle K\u00e4ufer suchen und Besichtigungen und Verhandlungen organisieren und verwalten<\/span><br \/><span style=\"font-size: large;\">6. Den Vorvertrag ausf\u00fcllen und die Beurkundung oder \u00f6ffentliche Urkunde beim Notar planen<\/span><\/p>\n<p><span style=\"font-size: large;\"><strong>Die Immobilie f\u00fcr den Verkauf planen und organisieren<\/strong><\/span><br \/>Das bedeutet, eine Umgebung zu schaffen oder wiederherzustellen, die f\u00fcr den potenziellen K\u00e4ufer attraktiv wirkt. Die drei Hauptregeln, die zu befolgen sind, lauten: Sauberkeit, Gastfreundschaft, Ordnung. Entfernen Sie alles, was unn\u00f6tig sein k\u00f6nnte. Ziehen Sie in Erw\u00e4gung, die Innen- und Au\u00dfenr\u00e4ume zu streichen, falls notwendig, um das Aussehen der Immobilie zu verbessern und sie ordentlich und neu wirken zu lassen. \u00dcberpr\u00fcfen Sie, ob alle Anlagen in einwandfreiem Zustand sind, wie etwa Pumpen, Heizkessel usw., und ob sie den gesetzlichen Anforderungen entsprechen, um Risiken oder Verantwortlichkeiten zu vermeiden.     <\/p>\n<p><span style=\"font-size: large;\"><strong>Alle g\u00fcltigen und notwendigen Dokumente beschaffen, analysieren und vorlegen<\/strong><\/span><br \/>Die Analyse der Dokumentation und die \u00dcberpr\u00fcfung, dass alle erforderlichen Dokumente korrekt und g\u00fcltig sind, ist ein notwendiger Schritt, bevor Sie zum Notar gehen, um Unregelm\u00e4\u00dfigkeiten oder Abweichungen zu vermeiden.<br \/>Bereiten Sie vor: <br \/>Kopie des Ausweises des Verk\u00e4ufers, Meldebescheinigung oder Eigenbest\u00e4tigung, Heiratsurkunde oder Geburtsurkunde, Energieausweis, Katasterauszug und letzte Planzeichnung, Baugenehmigung, Urbanistische Zuweisungsbescheinigung, Bescheinigung \u00fcber die Nutzbarkeit und Bewohnbarkeit, Eigentumstitel, Wohnungseigent\u00fcmergemeinschaftsordnung, Bescheinigung \u00fcber die regelm\u00e4\u00dfige Zahlung, Mietvertrag (falls vorhanden), Konformit\u00e4tszertifikate der Anlagen, Kopie des laufenden Hypothekenvertrags (falls g\u00fcltig)<\/p>\n<p><span style=\"font-size: large;\"><strong>Den Marktwert ermitteln, indem alle Daten des Immobilienmarkts der betreffenden Zone analysiert werden, um den Verkaufspreis zu bestimmen<\/strong><\/span><br \/>F\u00fchren Sie eine korrekte Bewertung durch, indem Sie eine Marktanalyse vornehmen, die Folgendes umfasst:<br \/>Aktuelle Berichte, Analyse der Fl\u00e4chen, Potenzielle Risikofaktoren in der Region, Vergleich mit fr\u00fcher verkauften und derzeit zum Verkauf stehenden Immobilien, Durchschnittspreise aus Immobilienrecherchen, Energiequalit\u00e4t, Hauptattraktionen und Sehensw\u00fcrdigkeiten in der Umgebung, Entwicklung der Preise pro Quadratmeter (\u20ac\/qm)<\/p>\n<p><span style=\"font-size: large;\"><strong>Die geeignetste Marketingstrategie f\u00fcr den Verkauf der Immobilie erstellen<\/strong><\/span><br \/>Welche Marketingma\u00dfnahmen m\u00f6chten Sie f\u00fcr den Verkauf der Immobilie ergreifen? Welche Kommunikationskan\u00e4le w\u00e4hlen Sie und mit welchen Botschaften pr\u00e4sentieren Sie die Immobilie, um die Sichtbarkeit zu erh\u00f6hen? <br \/>Bereiten Sie ein professionelles Fotoshooting und ein Video vor. Falls notwendig, ziehen Sie einen Innenarchitekten hinzu. <\/p>\n<p><span style=\"font-size: large;\"><strong>Potenzielle K\u00e4ufer suchen und Besichtigungen sowie Verhandlungen organisieren und verwalten<\/strong><\/span><br \/>In dieser Phase m\u00fcssen Sie darauf vorbereitet sein, die Kontakte potenzieller K\u00e4ufer zu verwalten, die wirklich Interessierten durch einen \u201cQualifikationsprozess\u201c auszuw\u00e4hlen und Besichtigungstermine zu organisieren, bei denen Sie alle Informationen an jede Person weitergeben, die die Immobilie besichtigen wird.<\/p>\n<p><span style=\"font-size: large;\"><strong>Den Vorvertrag ausf\u00fcllen und die Beurkundung oder \u00f6ffentliche Urkunde beim Notar planen<\/strong><\/span><br \/>Der Kaufvertrag: Vorvertrag zwischen Privatpersonen. Nachdem Sie endlich einen K\u00e4ufer gefunden haben, m\u00fcssen Sie das Kaufangebot zwischen Privatpersonen schriftlich festhalten. Um g\u00fcltig zu sein, muss der Vorvertrag schriftlich abgefasst sein, alle Daten der Immobilie korrekt ausgef\u00fcllt enthalten, die Anzahlung und die vorgesehenen Vertragsstrafen enthalten und registriert werden.<br \/>Anschlie\u00dfend m\u00fcssen Sie mit dem Notar die Beurkundung des Eigentumstransfers planen.  <\/p>\n<p>[\/et_pb_text][et_pb_text _builder_version=&#8220;4.22.1&#8243; _module_preset=&#8220;fb3bde8f-2dbb-4eed-ab26-b71612ec8618&#8243; text_font=&#8220;Prata||||||||&#8220; text_font_size=&#8220;23px&#8220; global_colors_info=&#8220;{}&#8220;]<\/p>\n<p>Halten Sie es immer noch f\u00fcr m\u00f6glich, Ihre Immobilie selbst zu verkaufen?<br \/>Halten Sie es wirklich f\u00fcr einfach, den Verkauf einer Immobilie zu organisieren?<br \/>Sind Sie immer noch \u00fcberzeugt, dass die Provision des Maklers ein Kostenfaktor ist?<br \/>Rogitando, L\u00f6sungen h\u00f6ren nie auf.<\/p>\n<p>[\/et_pb_text][\/et_pb_column][\/et_pb_row][\/et_pb_section]<\/p>\n","protected":false},"excerpt":{"rendered":"<p>Sind Sie sicher, dass es das Richtige f\u00fcr Sie ist?ein Haus verkaufen oder kaufenohne unsere Hilfe?Sagen wir uns die Wahrheit, wer hat nicht zumindest einmal dar\u00fcber nachgedacht, auf die Immobilienvermittlung zu verzichten?Viele Menschen entscheiden sich, sich nicht an eine Immobilienagentur zu wenden, um zu versuchen, ihre Immobilie selbst zu verkaufen. Aber Vorsicht, es gibt bestimmte [&hellip;]<\/p>\n","protected":false},"author":1,"featured_media":0,"parent":0,"menu_order":0,"comment_status":"closed","ping_status":"closed","template":"","meta":{"_et_pb_use_builder":"on","_et_pb_old_content":"","_et_gb_content_width":"","footnotes":""},"class_list":["post-1276","page","type-page","status-publish","hentry"],"_links":{"self":[{"href":"https:\/\/rogitando.com\/de\/wp-json\/wp\/v2\/pages\/1276","targetHints":{"allow":["GET"]}}],"collection":[{"href":"https:\/\/rogitando.com\/de\/wp-json\/wp\/v2\/pages"}],"about":[{"href":"https:\/\/rogitando.com\/de\/wp-json\/wp\/v2\/types\/page"}],"author":[{"embeddable":true,"href":"https:\/\/rogitando.com\/de\/wp-json\/wp\/v2\/users\/1"}],"replies":[{"embeddable":true,"href":"https:\/\/rogitando.com\/de\/wp-json\/wp\/v2\/comments?post=1276"}],"version-history":[{"count":2,"href":"https:\/\/rogitando.com\/de\/wp-json\/wp\/v2\/pages\/1276\/revisions"}],"predecessor-version":[{"id":1278,"href":"https:\/\/rogitando.com\/de\/wp-json\/wp\/v2\/pages\/1276\/revisions\/1278"}],"wp:attachment":[{"href":"https:\/\/rogitando.com\/de\/wp-json\/wp\/v2\/media?parent=1276"}],"curies":[{"name":"wp","href":"https:\/\/api.w.org\/{rel}","templated":true}]}}