{"id":1251,"date":"2024-02-19T21:33:30","date_gmt":"2024-02-19T21:33:30","guid":{"rendered":"https:\/\/rogitando.com\/gewerbebauten\/"},"modified":"2025-05-21T08:58:31","modified_gmt":"2025-05-21T08:58:31","slug":"gewerbebauten","status":"publish","type":"page","link":"https:\/\/rogitando.com\/de\/gewerbebauten\/","title":{"rendered":"Gewerbebauten"},"content":{"rendered":"<p>[et_pb_section fb_built=&#8220;1&#8243; admin_label=&#8220;Header&#8220; _builder_version=&#8220;4.22.1&#8243; _module_preset=&#8220;default&#8220; background_color=&#8220;#005B80&#8243; locked=&#8220;off&#8220; collapsed=&#8220;on&#8220; global_colors_info=&#8220;{}&#8220;][et_pb_row column_structure=&#8220;1_2,1_2&#8243; make_equal=&#8220;on&#8220; _builder_version=&#8220;4.22.1&#8243; _module_preset=&#8220;default&#8220; width=&#8220;94%&#8220; width_tablet=&#8220;80%&#8220; width_phone=&#8220;80%&#8220; width_last_edited=&#8220;on|desktop&#8220; max_width=&#8220;2000px&#8220; custom_padding=&#8220;0px||0px||true|false&#8220; global_colors_info=&#8220;{}&#8220;][et_pb_column type=&#8220;1_2&#8243; _builder_version=&#8220;4.22.0&#8243; _module_preset=&#8220;default&#8220; custom_padding=&#8220;46vh||||false|false&#8220; custom_padding_tablet=&#8220;0vw||||false|false&#8220; custom_padding_phone=&#8220;0vw||||false|false&#8220; custom_padding_last_edited=&#8220;on|desktop&#8220; global_colors_info=&#8220;{}&#8220;][et_pb_text _builder_version=&#8220;4.22.1&#8243; _module_preset=&#8220;05cc8fbc-0f32-4f33-ab1a-3f8fc6f57574&#8243; header_text_color=&#8220;#FFFFFF&#8220; header_font_size=&#8220;44px&#8220; max_width=&#8220;800px&#8220; global_colors_info=&#8220;{}&#8220;]<\/p>\n<h1><strong>Gewerbeschuppen<br \/>und Industrie<\/strong><\/h1>\n<p>[\/et_pb_text][\/et_pb_column][et_pb_column type=&#8220;1_2&#8243; _builder_version=&#8220;4.22.1&#8243; _module_preset=&#8220;default&#8220; background_image=&#8220;https:\/\/rogitando.com\/wp-content\/uploads\/2024\/02\/Ferrajoli-2.png&#8220; border_radii=&#8220;on|10px|10px|10px|10px&#8220; global_colors_info=&#8220;{}&#8220;][et_pb_divider show_divider=&#8220;off&#8220; _builder_version=&#8220;4.21.0&#8243; _module_preset=&#8220;default&#8220; height_tablet=&#8220;40vw&#8220; height_phone=&#8220;40vw&#8220; height_last_edited=&#8220;on|desktop&#8220; global_colors_info=&#8220;{}&#8220;][\/et_pb_divider][\/et_pb_column][\/et_pb_row][\/et_pb_section][et_pb_section fb_built=&#8220;1&#8243; admin_label=&#8220;Services&#8220; _builder_version=&#8220;4.21.0&#8243; _module_preset=&#8220;default&#8220; locked=&#8220;off&#8220; collapsed=&#8220;on&#8220; global_colors_info=&#8220;{}&#8220;][et_pb_row _builder_version=&#8220;4.22.1&#8243; _module_preset=&#8220;default&#8220; max_width=&#8220;80%&#8220; custom_margin=&#8220;|auto||142px||&#8220; global_colors_info=&#8220;{}&#8220;][et_pb_column type=&#8220;4_4&#8243; _builder_version=&#8220;4.21.0&#8243; _module_preset=&#8220;default&#8220; global_colors_info=&#8220;{}&#8220;][et_pb_text _builder_version=&#8220;4.22.1&#8243; _module_preset=&#8220;fb3bde8f-2dbb-4eed-ab26-b71612ec8618&#8243; header_5_font=&#8220;Prata||||||||&#8220; header_5_text_color=&#8220;#000000&#8243; global_colors_info=&#8220;{}&#8220; custom_padding=&#8220;|||108px||&#8220;]<\/p>\n<p style=\"font-weight: 400;\">Eigent\u00fcmer von Industrie- und Gewerbehallen zu sein, kann sehr teuer werden, wenn man den verf\u00fcgbaren Raum nicht vollst\u00e4ndig nutzen kann oder einfach keine Notwendigkeit mehr daf\u00fcr besteht. Die Verwaltungskosten und Wartungskosten sind nicht zu untersch\u00e4tzen, daher stellt sich die Frage, ob es sinnvoller ist, weiterhin Steuern auf die Immobilie zu zahlen oder die Halle zu verkaufen. <\/p>\n<p style=\"font-weight: 400;\">Im Verkaufsprozess einer Halle spielen viele Faktoren eine Rolle, die den endg\u00fcltigen Verkaufspreis bestimmen. Es ist in der Tat nicht einfach, eine Halle zu verkaufen und einen angemessenen Preis zu erzielen, wenn man sich mit dem Thema nicht auskennt. Lassen Sie uns von Anfang an beginnen und die verschiedenen Arten von Hallen betrachten.  <\/p>\n<p style=\"font-weight: 400;\"><strong><u>Industriehallen: Die Typen<\/u><\/strong><\/p>\n<p style=\"font-weight: 400;\">Zun\u00e4chst ist es wichtig zu betonen, dass Hallen echte Geb\u00e4ude sind, die auf unterschiedliche Weise genutzt werden k\u00f6nnen: Es ist m\u00f6glich, Hallen als Lager f\u00fcr Rohstoffe und Materialien zu verwenden, genauso wie als Produktions- oder Arbeitsbereiche f\u00fcr spezifische T\u00e4tigkeiten.<\/p>\n<p style=\"font-weight: 400;\">Industriehallen fallen je nach Nutzung in die Kategorien C oder D und es ist daher erforderlich, beim Kauf oder Verkauf einen Kaufvertrag abzuschlie\u00dfen.<\/p>\n<p style=\"font-weight: 400;\">Industriehallen lassen sich unterteilen in:<\/p>\n<ul>\n<li style=\"font-weight: 400;\"><span> <\/span>Mauerwerksgeb\u00e4ude: Es handelt sich um die \u00e4lteste Form von Industriegeb\u00e4uden. Sie erfordern hohe Budgets f\u00fcr die Planung und lange Bauzeiten. Wenn der Verkauf notwendig wird, ist es oft schwierig, K\u00e4ufer zu finden, die bereit sind, gro\u00dfe Summen zu zahlen, vor allem, weil im Laufe der Jahre einfachere und praktischere L\u00f6sungen entstanden sind, die dieselbe Leistung bieten, aber mit k\u00fcrzeren Bauzeiten und geringeren Kosten. <\/li>\n<li style=\"font-weight: 400;\"><span> <\/span>Fertighallen aus Beton: Die Bauindustrie hat das Konzept von Hallen revolutioniert, indem sie modulare Betonstrukturen einf\u00fchrte, die den Lagerbedarf und die Schaffung neuer Produktionsfl\u00e4chen erm\u00f6glichen. Sie sehen \u00e4sthetisch wie traditionelle Mauerwerksgeb\u00e4ude aus, haben jedoch den Vorteil, dass sie schneller gebaut werden. Die italienischen Industriegebiete sind voll von solchen Hallen, die heute die Mehrheit der zum Verkauf stehenden Hallen ausmachen.  <\/li>\n<li style=\"font-weight: 400;\"><span> <\/span>Stahlhallen: Es handelt sich um schnell zu bauende, isolierte Hallen, die im Vergleich zu den beiden ersten Varianten kosteng\u00fcnstiger sind. Die Struktur wird aus verzinktem Stahl gefertigt und mit Sandwichpaneelen verkleidet, um den besten thermischen und akustischen Isolationsgrad zu gew\u00e4hrleisten. Die Bauzeiten betragen etwa 30 bis 60 Tage und sie lassen sich aufgrund ihrer spezifischen Eigenschaften und niedrigen Kosten leichter verkaufen.  <\/li>\n<\/ul>\n<p style=\"font-weight: 400;\">\n<p style=\"font-weight: 400;\"><strong>Den Verkauf einer Halle<\/strong><\/p>\n<p style=\"font-weight: 400;\"><em>Warum verkauft man eine Halle?<\/em><br \/>Viele Menschen sehen sich aus verschiedenen Gr\u00fcnden gezwungen, ihre Halle zu verkaufen. <br \/>Dazu geh\u00f6ren:<br \/>-Ein Standortwechsel der eigenen Gesch\u00e4ftst\u00e4tigkeit;<br \/>-Eine Gesch\u00e4ftsaufgabe, die h\u00e4ufig den Verkauf von nicht mehr ben\u00f6tigten Gegenst\u00e4nden und Immobilien erfordert;<br \/>-Eine Verkleinerung des Unternehmens, bei der eine kleinere Halle erforderlich ist.<\/p>\n<p style=\"font-weight: 400;\">Manchmal kann es auch notwendig sein, die Halle schnell und dringend zu verkaufen, um eine gr\u00f6\u00dfere Liquidit\u00e4t zu erzielen.<br \/>Der Verkauf einer Halle kann mit Steuerkosten verbunden sein, die auch dann anfallen, wenn die Halle nicht mehr genutzt wird.<\/p>\n<p style=\"font-weight: 400;\">Um das Problem zu l\u00f6sen und die Halle optimal zu verkaufen, ist es notwendig, den Verkauf sorgf\u00e4ltig zu planen und vorzubereiten.<\/p>\n<p style=\"font-weight: 400;\">Ein spezialisiertes Immobilienmaklerunternehmen k\u00f6nnte dabei helfen, die Halle bestm\u00f6glich zu verkaufen, indem es dem Eigent\u00fcmer nicht nur wertvolle Zeit spart, sondern auch K\u00e4ufer vermeidet, die nur aus Neugier kommen, und eine angemessene Sch\u00e4tzung des Werts der Immobilie vornimmt. Es ist sehr wichtig, dass der endg\u00fcltige Preis den tats\u00e4chlichen Zustand des Geb\u00e4udes widerspiegelt und potenzielle K\u00e4ufer zum Kauf anregt.<br \/>Branchenexperten kennen die Marktentwicklung und k\u00f6nnen auf Grundlage der ihnen zur Verf\u00fcgung stehenden Daten eine g\u00fcltige und ehrliche Preisspanne festlegen und den Verkauf nur an Kunden weiterleiten, die aus Sicht der Zahlungsf\u00e4higkeit als g\u00fcltig gelten. <\/p>\n<p style=\"font-weight: 400;\">F\u00fcr eine fachgerechte Ausf\u00fchrung empfiehlt es sich daher, einen Fachmann auf dem jeweiligen Gebiet zu beauftragen, der alle erforderlichen Unterlagen schnellstm\u00f6glich beschafft. Wenn Kaufvorschl\u00e4ge von potenziellen Kunden eintreffen, ist es eine gute Idee, sich \u00fcber sie zu informieren und gleichzeitig ihre Privatsph\u00e4re zu respektieren. Auf diese Weise k\u00f6nnen einige Vorschl\u00e4ge und Angebote, die sowohl hinsichtlich des Preises als auch der Zahlungsgarantien als nicht angemessen und g\u00fcltig erachtet werden, von vornherein abgelehnt werden.  <\/p>\n<p>&nbsp;<\/p>\n<p style=\"font-weight: 400;\">Faktoren, die den endg\u00fcltigen Verkaufspreis einer Halle bestimmen:<\/p>\n<ol>\n<li style=\"font-weight: 400;\"><span> <\/span>Die Art der Halle:<br \/>Ob es sich um eine Mauerwerks-, Betonfertig- oder Stahlhalle handelt, der Preis pro Quadratmeter variiert erheblich.<\/li>\n<li style=\"font-weight: 400;\"><span> <\/span>Die Gr\u00f6\u00dfe der Halle:<br \/>Je gr\u00f6\u00dfer die Halle, desto teurer wird sie und desto schwieriger wird es sein, den richtigen K\u00e4ufer zu finden.<\/li>\n<li style=\"font-weight: 400;\"><span> <\/span>Die geografische Lage der Halle im Verh\u00e4ltnis zu den wichtigen Verkehrsanbindungen: Wenn es sich um eine Industriehalle handelt, die gut an Autobahnen, Flugh\u00e4fen oder Eisenbahnlinien angebunden ist, wird sie sicherlich zu einem h\u00f6heren Preis verkauft werden.<br \/>Handelt es sich um ein gewerbliches<span> <\/span>Lager, ist die N\u00e4he zu Wohngebieten, Bushaltestellen, gro\u00dfen Parkpl\u00e4tzen, Gesch\u00e4ften und bequemen und leicht zug\u00e4nglichen Erfrischungsst\u00e4nden sowohl f\u00fcr die dort Besch\u00e4ftigten als auch f\u00fcr die Kunden wichtig.<\/li>\n<li style=\"font-weight: 400;\"><span> <\/span>Der Stand des Immobilienmarktes zum Zeitpunkt des Verkaufs:<br \/>Der Immobilienmarkt schwankt st\u00e4ndig und je nach der historischen Situation wird es mehr oder weniger vorteilhaft sein zu verkaufen. Die Region, in der sich die Halle befindet, beeinflusst den Preis erheblich, da der Preis pro Quadratmeter in verschiedenen Regionen unterschiedlich ist. <\/li>\n<li style=\"font-weight: 400;\"><span> <\/span>Der strukturelle und \u00e4sthetische Zustand der Halle:<br \/>Die Jahre, die das Geb\u00e4ude seit seiner Errichtung vergangen ist, sind ein wichtiger Faktor bei der Preisbestimmung. Es wird auch empfohlen, die Halle im besten Zustand zu verkaufen. Wenn die finanziellen Mittel vorhanden sind, sollte man kleine Renovierungsarbeiten durchf\u00fchren und vielleicht das Geb\u00e4ude neu streichen. Der Verkaufsprozess ist oft auch emotional, und der K\u00e4ufer wird eher geneigt sein, in eine saubere, gut gepflegte Halle zu investieren.  <\/li>\n<\/ol>\n<p style=\"font-weight: 400;\">Es ist wichtig zu bedenken, dass f\u00fcr einen m\u00f6glichst realistischen Preis eine Sch\u00e4tzung von einem Fachmann erforderlich ist, der das Geb\u00e4ude unter allen Aspekten bewerten kann. Der Makler wird in der Lage sein, eine Bewertung abzugeben und somit eine angemessene Preisspanne f\u00fcr die Immobilie anzubieten. <\/p>\n<p style=\"font-weight: 400;\">Die Verkaufsdauer des Lagergeb\u00e4udes k\u00f6nnte auch vom Preisfaktor abh\u00e4ngen: Je h\u00f6her der Preis, desto weniger potenzielle K\u00e4ufer werden interessiert sein und die Verkaufszeiten werden sich verl\u00e4ngern.<\/p>\n<p>Liegt der Preis im durchschnittlichen Rahmen, werden viele Kunden eine Lagerbesichtigung verlangen und unter den richtigen Voraussetzungen k\u00f6nnen die Verhandlungen sehr schnell abgeschlossen werden.<\/p>\n<p style=\"font-weight: 400;\">\n<p style=\"font-weight: 400;\">\n<p style=\"font-weight: 400;\"><strong>Direkte und indirekte Verkaufskan\u00e4le<\/strong><\/p>\n<p style=\"font-weight: 400;\">Um eine Halle zu verkaufen, kann man entweder spezialisierte Immobilienagenturen beauftragen, also \u00fcber indirekte Kan\u00e4le, oder den Verkauf direkt, ohne Vermittlung, versuchen.<\/p>\n<p style=\"font-weight: 400;\">Die Vorteile, den Verkauf einem Fachmann zu \u00fcberlassen, sind zahlreich:<br \/>Das Maklerunternehmen kann den richtigen Verkaufspreis festlegen, indem es das Angebot mit anderen auf dem Markt befindlichen Immobilien vergleicht und dank seines Netzwerks und Kommunikationswerkzeugen wird es einfacher, den Verkauf zu bewerben.<\/p>\n<p style=\"font-weight: 400;\">Wenn man jedoch versucht, die Halle direkt zu verkaufen, ist eine gute Organisation erforderlich. Ein einfaches \u201cZu verkaufen\u201c -Schild mit Telefonnummern reicht nicht mehr aus, um einen schnellen Verkauf zu garantieren, es sei denn, die Halle befindet sich in einer besonders begehrten und strategischen Lage. <\/p>\n<p>Mundpropaganda oder Anzeigen in Fachzeitschriften k\u00f6nnen helfen, die Sichtbarkeit zu erh\u00f6hen, aber die effektivsten Mittel sind heute digitale Plattformen.<br \/>Digitale Kan\u00e4le k\u00f6nnen sehr hilfreich sein: Es ist daher wichtig, die Verkaufsanzeige in gut strukturierten sozialen Netzwerken und auf spezialisierten Immobilien-Webportalen zu schalten, die eine hervorragende Sichtbarkeit sowohl lokal als auch national gew\u00e4hrleisten.<\/p>\n<p style=\"font-weight: 400;\">\n<p>[\/et_pb_text][et_pb_text _builder_version=&#8220;4.22.1&#8243; _module_preset=&#8220;fb3bde8f-2dbb-4eed-ab26-b71612ec8618&#8243; header_5_font=&#8220;Prata||||||||&#8220; header_5_text_color=&#8220;#000000&#8243; custom_padding=&#8220;||0px|||&#8220; global_colors_info=&#8220;{}&#8220;][\/et_pb_text][\/et_pb_column][\/et_pb_row][\/et_pb_section]<\/p>\n","protected":false},"excerpt":{"rendered":"<p>Gewerbeschuppenund IndustrieEigent\u00fcmer von Industrie- und Gewerbehallen zu sein, kann sehr teuer werden, wenn man den verf\u00fcgbaren Raum nicht vollst\u00e4ndig nutzen kann oder einfach keine Notwendigkeit mehr daf\u00fcr besteht. Die Verwaltungskosten und Wartungskosten sind nicht zu untersch\u00e4tzen, daher stellt sich die Frage, ob es sinnvoller ist, weiterhin Steuern auf die Immobilie zu zahlen oder die Halle [&hellip;]<\/p>\n","protected":false},"author":1,"featured_media":0,"parent":0,"menu_order":0,"comment_status":"closed","ping_status":"closed","template":"","meta":{"_et_pb_use_builder":"on","_et_pb_old_content":"","_et_gb_content_width":"","footnotes":""},"class_list":["post-1251","page","type-page","status-publish","hentry"],"_links":{"self":[{"href":"https:\/\/rogitando.com\/de\/wp-json\/wp\/v2\/pages\/1251","targetHints":{"allow":["GET"]}}],"collection":[{"href":"https:\/\/rogitando.com\/de\/wp-json\/wp\/v2\/pages"}],"about":[{"href":"https:\/\/rogitando.com\/de\/wp-json\/wp\/v2\/types\/page"}],"author":[{"embeddable":true,"href":"https:\/\/rogitando.com\/de\/wp-json\/wp\/v2\/users\/1"}],"replies":[{"embeddable":true,"href":"https:\/\/rogitando.com\/de\/wp-json\/wp\/v2\/comments?post=1251"}],"version-history":[{"count":2,"href":"https:\/\/rogitando.com\/de\/wp-json\/wp\/v2\/pages\/1251\/revisions"}],"predecessor-version":[{"id":1253,"href":"https:\/\/rogitando.com\/de\/wp-json\/wp\/v2\/pages\/1251\/revisions\/1253"}],"wp:attachment":[{"href":"https:\/\/rogitando.com\/de\/wp-json\/wp\/v2\/media?parent=1251"}],"curies":[{"name":"wp","href":"https:\/\/api.w.org\/{rel}","templated":true}]}}