{"id":1248,"date":"2024-08-22T13:25:31","date_gmt":"2024-08-22T13:25:31","guid":{"rendered":"https:\/\/rogitando.com\/exclusive\/"},"modified":"2025-07-10T14:43:44","modified_gmt":"2025-07-10T14:43:44","slug":"exclusive","status":"publish","type":"page","link":"https:\/\/rogitando.com\/de\/exclusive\/","title":{"rendered":"Exclusive"},"content":{"rendered":"<p>[et_pb_section fb_built=&#8220;1&#8243; admin_label=&#8220;Header&#8220; _builder_version=&#8220;4.22.1&#8243; _module_preset=&#8220;default&#8220; background_color=&#8220;#005B80&#8243; collapsed=&#8220;on&#8220; global_colors_info=&#8220;{}&#8220;][et_pb_row column_structure=&#8220;1_2,1_2&#8243; make_equal=&#8220;on&#8220; _builder_version=&#8220;4.27.0&#8243; _module_preset=&#8220;default&#8220; width=&#8220;94%&#8220; width_tablet=&#8220;80%&#8220; width_phone=&#8220;80%&#8220; width_last_edited=&#8220;on|desktop&#8220; max_width=&#8220;2000px&#8220; custom_padding=&#8220;0px||0px||true|false&#8220; global_colors_info=&#8220;{}&#8220;][et_pb_column type=&#8220;1_2&#8243; _builder_version=&#8220;4.22.0&#8243; _module_preset=&#8220;default&#8220; custom_padding=&#8220;46vh||||false|false&#8220; custom_padding_tablet=&#8220;0vw||||false|false&#8220; custom_padding_phone=&#8220;0vw||||false|false&#8220; custom_padding_last_edited=&#8220;on|desktop&#8220; global_colors_info=&#8220;{}&#8220;][et_pb_text _builder_version=&#8220;4.27.0&#8243; _module_preset=&#8220;05cc8fbc-0f32-4f33-ab1a-3f8fc6f57574&#8243; header_text_color=&#8220;#FFFFFF&#8220; header_font_size=&#8220;44px&#8220; max_width=&#8220;800px&#8220; global_colors_info=&#8220;{}&#8220;]<\/p>\n<h1><strong>Exclusive collection<\/strong><\/h1>\n<p>[\/et_pb_text][\/et_pb_column][et_pb_column type=&#8220;1_2&#8243; _builder_version=&#8220;4.27.0&#8243; _module_preset=&#8220;default&#8220; background_image=&#8220;https:\/\/rogitando.com\/wp-content\/uploads\/2024\/08\/blocco-dx-grande.jpg&#8220; border_radii=&#8220;on|10px|10px|10px|10px&#8220; global_colors_info=&#8220;{}&#8220;][et_pb_divider show_divider=&#8220;off&#8220; _builder_version=&#8220;4.21.0&#8243; _module_preset=&#8220;default&#8220; height_tablet=&#8220;40vw&#8220; height_phone=&#8220;40vw&#8220; height_last_edited=&#8220;on|desktop&#8220; global_colors_info=&#8220;{}&#8220;][\/et_pb_divider][\/et_pb_column][\/et_pb_row][\/et_pb_section][et_pb_section fb_built=&#8220;1&#8243; admin_label=&#8220;Services&#8220; _builder_version=&#8220;4.21.0&#8243; _module_preset=&#8220;default&#8220; collapsed=&#8220;on&#8220; global_colors_info=&#8220;{}&#8220;][et_pb_row column_structure=&#8220;2_5,3_5&#8243; _builder_version=&#8220;4.27.4&#8243; _module_preset=&#8220;default&#8220; width=&#8220;100%&#8220; max_width=&#8220;1500px&#8220; height=&#8220;700px&#8220; custom_margin=&#8220;||820px||false|false&#8220; custom_padding=&#8220;||0px||false|false&#8220; global_colors_info=&#8220;{}&#8220;][et_pb_column type=&#8220;2_5&#8243; _builder_version=&#8220;4.27.4&#8243; _module_preset=&#8220;default&#8220; global_colors_info=&#8220;{}&#8220;][et_pb_gallery gallery_ids=&#8220;1425,1428,1431,1434,1437,1440&#8243; gallery_orderby=&#8220;rand&#8220; fullwidth=&#8220;on&#8220; _builder_version=&#8220;4.27.4&#8243; _module_preset=&#8220;default&#8220; min_height=&#8220;450px&#8220; height=&#8220;450px&#8220; custom_margin=&#8220;|0px||0px|false|false&#8220; custom_padding=&#8220;|0px||0px|false|false&#8220; animation_style=&#8220;fade&#8220; global_colors_info=&#8220;{}&#8220;][\/et_pb_gallery][\/et_pb_column][et_pb_column type=&#8220;3_5&#8243; _builder_version=&#8220;4.27.4&#8243; _module_preset=&#8220;default&#8220; global_colors_info=&#8220;{}&#8220;][et_pb_text content_tablet=&#8220;<\/p>\n<p>Wie oft haben wir beim Besuch einer Stadt innegehalten und ein altes Geb\u00e4ude bestaunt, das die Spuren der Zeit tr\u00e4gt, aber mit einem schwer erkl\u00e4rbaren Charme und einer Sch\u00f6nheit, die uns mehr an den Aufenthalt erinnert als die Reise selbst?<\/p>\n<p>Jede Stadt unseres Landes macht uns auf der ganzen Welt stolz aufgrund des k\u00fcnstlerischen und architektonischen Reichtums, den sie besitzt und in ihren Geb\u00e4uden zeigt.<\/p>\n<p>In dieser Zeit sind Luxusimmobilien die sicherste Investition, der Zufluchtsort f\u00fcr diejenigen, die keine b\u00f6sen \u00dcberraschungen erleben wollen, die Gewissheit einer j\u00e4hrlichen Kapitalaufwertung verbunden mit einer hohen Rendite und nicht zuletzt die M\u00f6glichkeit, ein einzigartiges und prestigetr\u00e4chtiges Objekt zu besitzen.<\/p>\n<p>Wir sind in der Lage, ein Immobilienportfolio mit echten architektonischen Juwelen in den historischen Zentren der wichtigsten italienischen St\u00e4dte anzubieten, an strategischen Standorten oder in den charakteristischsten Gegenden, mit einer sehr hohen Rentabilit\u00e4t im Laufe der Zeit. Wir bieten eine sorgf\u00e4ltige Auswahl italienischer Prestigeimmobilien, die exklusiv den anspruchsvollsten Investoren vorbehalten sind, damit sie nicht nur Zuschauer dieses Marktes bleiben, sondern zu den wahren Protagonisten werden. <\/p>\n<p>Unser Bereich \u201eExklusive Kollektion\u201c bietet die M\u00f6glichkeit, wahre architektonische Kunstwerke zu erwerben, die f\u00fcr jeden Bedarf geeignet sind: Wohnen, Gewerbe, Gastgewerbe.<\/p>\n<p>Einzigartigkeit, Wert, Kostbarkeit, Diskretion und Prestige sind die Elemente, die die Immobiliengesch\u00e4fte auszeichnen, die wir unseren wichtigsten Kunden anbieten.<\/p>\n<p>Beratung, Professionalit\u00e4t und Effizienz sind seit jeher die Schlagworte von Rogitando, um dem Kunden ein einzigartiges, transparentes Erlebnis in v\u00f6lliger Privatsph\u00e4re und Diskretion zu bieten.<\/p>\n<p>Wir f\u00fchren anspruchsvolle Investoren auf der Suche nach dem Au\u00dfergew\u00f6hnlichen, dem Einzigartigen und dem Unvergleichlichen.<\/p>\n<p><strong>Wir behandeln unsere Angebote mit gr\u00f6\u00dfter Diskretion, insbesondere in diesem Bereich unserer Organisation, um die Privatsph\u00e4re des Verk\u00e4ufers und des K\u00e4ufers zu sch\u00fctzen.<\/strong><\/p>\n<p>&#8220; content_phone=&#8220;<\/p>\n<p>Wie oft haben wir beim Besuch einer Stadt innegehalten und ein altes Geb\u00e4ude bestaunt, das die Spuren der Zeit tr\u00e4gt, aber mit einem schwer erkl\u00e4rbaren Charme und einer Sch\u00f6nheit, die uns mehr an den Aufenthalt erinnert als die Reise selbst?<\/p>\n<p>Jede Stadt unseres Landes macht uns auf der ganzen Welt stolz aufgrund des k\u00fcnstlerischen und architektonischen Reichtums, den sie besitzt und in ihren Geb\u00e4uden zeigt.<\/p>\n<p>In dieser Zeit sind Luxusimmobilien die sicherste Investition, der Zufluchtsort f\u00fcr diejenigen, die keine b\u00f6sen \u00dcberraschungen erleben wollen, die Gewissheit einer j\u00e4hrlichen Kapitalaufwertung verbunden mit einer hohen Rendite und nicht zuletzt die M\u00f6glichkeit, ein einzigartiges und prestigetr\u00e4chtiges Objekt zu besitzen.<\/p>\n<p>Wir sind in der Lage, ein Immobilienportfolio mit echten architektonischen Juwelen in den historischen Zentren der wichtigsten italienischen St\u00e4dte anzubieten, an strategischen Standorten oder in den charakteristischsten Gegenden, mit einer sehr hohen Rentabilit\u00e4t im Laufe der Zeit. Wir bieten eine sorgf\u00e4ltige Auswahl italienischer Prestigeimmobilien, die exklusiv den anspruchsvollsten Investoren vorbehalten sind, damit sie nicht nur Zuschauer dieses Marktes bleiben, sondern zu den wahren Protagonisten werden. <\/p>\n<p>Unser Bereich \u201eExklusive Kollektion\u201c bietet die M\u00f6glichkeit, wahre architektonische Kunstwerke zu erwerben, die f\u00fcr jeden Bedarf geeignet sind: Wohnen, Gewerbe, Gastgewerbe.<\/p>\n<p>Einzigartigkeit, Wert, Kostbarkeit, Diskretion und Prestige sind die Elemente, die die Immobiliengesch\u00e4fte auszeichnen, die wir unseren wichtigsten Kunden anbieten.<\/p>\n<p>Beratung, Professionalit\u00e4t und Effizienz sind seit jeher die Schlagworte von Rogitando, um dem Kunden ein einzigartiges, transparentes Erlebnis in v\u00f6lliger Privatsph\u00e4re und Diskretion zu bieten.<\/p>\n<p>Wir f\u00fchren anspruchsvolle Investoren auf der Suche nach dem Au\u00dfergew\u00f6hnlichen, dem Einzigartigen und dem Unvergleichlichen.<\/p>\n<p><strong>Wir behandeln unsere Angebote mit gr\u00f6\u00dfter Diskretion, insbesondere in diesem Bereich unserer Organisation, um die Privatsph\u00e4re des Verk\u00e4ufers und des K\u00e4ufers zu sch\u00fctzen.<\/strong><\/p>\n<p>&#8220; content_last_edited=&#8220;on|phone&#8220; _builder_version=&#8220;4.27.4&#8243; _module_preset=&#8220;default&#8220; custom_margin=&#8220;|16px|0px|16px|false|false&#8220; custom_padding=&#8220;||0px||false|false&#8220; global_colors_info=&#8220;{}&#8220;]<\/p>\n<p>Wie oft haben wir beim Besuch einer Stadt innegehalten und ein altes Geb\u00e4ude bestaunt, das die Spuren der Zeit tr\u00e4gt, aber mit einem schwer erkl\u00e4rbaren Charme und einer Sch\u00f6nheit, die uns mehr an den Aufenthalt erinnert als die Reise selbst?<\/p>\n<p>Jede Stadt unseres Landes macht uns auf der ganzen Welt stolz aufgrund des k\u00fcnstlerischen und architektonischen Reichtums, den sie besitzt und in ihren Geb\u00e4uden zeigt.<\/p>\n<p>In dieser Zeit sind Luxusimmobilien die sicherste Investition, der Zufluchtsort f\u00fcr diejenigen, die keine b\u00f6sen \u00dcberraschungen erleben wollen, die Gewissheit einer j\u00e4hrlichen Kapitalaufwertung verbunden mit einer hohen Rendite und nicht zuletzt die M\u00f6glichkeit, ein einzigartiges und prestigetr\u00e4chtiges Objekt zu besitzen.<\/p>\n<p>Wir sind in der Lage, ein Immobilienportfolio mit echten architektonischen Juwelen in den historischen Zentren der wichtigsten italienischen St\u00e4dte anzubieten, an strategischen Standorten oder in den charakteristischsten Gegenden, mit einer sehr hohen Rentabilit\u00e4t im Laufe der Zeit. Wir bieten eine sorgf\u00e4ltige Auswahl italienischer Prestigeimmobilien, die exklusiv den anspruchsvollsten Investoren vorbehalten sind, damit sie nicht nur Zuschauer dieses Marktes bleiben, sondern zu den wahren Protagonisten werden. <\/p>\n<p>Unser Bereich \u201eExklusive Kollektion\u201c bietet die M\u00f6glichkeit, wahre architektonische Kunstwerke zu erwerben, die f\u00fcr jeden Bedarf geeignet sind: Wohnen, Gewerbe, Gastgewerbe.<\/p>\n<p>Einzigartigkeit, Wert, Kostbarkeit, Diskretion und Prestige sind die Elemente, die die Immobiliengesch\u00e4fte auszeichnen, die wir unseren wichtigsten Kunden anbieten.<\/p>\n<p>Beratung, Professionalit\u00e4t und Effizienz sind seit jeher die Schlagworte von Rogitando, um dem Kunden ein einzigartiges, transparentes Erlebnis in v\u00f6lliger Privatsph\u00e4re und Diskretion zu bieten.<\/p>\n<p>Wir f\u00fchren anspruchsvolle Investoren auf der Suche nach dem Au\u00dfergew\u00f6hnlichen, dem Einzigartigen und dem Unvergleichlichen.<\/p>\n<p><strong>Wir behandeln unsere Angebote mit gr\u00f6\u00dfter Diskretion, insbesondere in diesem Bereich unserer Organisation, um die Privatsph\u00e4re des Verk\u00e4ufers und des K\u00e4ufers zu sch\u00fctzen.<\/strong><\/p>\n<p>[\/et_pb_text][\/et_pb_column][\/et_pb_row][et_pb_row column_structure=&#8220;1_3,1_3,1_3&#8243; disabled_on=&#8220;on|on|on&#8220; _builder_version=&#8220;4.27.0&#8243; _module_preset=&#8220;default&#8220; disabled=&#8220;on&#8220; global_colors_info=&#8220;{}&#8220;][et_pb_column type=&#8220;1_3&#8243; _builder_version=&#8220;4.27.0&#8243; _module_preset=&#8220;default&#8220; global_colors_info=&#8220;{}&#8220;][et_pb_text _builder_version=&#8220;4.27.4&#8243; _module_preset=&#8220;default&#8220; text_font=&#8220;&#8211;et_global_heading_font|700|||||||&#8220; text_font_size=&#8220;23px&#8220; text_line_height=&#8220;1.3em&#8220; custom_margin=&#8220;||5px||false|false&#8220; global_colors_info=&#8220;{}&#8220;]<\/p>\n<p>MAILAND<\/p>\n<p>[\/et_pb_text][et_pb_image src=&#8220;https:\/\/rogitando.com\/wp-content\/uploads\/2024\/08\/milano.jpg&#8220; title_text=&#8220;mainland&#8220; _builder_version=&#8220;4.27.4&#8243; _module_preset=&#8220;default&#8220; global_colors_info=&#8220;{}&#8220;][\/et_pb_image][\/et_pb_column][et_pb_column type=&#8220;1_3&#8243; _builder_version=&#8220;4.27.0&#8243; _module_preset=&#8220;default&#8220; global_colors_info=&#8220;{}&#8220;][et_pb_text _builder_version=&#8220;4.27.4&#8243; _module_preset=&#8220;default&#8220; text_font=&#8220;&#8211;et_global_heading_font|700|||||||&#8220; text_font_size=&#8220;23px&#8220; text_line_height=&#8220;1.3em&#8220; custom_margin=&#8220;||5px||false|false&#8220; global_colors_info=&#8220;{}&#8220;]<\/p>\n<p>LAGO DI GARDA<\/p>\n<p>[\/et_pb_text][et_pb_image src=&#8220;https:\/\/rogitando.com\/wp-content\/uploads\/2024\/08\/sirmione.jpg&#8220; title_text=&#8220;sirmione&#8220; _builder_version=&#8220;4.27.4&#8243; _module_preset=&#8220;default&#8220; global_colors_info=&#8220;{}&#8220;][\/et_pb_image][\/et_pb_column][et_pb_column type=&#8220;1_3&#8243; _builder_version=&#8220;4.27.0&#8243; _module_preset=&#8220;default&#8220; global_colors_info=&#8220;{}&#8220;][et_pb_text _builder_version=&#8220;4.27.4&#8243; _module_preset=&#8220;default&#8220; text_font=&#8220;&#8211;et_global_heading_font|700|||||||&#8220; text_font_size=&#8220;23px&#8220; text_line_height=&#8220;1.3em&#8220; custom_margin=&#8220;||5px||false|false&#8220; global_colors_info=&#8220;{}&#8220;]<\/p>\n<p>EMILIA &#8211; ROMAGNA<\/p>\n<p>[\/et_pb_text][et_pb_image src=&#8220;https:\/\/rogitando.com\/wp-content\/uploads\/2025\/06\/Rogitando_foto_emilia-romagna.jpg&#8220; title_text=&#8220;Rogitando_foto_emilia-romagna&#8220; _builder_version=&#8220;4.27.4&#8243; _module_preset=&#8220;default&#8220; global_colors_info=&#8220;{}&#8220;][\/et_pb_image][\/et_pb_column][\/et_pb_row][et_pb_row column_structure=&#8220;1_3,1_3,1_3&#8243; disabled_on=&#8220;on|on|on&#8220; _builder_version=&#8220;4.27.0&#8243; _module_preset=&#8220;default&#8220; disabled=&#8220;on&#8220; global_colors_info=&#8220;{}&#8220;][et_pb_column type=&#8220;1_3&#8243; _builder_version=&#8220;4.27.0&#8243; _module_preset=&#8220;default&#8220; global_colors_info=&#8220;{}&#8220;][et_pb_text _builder_version=&#8220;4.27.4&#8243; _module_preset=&#8220;default&#8220; text_font=&#8220;&#8211;et_global_heading_font|700|||||||&#8220; text_font_size=&#8220;23px&#8220; text_line_height=&#8220;1.3em&#8220; custom_margin=&#8220;||5px||false|false&#8220; global_colors_info=&#8220;{}&#8220;]<\/p>\n<p>TOSKANA<\/p>\n<p>[\/et_pb_text][et_pb_image src=&#8220;https:\/\/rogitando.com\/wp-content\/uploads\/2025\/02\/siena.jpg&#8220; title_text=&#8220;siena&#8220; _builder_version=&#8220;4.27.4&#8243; _module_preset=&#8220;default&#8220; global_colors_info=&#8220;{}&#8220;][\/et_pb_image][\/et_pb_column][et_pb_column type=&#8220;1_3&#8243; _builder_version=&#8220;4.27.0&#8243; _module_preset=&#8220;default&#8220; global_colors_info=&#8220;{}&#8220;][et_pb_text _builder_version=&#8220;4.27.4&#8243; _module_preset=&#8220;default&#8220; text_font=&#8220;&#8211;et_global_heading_font|700|||||||&#8220; text_font_size=&#8220;23px&#8220; text_line_height=&#8220;1.3em&#8220; custom_margin=&#8220;||5px||false|false&#8220; global_colors_info=&#8220;{}&#8220;]<\/p>\n<p>SIZILIEN<\/p>\n<p>[\/et_pb_text][et_pb_image src=&#8220;https:\/\/rogitando.com\/wp-content\/uploads\/2025\/06\/Rogitando_foto_sicilia.jpg&#8220; title_text=&#8220;Rogitando_foto_sicilia&#8220; _builder_version=&#8220;4.27.4&#8243; _module_preset=&#8220;default&#8220; global_colors_info=&#8220;{}&#8220;][\/et_pb_image][\/et_pb_column][et_pb_column type=&#8220;1_3&#8243; _builder_version=&#8220;4.27.0&#8243; _module_preset=&#8220;default&#8220; global_colors_info=&#8220;{}&#8220;][et_pb_text disabled_on=&#8220;off|off|off&#8220; _builder_version=&#8220;4.27.4&#8243; _module_preset=&#8220;default&#8220; text_font=&#8220;&#8211;et_global_heading_font|700|||||||&#8220; text_font_size=&#8220;23px&#8220; text_line_height=&#8220;1.3em&#8220; custom_margin=&#8220;||5px||false|false&#8220; global_colors_info=&#8220;{}&#8220;]<\/p>\n<p>SARDEGNA<\/p>\n<p>[\/et_pb_text][et_pb_image src=&#8220;https:\/\/rogitando.com\/wp-content\/uploads\/2024\/08\/sardegna.jpg&#8220; title_text=&#8220;sardegna&#8220; disabled_on=&#8220;off|off|off&#8220; _builder_version=&#8220;4.27.4&#8243; _module_preset=&#8220;default&#8220; global_colors_info=&#8220;{}&#8220;][\/et_pb_image][\/et_pb_column][\/et_pb_row][\/et_pb_section]<\/p>\n","protected":false},"excerpt":{"rendered":"<p>Exclusive collectionWie oft haben wir beim Besuch einer Stadt innegehalten und ein altes Geb\u00e4ude bestaunt, das die Spuren der Zeit tr\u00e4gt, aber mit einem schwer erkl\u00e4rbaren Charme und einer Sch\u00f6nheit, die uns mehr an den Aufenthalt erinnert als die Reise selbst? Jede Stadt unseres Landes macht uns auf der ganzen Welt stolz aufgrund des k\u00fcnstlerischen [&hellip;]<\/p>\n","protected":false},"author":1,"featured_media":0,"parent":0,"menu_order":0,"comment_status":"closed","ping_status":"closed","template":"","meta":{"_et_pb_use_builder":"on","_et_pb_old_content":"","_et_gb_content_width":"","footnotes":""},"class_list":["post-1248","page","type-page","status-publish","hentry"],"_links":{"self":[{"href":"https:\/\/rogitando.com\/de\/wp-json\/wp\/v2\/pages\/1248","targetHints":{"allow":["GET"]}}],"collection":[{"href":"https:\/\/rogitando.com\/de\/wp-json\/wp\/v2\/pages"}],"about":[{"href":"https:\/\/rogitando.com\/de\/wp-json\/wp\/v2\/types\/page"}],"author":[{"embeddable":true,"href":"https:\/\/rogitando.com\/de\/wp-json\/wp\/v2\/users\/1"}],"replies":[{"embeddable":true,"href":"https:\/\/rogitando.com\/de\/wp-json\/wp\/v2\/comments?post=1248"}],"version-history":[{"count":14,"href":"https:\/\/rogitando.com\/de\/wp-json\/wp\/v2\/pages\/1248\/revisions"}],"predecessor-version":[{"id":1467,"href":"https:\/\/rogitando.com\/de\/wp-json\/wp\/v2\/pages\/1248\/revisions\/1467"}],"wp:attachment":[{"href":"https:\/\/rogitando.com\/de\/wp-json\/wp\/v2\/media?parent=1248"}],"curies":[{"name":"wp","href":"https:\/\/api.w.org\/{rel}","templated":true}]}}