{"id":1239,"date":"2024-02-19T21:53:04","date_gmt":"2024-02-19T21:53:04","guid":{"rendered":"https:\/\/rogitando.com\/wie-wir-gerne-arbeiten\/"},"modified":"2025-05-19T16:23:25","modified_gmt":"2025-05-19T16:23:25","slug":"wie-wir-gerne-arbeiten","status":"publish","type":"page","link":"https:\/\/rogitando.com\/de\/wie-wir-gerne-arbeiten\/","title":{"rendered":"Wie wir gerne arbeiten"},"content":{"rendered":"<p>[et_pb_section fb_built=&#8220;1&#8243; admin_label=&#8220;Header&#8220; _builder_version=&#8220;4.22.1&#8243; _module_preset=&#8220;default&#8220; background_color=&#8220;#005B80&#8243; locked=&#8220;off&#8220; collapsed=&#8220;on&#8220; global_colors_info=&#8220;{}&#8220;][et_pb_row column_structure=&#8220;1_2,1_2&#8243; make_equal=&#8220;on&#8220; _builder_version=&#8220;4.22.1&#8243; _module_preset=&#8220;default&#8220; width=&#8220;94%&#8220; width_tablet=&#8220;80%&#8220; width_phone=&#8220;80%&#8220; width_last_edited=&#8220;on|desktop&#8220; max_width=&#8220;2000px&#8220; custom_padding=&#8220;0px||0px||true|false&#8220; global_colors_info=&#8220;{}&#8220;][et_pb_column type=&#8220;1_2&#8243; _builder_version=&#8220;4.22.0&#8243; _module_preset=&#8220;default&#8220; custom_padding=&#8220;46vh||||false|false&#8220; custom_padding_tablet=&#8220;0vw||||false|false&#8220; custom_padding_phone=&#8220;0vw||||false|false&#8220; custom_padding_last_edited=&#8220;on|desktop&#8220; global_colors_info=&#8220;{}&#8220;][et_pb_text _builder_version=&#8220;4.22.1&#8243; _module_preset=&#8220;05cc8fbc-0f32-4f33-ab1a-3f8fc6f57574&#8243; header_text_color=&#8220;#FFFFFF&#8220; header_font_size=&#8220;44px&#8220; max_width=&#8220;800px&#8220; global_colors_info=&#8220;{}&#8220;]<\/p>\n<h1><strong>Der Mensch im Mittelpunkt<\/strong><\/h1>\n<p>[\/et_pb_text][\/et_pb_column][et_pb_column type=&#8220;1_2&#8243; _builder_version=&#8220;4.22.1&#8243; _module_preset=&#8220;default&#8220; background_image=&#8220;https:\/\/rogitando.com\/wp-content\/uploads\/2024\/03\/come-ci-piace-lavorare-le-persone-al-centro.jpg&#8220; border_radii=&#8220;on|10px|10px|10px|10px&#8220; global_colors_info=&#8220;{}&#8220;][et_pb_divider show_divider=&#8220;off&#8220; _builder_version=&#8220;4.21.0&#8243; _module_preset=&#8220;default&#8220; height_tablet=&#8220;40vw&#8220; height_phone=&#8220;40vw&#8220; height_last_edited=&#8220;on|desktop&#8220; global_colors_info=&#8220;{}&#8220;][\/et_pb_divider][\/et_pb_column][\/et_pb_row][\/et_pb_section][et_pb_section fb_built=&#8220;1&#8243; admin_label=&#8220;Services&#8220; _builder_version=&#8220;4.21.0&#8243; _module_preset=&#8220;default&#8220; locked=&#8220;off&#8220; collapsed=&#8220;on&#8220; global_colors_info=&#8220;{}&#8220;][et_pb_row _builder_version=&#8220;4.22.1&#8243; _module_preset=&#8220;default&#8220; max_width=&#8220;80%&#8220; global_colors_info=&#8220;{}&#8220;][et_pb_column type=&#8220;4_4&#8243; _builder_version=&#8220;4.21.0&#8243; _module_preset=&#8220;default&#8220; global_colors_info=&#8220;{}&#8220;][et_pb_text _builder_version=&#8220;4.22.1&#8243; _module_preset=&#8220;fb3bde8f-2dbb-4eed-ab26-b71612ec8618&#8243; header_5_font=&#8220;Prata||||||||&#8220; header_5_text_color=&#8220;#000000&#8243; global_colors_info=&#8220;{}&#8220;]<\/p>\n<p style=\"font-weight: 400;\"><span style=\"font-size: x-large;\"><strong>Immer dasselbe Gericht? Triff eine originelle Wahl. <\/strong><\/span><\/p>\n<p style=\"font-weight: 400;\"><strong>\u201cUm sich zu verbessern, muss man sich ver\u00e4ndern. Um einzigartig zu sein, muss man anders sein.\u201c<\/strong><\/p>\n<p style=\"font-weight: 400;\">Wir h\u00e4tten bestehende Modelle nachahmen k\u00f6nnen, das w\u00e4re die einfachste L\u00f6sung gewesen.<\/p>\n<p style=\"font-weight: 400;\">Rogitando ist jedoch nicht die Kopie von etwas anderem, sondern die t\u00e4gliche Herausforderung, einen neuen Weg zu schaffen, um einen Service anzubieten, der den Anforderungen des Immobiliensektors in Italien gerecht wird.<\/p>\n<p style=\"font-weight: 400;\">Die Menschen stehen im Mittelpunkt: Zuh\u00f6ren und die Bed\u00fcrfnisse unserer Kunden zu verstehen, ist der beste Weg, um jeden Tag unsere Arbeit anzugehen und ihren Anfragen Wert zu verleihen.<\/p>\n<p style=\"font-weight: 400;\"><em><u>Eine Immobilie muss Emotionen wecken, sie muss inspirieren und einzigartige Gef\u00fchle vermitteln.<\/u><\/em><\/p>\n<p style=\"font-weight: 400;\">Jede Rogitando -Agentur ist ein Immobilien-Hub, welches nach dem Modell des Coworkings und der gemeinsamen Nutzung von Dienstleistungen organisiert ist.<\/p>\n<p style=\"font-weight: 400;\"><u>Immobilienmakler<\/u><br \/>Unsere Immobilienmakler konzentrieren sich auf die jeweilige Spezialisierung der Bed\u00fcrfnisse des einzelnen Kunden;<\/p>\n<p style=\"font-weight: 400;\"><u>Service Consultant<\/u><br \/>um auf h\u00e4ufig auftretende Immobilienfragen zu antworten, bestehend aus einem multidisziplin\u00e4ren Team aus Fachleuten: Notar, Anwalt, technisches B\u00fcro, Finanzberater und Steuerexperte.<\/p>\n<p style=\"font-weight: 400;\"><u>Immobilien-Redesign<\/u><br \/>Die Ausstattung, die du ben\u00f6tigst, wann du sie brauchst. <br \/>Ein neues visuelles Kommunikationsinstrument, das dir erm\u00f6glicht, deine Immobilie in einem neuen Look zu pr\u00e4sentieren \u2013 ein sorgf\u00e4ltiges Makeover, das in der Lage ist, die richtige Zielgruppe potenzieller K\u00e4ufer anzusprechen.<\/p>\n<p style=\"font-weight: 400;\"><strong>Wenn es sch\u00f6n ist, dann gef\u00e4llt es.<\/strong><strong><\/strong><\/p>\n<p style=\"font-weight: 400;\"><strong>Lassen Sie uns ein wenig Klarheit schaffen<\/strong><u>.<\/u><\/p>\n<p style=\"font-weight: 400;\">Fangen wir beim Wert einer Immobilie an; <br \/>im Allgemeinen k\u00f6nnen wir den Marktwert als den Betrag definieren, der f\u00fcr eine bestimmte Immobilie zum Zeitpunkt der Bewertung gesch\u00e4tzt wird, innerhalb einer Verhandlung zwischen einem potenziellen Verk\u00e4ufer und einem potenziellen K\u00e4ufer, die beide frei und mit Wissen und Vorsicht handeln.<\/p>\n<p><u>\u201cDer Marktwert\u201c<\/u> ist daher das, was die Menschen bereit sind zu zahlen, um eine bestimmte Immobilie in dieser bestimmten Gegend und zu dem Zeitpunkt, an dem die Bewertung durchgef\u00fchrt wird, zu kaufen.<\/p>\n<p>Anders ist jedoch das Konzept des \u201cgeforderten Preises\u201c, der die Summe darstellt, die der potenzielle Verk\u00e4ufer von der Verkauf seiner Immobilie erwartet.<\/p>\n<p>Diese Schritte best\u00e4tigen, wie wichtig es ist, sich von Anfang an auf kompetente und seri\u00f6se Immobilienmakler zu verlassen, um eine korrekte Bewertung der zu verkaufenden Immobilie zu erhalten, die sich an den Gesetzen von Angebot und Nachfrage orientiert und den Markt respektiert.<\/p>\n<p style=\"font-weight: 400;\">Der Immobilienmarkt ist sehr komplex und es gibt viele Unklarheiten und Vorschriften, die den meisten unbekannt sind.<br \/>Unangemessene oder \u00fcbertriebene Bewertungen, nur um den potenziellen Verk\u00e4ufer zu befriedigen und ihn zu t\u00e4uschen, nur um sich das exklusive Verkaufsmandat zu sichern, sch\u00fctzen weder K\u00e4ufer noch Verk\u00e4ufer, sondern riskieren, nur unerf\u00fcllte Erwartungen zu schaffen.<\/p>\n<p style=\"font-weight: 400;\">Rogitando bietet einen ma\u00dfgeschneiderten Service an, der es erm\u00f6glicht, durch fortschrittliche Datenverarbeitungstechniken, die stets auf dem neuesten Stand sind, eine klare und transparente Dokumentation zu erstellen und den Kunden zu pr\u00e4sentieren, die zum Beispiel Folgendes enth\u00e4lt:<br \/><em>Aktuelle Berichte<br \/>Fl\u00e4chenanalyse<br \/>Potenzielle Risikofaktoren in der Region<br \/>Vergleich von zuvor verkauften Immobilien in der Region und \u00e4hnlichen Immobilien, die derzeit zum Verkauf stehen<br \/>Durchschnittspreise aus Immobilienrecherchen<br \/>Energetische Qualit\u00e4t<br \/>Wichtige Interessenspunkte und Attraktionen in der Umgebung<br \/>Entwicklung \u20ac\/m\u00b2<\/em><\/p>\n<p style=\"font-weight: 400;\"><strong>Dieser Service von Rogitando hei\u00dft Market Value, <\/strong>eine wertvolle L\u00f6sung, die wir unseren Kunden anbieten m\u00f6chten: ein neuer, innovativer und professioneller Service, der sowohl den Verk\u00e4ufer als auch den zuk\u00fcnftigen K\u00e4ufer sch\u00fctzt und absichert.<\/p>\n<p style=\"font-weight: 400;\">Wenn du verkaufen oder suchen m\u00f6chtest, frage zuerst Rogitando.<\/p>\n<p>[\/et_pb_text][et_pb_text _builder_version=&#8220;4.22.1&#8243; _module_preset=&#8220;fb3bde8f-2dbb-4eed-ab26-b71612ec8618&#8243; header_5_font=&#8220;Prata||||||||&#8220; header_5_text_color=&#8220;#000000&#8243; custom_padding=&#8220;||0px|||&#8220; global_colors_info=&#8220;{}&#8220;][\/et_pb_text][\/et_pb_column][\/et_pb_row][\/et_pb_section]<\/p>\n","protected":false},"excerpt":{"rendered":"<p>Der Mensch im MittelpunktImmer dasselbe Gericht? Triff eine originelle Wahl. \u201cUm sich zu verbessern, muss man sich ver\u00e4ndern. Um einzigartig zu sein, muss man anders sein.\u201c Wir h\u00e4tten bestehende Modelle nachahmen k\u00f6nnen, das w\u00e4re die einfachste L\u00f6sung gewesen. Rogitando ist jedoch nicht die Kopie von etwas anderem, sondern die t\u00e4gliche Herausforderung, einen neuen Weg zu [&hellip;]<\/p>\n","protected":false},"author":1,"featured_media":0,"parent":0,"menu_order":0,"comment_status":"closed","ping_status":"closed","template":"","meta":{"_et_pb_use_builder":"on","_et_pb_old_content":"","_et_gb_content_width":"","footnotes":""},"class_list":["post-1239","page","type-page","status-publish","hentry"],"_links":{"self":[{"href":"https:\/\/rogitando.com\/de\/wp-json\/wp\/v2\/pages\/1239","targetHints":{"allow":["GET"]}}],"collection":[{"href":"https:\/\/rogitando.com\/de\/wp-json\/wp\/v2\/pages"}],"about":[{"href":"https:\/\/rogitando.com\/de\/wp-json\/wp\/v2\/types\/page"}],"author":[{"embeddable":true,"href":"https:\/\/rogitando.com\/de\/wp-json\/wp\/v2\/users\/1"}],"replies":[{"embeddable":true,"href":"https:\/\/rogitando.com\/de\/wp-json\/wp\/v2\/comments?post=1239"}],"version-history":[{"count":2,"href":"https:\/\/rogitando.com\/de\/wp-json\/wp\/v2\/pages\/1239\/revisions"}],"predecessor-version":[{"id":1241,"href":"https:\/\/rogitando.com\/de\/wp-json\/wp\/v2\/pages\/1239\/revisions\/1241"}],"wp:attachment":[{"href":"https:\/\/rogitando.com\/de\/wp-json\/wp\/v2\/media?parent=1239"}],"curies":[{"name":"wp","href":"https:\/\/api.w.org\/{rel}","templated":true}]}}