{"id":1224,"date":"2024-01-26T02:07:21","date_gmt":"2024-01-26T02:07:21","guid":{"rendered":"https:\/\/rogitando.com\/was-den-verkauf-verhindert\/"},"modified":"2025-05-19T13:32:05","modified_gmt":"2025-05-19T13:32:05","slug":"was-den-verkauf-verhindert","status":"publish","type":"page","link":"https:\/\/rogitando.com\/de\/was-den-verkauf-verhindert\/","title":{"rendered":"Was den Verkauf verhindert"},"content":{"rendered":"<p>[et_pb_section fb_built=&#8220;1&#8243; admin_label=&#8220;Header&#8220; _builder_version=&#8220;4.22.1&#8243; _module_preset=&#8220;default&#8220; background_color=&#8220;#AFAFAF&#8220; collapsed=&#8220;on&#8220; global_colors_info=&#8220;{}&#8220;][et_pb_row column_structure=&#8220;1_2,1_2&#8243; make_equal=&#8220;on&#8220; _builder_version=&#8220;4.22.1&#8243; _module_preset=&#8220;default&#8220; width=&#8220;94%&#8220; width_tablet=&#8220;80%&#8220; width_phone=&#8220;80%&#8220; width_last_edited=&#8220;on|desktop&#8220; max_width=&#8220;2000px&#8220; custom_padding=&#8220;0px||0px||true|false&#8220; hover_enabled=&#8220;0&#8243; global_colors_info=&#8220;{}&#8220; sticky_enabled=&#8220;0&#8243;][et_pb_column type=&#8220;1_2&#8243; _builder_version=&#8220;4.22.0&#8243; _module_preset=&#8220;default&#8220; custom_padding=&#8220;46vh||||false|false&#8220; custom_padding_tablet=&#8220;0vw||||false|false&#8220; custom_padding_phone=&#8220;0vw||||false|false&#8220; custom_padding_last_edited=&#8220;on|desktop&#8220; global_colors_info=&#8220;{}&#8220;][et_pb_text _builder_version=&#8220;4.21.0&#8243; _module_preset=&#8220;05cc8fbc-0f32-4f33-ab1a-3f8fc6f57574&#8243; header_text_color=&#8220;#FFFFFF&#8220; header_font_size=&#8220;44px&#8220; max_width=&#8220;800px&#8220; global_colors_info=&#8220;{}&#8220;]<\/p>\n<h1><strong>Aktionen, die verhindern<br \/>der Verkauf.<\/strong><\/h1>\n<p>[\/et_pb_text][\/et_pb_column][et_pb_column type=&#8220;1_2&#8243; _builder_version=&#8220;4.22.1&#8243; _module_preset=&#8220;default&#8220; background_image=&#8220;https:\/\/rogitando.com\/wp-content\/uploads\/2024\/03\/azioni-che-precludono-la-vendita.jpg&#8220; hover_enabled=&#8220;0&#8243; border_radii=&#8220;on|10px|10px|10px|10px&#8220; global_colors_info=&#8220;{}&#8220; title_text=&#8220;azioni-che-precludono-la-vendita&#8220; sticky_enabled=&#8220;0&#8243;][et_pb_divider show_divider=&#8220;off&#8220; _builder_version=&#8220;4.21.0&#8243; _module_preset=&#8220;default&#8220; height_tablet=&#8220;40vw&#8220; height_phone=&#8220;40vw&#8220; height_last_edited=&#8220;on|desktop&#8220; global_colors_info=&#8220;{}&#8220;][\/et_pb_divider][\/et_pb_column][\/et_pb_row][\/et_pb_section][et_pb_section fb_built=&#8220;1&#8243; admin_label=&#8220;Services&#8220; _builder_version=&#8220;4.21.0&#8243; _module_preset=&#8220;default&#8220; collapsed=&#8220;on&#8220; global_colors_info=&#8220;{}&#8220;][et_pb_row _builder_version=&#8220;4.22.1&#8243; _module_preset=&#8220;default&#8220; max_width=&#8220;80%&#8220; global_colors_info=&#8220;{}&#8220;][et_pb_column type=&#8220;4_4&#8243; _builder_version=&#8220;4.21.0&#8243; _module_preset=&#8220;default&#8220; global_colors_info=&#8220;{}&#8220;][et_pb_text _builder_version=&#8220;4.22.1&#8243; _module_preset=&#8220;fb3bde8f-2dbb-4eed-ab26-b71612ec8618&#8243; global_colors_info=&#8220;{}&#8220;]<\/p>\n<p style=\"font-weight: 400;\"><strong><span style=\"font-size: large;\">DIE \u00dcBERBEWERTUNG <\/span><\/strong><br \/>Jeder potenzielle Verk\u00e4ufer m\u00f6chte den maximalen Gewinn aus dem Verkauf seiner Immobilie erzielen. <br \/>Wenn jedoch die Immobilie zu einem Preis angeboten wird, der nicht im Einklang mit der Marktbewertung steht, werden schlechte Ergebnisse erzielt:<br \/>&#8211; st\u00e4ndige Preisreduzierungen, um den richtigen Preis f\u00fcr die Immobilie zu \u201ctreffen\u201c;<br \/>&#8211; lange Verkaufszeiten;<br \/>&#8211; Verkauf zu einem Preis, der unter der Sch\u00e4tzung liegt, die sofort zugewiesen werden sollte, wenn die Immobilie korrekt bewertet worden w\u00e4re;<br \/>&#8211; unvermeidlicher R\u00fcckgang des endg\u00fcltigen Gewinns.<\/p>\n<p style=\"font-weight: 400;\"><span style=\"font-size: large;\"><strong>FISCHER UND FLOPPS VERWECHSELN <\/strong><\/span><br \/>Einige \u201cBerater oder Mitarbeiter\u201c, die nicht f\u00fcr die Immobilienvermittlung qualifiziert sind und keine Kompetenz bei der Erstellung von Sch\u00e4tzungen haben, weisen den Immobilien Werte zu, die \u00fcber denen des Marktes liegen. Auf diese Weise t\u00e4uschen Sie diejenigen, die ihre Immobilie verkaufen m\u00f6chten. <br \/>Oft haben diese Immobilien einen Wert, der h\u00e4ufig 20% oder 30% unter dem Wert liegt, der durch ein Gutachten eines pseudo \u201efalschen Vermittlers\u201c ermittelt wurde.<br \/>Eine korrekte Sch\u00e4tzung vorzunehmen stellt daher keine Niederlage dar, sondern ist einfach die reale Marktbewertung, von der aus man die folgenden Verkaufsphasen der Immobilie einleiten sollte.<\/p>\n<p style=\"font-weight: 400;\"><span style=\"font-size: large;\"><strong>UNANGEMESSENE VORBEREITUNG DER IMMOBILIE <\/strong><\/span><br \/>Es ist sehr wichtig, die Immobilie potenziellen K\u00e4ufern so ansprechend wie m\u00f6glich zu pr\u00e4sentieren. Eine unordentliche, heruntergekommene und schlecht gepflegte Immobilie zieht keinen potenziellen K\u00e4ufer an.<\/p>\n<p style=\"font-weight: 400;\"><span style=\"font-size: large;\"><strong>UNTERSCHIED ZWISCHEN NEUGIERIGEN UND ZEITVERSCHWENDERN MACHEN<\/strong><\/span><br \/>\u00d6ffnen Sie nicht die T\u00fcren f\u00fcr Menschen, die nicht wirklich an einem Kauf interessiert sind, sondern einfach neugierig sind, um zu sehen, was \u201cauf dem Markt\u201c ist, ohne die Absicht, ein Angebot zu machen. Ebenso sollte man sich nicht mit Personen besch\u00e4ftigen, deren finanzielle Mittel oder die M\u00f6glichkeit, ein Bankdarlehen zu erhalten, unbekannt sind.<\/p>\n<p style=\"font-weight: 400;\"><strong><span style=\"font-size: large;\">RECHTLICHE ASPEKTE ZU UNTERSCH\u00c4TZEN <\/span><\/strong><br \/>Vertr\u00e4ge sind rechtlich bindende Dokumente, und eine schlechte Vorbereitung oder unzureichende Kenntnis der Bedingungen innerhalb der Dokumente kann einen nicht vor den Rechten oder, noch schlimmer, vor den Pflichten sch\u00fctzen, die daraus resultieren. Anomalien, M\u00e4ngel, Abweichungen und rechtliche Bindungen k\u00f6nnen sehr teuer werden.<\/p>\n<p style=\"font-weight: 400;\">\n<p style=\"font-weight: 400;\"><strong><span style=\"font-size: large;\">IMMOBILIE GLEICHZEITIG VON MEHREREN IMMOBILIENMAKTLERN \u00dcBERTRAGEN<\/span><\/strong><br \/>Man hat die Illusion, mehr Chancen zu haben. In der Regel niederschl\u00e4gt es sich nur in einer Preisreduzierung und einem schlechten Service im allgemeinen Desinteresse aller Beteiligten.<\/p>\n<p>[\/et_pb_text][\/et_pb_column][\/et_pb_row][\/et_pb_section]<\/p>\n","protected":false},"excerpt":{"rendered":"<p>Aktionen, die verhindernder Verkauf.DIE \u00dcBERBEWERTUNG Jeder potenzielle Verk\u00e4ufer m\u00f6chte den maximalen Gewinn aus dem Verkauf seiner Immobilie erzielen. Wenn jedoch die Immobilie zu einem Preis angeboten wird, der nicht im Einklang mit der Marktbewertung steht, werden schlechte Ergebnisse erzielt:- st\u00e4ndige Preisreduzierungen, um den richtigen Preis f\u00fcr die Immobilie zu \u201ctreffen\u201c;- lange Verkaufszeiten;- Verkauf zu einem [&hellip;]<\/p>\n","protected":false},"author":1,"featured_media":0,"parent":0,"menu_order":0,"comment_status":"closed","ping_status":"closed","template":"","meta":{"_et_pb_use_builder":"on","_et_pb_old_content":"","_et_gb_content_width":"","footnotes":""},"class_list":["post-1224","page","type-page","status-publish","hentry"],"_links":{"self":[{"href":"https:\/\/rogitando.com\/de\/wp-json\/wp\/v2\/pages\/1224","targetHints":{"allow":["GET"]}}],"collection":[{"href":"https:\/\/rogitando.com\/de\/wp-json\/wp\/v2\/pages"}],"about":[{"href":"https:\/\/rogitando.com\/de\/wp-json\/wp\/v2\/types\/page"}],"author":[{"embeddable":true,"href":"https:\/\/rogitando.com\/de\/wp-json\/wp\/v2\/users\/1"}],"replies":[{"embeddable":true,"href":"https:\/\/rogitando.com\/de\/wp-json\/wp\/v2\/comments?post=1224"}],"version-history":[{"count":2,"href":"https:\/\/rogitando.com\/de\/wp-json\/wp\/v2\/pages\/1224\/revisions"}],"predecessor-version":[{"id":1226,"href":"https:\/\/rogitando.com\/de\/wp-json\/wp\/v2\/pages\/1224\/revisions\/1226"}],"wp:attachment":[{"href":"https:\/\/rogitando.com\/de\/wp-json\/wp\/v2\/media?parent=1224"}],"curies":[{"name":"wp","href":"https:\/\/api.w.org\/{rel}","templated":true}]}}