{"id":1220,"date":"2024-02-19T21:30:25","date_gmt":"2024-02-19T21:30:25","guid":{"rendered":"https:\/\/rogitando.com\/auktionen\/"},"modified":"2025-05-19T13:25:31","modified_gmt":"2025-05-19T13:25:31","slug":"auktionen","status":"publish","type":"page","link":"https:\/\/rogitando.com\/de\/auktionen\/","title":{"rendered":"Auktionen"},"content":{"rendered":"<p>[et_pb_section fb_built=&#8220;1&#8243; admin_label=&#8220;Header&#8220; _builder_version=&#8220;4.22.1&#8243; _module_preset=&#8220;default&#8220; background_color=&#8220;#005B80&#8243; locked=&#8220;off&#8220; collapsed=&#8220;on&#8220; global_colors_info=&#8220;{}&#8220;][et_pb_row column_structure=&#8220;1_2,1_2&#8243; make_equal=&#8220;on&#8220; _builder_version=&#8220;4.22.1&#8243; _module_preset=&#8220;default&#8220; width=&#8220;94%&#8220; width_tablet=&#8220;80%&#8220; width_phone=&#8220;80%&#8220; width_last_edited=&#8220;on|desktop&#8220; max_width=&#8220;2000px&#8220; custom_padding=&#8220;0px||0px||true|false&#8220; global_colors_info=&#8220;{}&#8220;][et_pb_column type=&#8220;1_2&#8243; _builder_version=&#8220;4.22.0&#8243; _module_preset=&#8220;default&#8220; custom_padding=&#8220;46vh||||false|false&#8220; custom_padding_tablet=&#8220;0vw||||false|false&#8220; custom_padding_phone=&#8220;0vw||||false|false&#8220; custom_padding_last_edited=&#8220;on|desktop&#8220; global_colors_info=&#8220;{}&#8220;][et_pb_text _builder_version=&#8220;4.22.1&#8243; _module_preset=&#8220;05cc8fbc-0f32-4f33-ab1a-3f8fc6f57574&#8243; header_text_color=&#8220;#FFFFFF&#8220; header_font_size=&#8220;44px&#8220; max_width=&#8220;800px&#8220; global_colors_info=&#8220;{}&#8220;]<\/p>\n<h1><strong>H\u00e4user zur Versteigerung:<br \/>\nGl\u00fcckbringend oder Ungl\u00fcck bringend?<\/strong><\/h1>\n<p>[\/et_pb_text][\/et_pb_column][et_pb_column type=&#8220;1_2&#8243; _builder_version=&#8220;4.22.1&#8243; _module_preset=&#8220;default&#8220; background_image=&#8220;https:\/\/rogitando.com\/wp-content\/uploads\/2024\/02\/asta-immobiliare.png&#8220; border_radii=&#8220;on|10px|10px|10px|10px&#8220; global_colors_info=&#8220;{}&#8220;][et_pb_divider show_divider=&#8220;off&#8220; _builder_version=&#8220;4.21.0&#8243; _module_preset=&#8220;default&#8220; height_tablet=&#8220;40vw&#8220; height_phone=&#8220;40vw&#8220; height_last_edited=&#8220;on|desktop&#8220; global_colors_info=&#8220;{}&#8220;][\/et_pb_divider][\/et_pb_column][\/et_pb_row][\/et_pb_section][et_pb_section fb_built=&#8220;1&#8243; admin_label=&#8220;Services&#8220; _builder_version=&#8220;4.21.0&#8243; _module_preset=&#8220;default&#8220; locked=&#8220;off&#8220; collapsed=&#8220;on&#8220; global_colors_info=&#8220;{}&#8220;][et_pb_row _builder_version=&#8220;4.22.1&#8243; _module_preset=&#8220;default&#8220; max_width=&#8220;80%&#8220; global_colors_info=&#8220;{}&#8220;][et_pb_column type=&#8220;4_4&#8243; _builder_version=&#8220;4.21.0&#8243; _module_preset=&#8220;default&#8220; global_colors_info=&#8220;{}&#8220;][et_pb_text _builder_version=&#8220;4.22.1&#8243; _module_preset=&#8220;fb3bde8f-2dbb-4eed-ab26-b71612ec8618&#8243; header_5_font=&#8220;Prata||||||||&#8220; header_5_text_color=&#8220;#000000&#8243; global_colors_info=&#8220;{}&#8220;]<\/p>\n<div><span><span style=\"font-size: large;\">Legenden aus der Welt der Immobilieninvestitionen.<\/span><br \/><b><i><span style=\"font-size: large;\">Wenn dir niemand hilft, frag Rogitando.<br \/><\/span><br \/><\/i><\/b><\/span><\/div>\n<p style=\"font-weight: 400;\">Das Thema ist heikel und das Minenfeld gro\u00df, aber es kursieren immer noch zu viele falsche Informationen und Legenden \u00fcber Zwangsversteigerungen von Immobilien.<\/p>\n<p style=\"font-weight: 400;\">Wir helfen dir, jedes Risiko zu erkennen, und wir unterst\u00fctzen dich bei der Immobilienbewertung f\u00fcr den Kauf durch die Datenbank der versteigerten Immobilien des Gerichts, durch Marktwissen, die tats\u00e4chliche Analyse von Kaufpreisen, die Ausf\u00fcllung und \u00dcberpr\u00fcfung der Dokumentation. <br \/>Ein Techniker und ein Fachmann mit Spezialisierung im Immobilienrecht und im rechtlichen Bereich der Zwangsverk\u00e4ufe von Immobilien werden schlie\u00dflich den Support-Service beim Kauf vervollst\u00e4ndigen.<\/p>\n<p style=\"font-weight: 400;\"><strong>Was ist eine Immobilienversteigerung?<\/strong><\/p>\n<p style=\"font-weight: 400;\">Eine Immobilienversteigerung ist das Ergebnis eines Vollstreckungsverfahrens, das mit einem Zwangsverkauf abgeschlossen wird, der in Form einer Versteigerung durchgef\u00fchrt wird, auch bekannt als Auktion.<\/p>\n<p style=\"font-weight: 400;\">Der Zwangsverkauf ist ein Verfahren, bei dem eine Zwangsvollstreckung oder Zwangsenteignung durchgef\u00fchrt wird, um ein bestimmtes materielles Gut zu ver\u00e4u\u00dfern, damit die Gl\u00e4ubiger befriedigt werden k\u00f6nnen.<\/p>\n<p style=\"font-weight: 400;\">Das Verfahren wird auf Antrag des Gl\u00e4ubigers eingeleitet, der \u00fcber einen Titel verf\u00fcgt.<\/p>\n<p style=\"font-weight: 400;\">Der Antrag auf den Verkauf muss beim Gerichtsschreiber des Vollstreckungsrichters eingereicht werden, nachdem mindestens 10 Tage nach der Zustellung der Pf\u00e4ndung vergangen sind, jedoch nicht sp\u00e4ter als 90 Tage, mit Ausnahme von verderblichen G\u00fctern.<\/p>\n<p style=\"font-weight: 400;\">Nach Abschluss dieser Phase erfolgt der Zwangsverkauf durch Auktion, die sich in folgende Kategorien unterteilt:<\/p>\n<p style=\"font-weight: 400;\">Ohne Auktion<\/p>\n<p style=\"font-weight: 400;\">Mit Auktion<\/p>\n<p style=\"font-weight: 400;\"><strong>Unterschied zwischen gerichtlicher Auktion und Konkursauktion <\/strong><\/p>\n<p style=\"font-weight: 400;\">Der Unterschied zwischen einer gerichtlichen Auktion und einer Konkursauktion liegt nicht so sehr im Verfahren, das im Wesentlichen dasselbe ist, sondern im Anlass der Vollstreckung:<\/p>\n<p style=\"font-weight: 400;\"><u>Die Konkursauktion<\/u> kann nur gegen insolvente Personen angewendet werden, die nicht in der Lage sind, ihre Gl\u00e4ubiger zu befriedigen, also gegen Unternehmen, Handelsbetriebe und Bauunternehmen. Es k\u00f6nnen sowohl bewegliche G\u00fcter als auch Immobilien und Grundst\u00fccke versteigert werden. <\/p>\n<p style=\"font-weight: 400;\"><u>Die gerichtliche Auktion<\/u> ist auf den Zahlungsverzug von Privatpersonen zur\u00fcckzuf\u00fchren, wie zum Beispiel bei ausstehenden Hypothekenraten.<\/p>\n<p style=\"font-weight: 400;\">\n<p style=\"font-weight: 400;\"><strong>Welche Risiken gibt es beim Kauf eines Hauses bei einer Auktion?<\/strong><\/p>\n<p style=\"font-weight: 400;\">Ein Risiko, das beim Kauf eines Hauses bei einer Auktion gibt, ist die M\u00f6glichkeit, dass die Wohnung noch vom Schuldner oder seinen Familienangeh\u00f6rigen bewohnt wird.<\/p>\n<p style=\"font-weight: 400;\">Der Verkauf erfolgt n\u00e4mlich im tats\u00e4chlichen und rechtlichen Zustand der Immobilie.<\/p>\n<p style=\"font-weight: 400;\">Die Fristen f\u00fcr die R\u00e4umung h\u00e4ngen stark von der Schnelligkeit ab, mit der der Meistbietende den Preis bezahlt und von der Sorgfalt des Verwalters.<\/p>\n<p style=\"font-weight: 400;\">Der Richter ist verpflichtet, die R\u00e4umung der Wohnung innerhalb von 120 Tagen nach Antrag des Meistbietenden anzuordnen.<\/p>\n<p style=\"font-weight: 400;\">\u00dcblicherweise kann sich der Zeitraum f\u00fcr Immobilien, die vom Schuldner mit minderj\u00e4hrigen Kindern bewohnt werden, um mehr als sechs Monate im Vergleich zu den \u00fcblichen Fristen verl\u00e4ngern.<\/p>\n<p style=\"font-weight: 400;\">Wenn der Schuldner und seine Familie die Immobilie nicht freiwillig innerhalb der vom Richter festgelegten Fristen r\u00e4umen, k\u00f6nnen die Sozialdienste eingeschaltet werden. <br \/>Diese sind daf\u00fcr zust\u00e4ndig, eine alternative Wohnl\u00f6sung zu finden, um die minderj\u00e4hrigen und schutzbed\u00fcrftigen Personen, die zwangsweise ausziehen m\u00fcssen, zu sch\u00fctzen. <\/p>\n<ul><\/ul>\n<p style=\"font-weight: 400;\">\n<p>&nbsp;<\/p>\n<p>[\/et_pb_text][et_pb_text _builder_version=&#8220;4.22.1&#8243; _module_preset=&#8220;fb3bde8f-2dbb-4eed-ab26-b71612ec8618&#8243; header_5_font=&#8220;Prata||||||||&#8220; header_5_text_color=&#8220;#000000&#8243; custom_padding=&#8220;||0px|||&#8220; global_colors_info=&#8220;{}&#8220;][\/et_pb_text][\/et_pb_column][\/et_pb_row][\/et_pb_section]<\/p>\n","protected":false},"excerpt":{"rendered":"<p>H\u00e4user zur Versteigerung: Gl\u00fcckbringend oder Ungl\u00fcck bringend?Legenden aus der Welt der Immobilieninvestitionen.Wenn dir niemand hilft, frag Rogitando. Das Thema ist heikel und das Minenfeld gro\u00df, aber es kursieren immer noch zu viele falsche Informationen und Legenden \u00fcber Zwangsversteigerungen von Immobilien. Wir helfen dir, jedes Risiko zu erkennen, und wir unterst\u00fctzen dich bei der Immobilienbewertung f\u00fcr [&hellip;]<\/p>\n","protected":false},"author":1,"featured_media":0,"parent":0,"menu_order":0,"comment_status":"closed","ping_status":"closed","template":"","meta":{"_et_pb_use_builder":"on","_et_pb_old_content":"","_et_gb_content_width":"","footnotes":""},"class_list":["post-1220","page","type-page","status-publish","hentry"],"_links":{"self":[{"href":"https:\/\/rogitando.com\/de\/wp-json\/wp\/v2\/pages\/1220","targetHints":{"allow":["GET"]}}],"collection":[{"href":"https:\/\/rogitando.com\/de\/wp-json\/wp\/v2\/pages"}],"about":[{"href":"https:\/\/rogitando.com\/de\/wp-json\/wp\/v2\/types\/page"}],"author":[{"embeddable":true,"href":"https:\/\/rogitando.com\/de\/wp-json\/wp\/v2\/users\/1"}],"replies":[{"embeddable":true,"href":"https:\/\/rogitando.com\/de\/wp-json\/wp\/v2\/comments?post=1220"}],"version-history":[{"count":2,"href":"https:\/\/rogitando.com\/de\/wp-json\/wp\/v2\/pages\/1220\/revisions"}],"predecessor-version":[{"id":1222,"href":"https:\/\/rogitando.com\/de\/wp-json\/wp\/v2\/pages\/1220\/revisions\/1222"}],"wp:attachment":[{"href":"https:\/\/rogitando.com\/de\/wp-json\/wp\/v2\/media?parent=1220"}],"curies":[{"name":"wp","href":"https:\/\/api.w.org\/{rel}","templated":true}]}}