{"id":1180,"date":"2024-05-30T09:55:40","date_gmt":"2024-05-30T09:55:40","guid":{"rendered":"https:\/\/rogitando.com\/wohnen-in-holz\/"},"modified":"2025-05-19T09:27:42","modified_gmt":"2025-05-19T09:27:42","slug":"wohnen-in-holz","status":"publish","type":"page","link":"https:\/\/rogitando.com\/de\/wohnen-in-holz\/","title":{"rendered":"Wohnen in Holz"},"content":{"rendered":"<p>[et_pb_section fb_built=&#8220;1&#8243; admin_label=&#8220;Header&#8220; _builder_version=&#8220;4.22.1&#8243; _module_preset=&#8220;default&#8220; background_color=&#8220;#005B80&#8243; locked=&#8220;off&#8220; collapsed=&#8220;on&#8220; global_colors_info=&#8220;{}&#8220;][et_pb_row column_structure=&#8220;1_2,1_2&#8243; make_equal=&#8220;on&#8220; _builder_version=&#8220;4.22.1&#8243; _module_preset=&#8220;default&#8220; width=&#8220;94%&#8220; width_tablet=&#8220;80%&#8220; width_phone=&#8220;80%&#8220; width_last_edited=&#8220;on|desktop&#8220; max_width=&#8220;2000px&#8220; custom_padding=&#8220;0px||0px||true|false&#8220; global_colors_info=&#8220;{}&#8220;][et_pb_column type=&#8220;1_2&#8243; _builder_version=&#8220;4.22.0&#8243; _module_preset=&#8220;default&#8220; custom_padding=&#8220;46vh||||false|false&#8220; custom_padding_tablet=&#8220;0vw||||false|false&#8220; custom_padding_phone=&#8220;0vw||||false|false&#8220; custom_padding_last_edited=&#8220;on|desktop&#8220; global_colors_info=&#8220;{}&#8220;][et_pb_text _builder_version=&#8220;4.22.1&#8243; _module_preset=&#8220;05cc8fbc-0f32-4f33-ab1a-3f8fc6f57574&#8243; header_text_color=&#8220;#FFFFFF&#8220; header_font_size=&#8220;44px&#8220; max_width=&#8220;800px&#8220; global_colors_info=&#8220;{}&#8220;]<\/p>\n<h1><strong>\u201eKlischees, die sich nur schwer einschleichen lassen.\u201c<\/strong><\/h1>\n<p>[\/et_pb_text][\/et_pb_column][et_pb_column type=&#8220;1_2&#8243; _builder_version=&#8220;4.22.1&#8243; _module_preset=&#8220;default&#8220; background_image=&#8220;https:\/\/rogitando.com\/wp-content\/uploads\/2024\/05\/abitare_legno_1.jpg&#8220; border_radii=&#8220;on|10px|10px|10px|10px&#8220; global_colors_info=&#8220;{}&#8220;][et_pb_divider show_divider=&#8220;off&#8220; _builder_version=&#8220;4.21.0&#8243; _module_preset=&#8220;default&#8220; height_tablet=&#8220;40vw&#8220; height_phone=&#8220;40vw&#8220; height_last_edited=&#8220;on|desktop&#8220; global_colors_info=&#8220;{}&#8220;][\/et_pb_divider][\/et_pb_column][\/et_pb_row][\/et_pb_section][et_pb_section fb_built=&#8220;1&#8243; admin_label=&#8220;Services&#8220; _builder_version=&#8220;4.21.0&#8243; _module_preset=&#8220;default&#8220; locked=&#8220;off&#8220; collapsed=&#8220;on&#8220; global_colors_info=&#8220;{}&#8220;][et_pb_row _builder_version=&#8220;4.22.1&#8243; _module_preset=&#8220;default&#8220; max_width=&#8220;80%&#8220; global_colors_info=&#8220;{}&#8220; min_height=&#8220;1102.7px&#8220;][et_pb_column type=&#8220;4_4&#8243; _builder_version=&#8220;4.21.0&#8243; _module_preset=&#8220;default&#8220; global_colors_info=&#8220;{}&#8220;][et_pb_text _builder_version=&#8220;4.22.1&#8243; _module_preset=&#8220;fb3bde8f-2dbb-4eed-ab26-b71612ec8618&#8243; header_5_font=&#8220;Prata||||||||&#8220; header_5_text_color=&#8220;#000000&#8243; hover_enabled=&#8220;0&#8243; global_colors_info=&#8220;{}&#8220; sticky_enabled=&#8220;0&#8243;]<\/p>\n<p style=\"font-weight: 400;\"><strong>Ist ein Holzhaus oder ein Steinhaus besser?<\/strong><\/p>\n<p><strong> <\/strong><\/p>\n<p><strong><\/strong><\/p>\n<p style=\"font-weight: 400;\">Dies ist eine Frage, die oft in unserem Kopf auftaucht und die uns alle betrifft. <br \/>In den letzten Jahren, beg\u00fcnstigt durch das Aufkommen der Bio-Bauweise und des umweltfreundlichen Bauens, haben die neuen Trends sowohl den Immobilienmarkt als auch den Bauwesenmarkt revolutioniert.<\/p>\n<p style=\"font-weight: 400;\">Beim Bau eines Hauses wird heutzutage viel Aufmerksamkeit auf die Materialien und neue Technologien gelegt, wobei der Umweltschutz, die Auswirkungen auf den Planeten und die Gesundheit der Wohngeb\u00e4ude ber\u00fccksichtigt werden. <br \/>Holz ist eine der am h\u00e4ufigsten verwendeten und diskutierten Alternativen.<\/p>\n<p style=\"font-weight: 400;\">Vor einigen Jahren h\u00e4tte kaum jemand daran gedacht, ein Holzhaus zu bauen, insbesondere in flachen Gebieten, in denen man nie welche gesehen hatte. Es ist h\u00e4ufiger, Holzh\u00e4user in den Bergen zu finden, die schon seit den alten Zeiten gebaut wurden, mit einem Erdgeschoss aus Stein, um das Holz so weit wie m\u00f6glich vom Boden und der Feuchtigkeit fernzuhalten. <\/p>\n<p style=\"font-weight: 400;\"><em>Vorwort:<\/em> <br \/>Was sich zwischen einem Fertigholzhaus und einem traditionellen Steinhaus unterscheidet, ist lediglich die Tragstruktur. Alles andere (Fundamente, Isolierungen, Installationen usw.) ist in beiden Bauweisen grunds\u00e4tzlich gleich.<\/p>\n<p style=\"font-weight: 400;\"><u>Lassen Sie uns die verschiedenen Unterschiede analysieren:<\/u><\/p>\n<p style=\"font-weight: 400;\">Das Hauptelement, das die Merkmale der beiden L\u00f6sungen unterscheidet, ist die tragende Struktur. Abgesehen von der tragenden Struktur aus Mauerwerk, Decken und Dach gibt es keine Unterschiede zwischen den beiden Haustypen.<\/p>\n<p style=\"font-weight: 400;\"><strong><em>Fundamente<\/em>:<\/strong> Beide haben Fundamente aus Stahlbeton;<\/p>\n<p style=\"font-weight: 400;\"><strong><em>W\u00e4nde<\/em><\/strong><em>:<\/em> Eine aus Mauerziegeln, die andere aus Holz oder Holz und Mineralwolle;<\/p>\n<p style=\"font-weight: 400;\"><strong><em>Struktur<\/em><\/strong> (Decken und W\u00e4nde): S\u00e4ulen und Balken im Fall von Stahlbeton, im anderen Fall aus Holz;<\/p>\n<p style=\"font-weight: 400;\"><strong><em>Isolierungen:<\/em><\/strong> W\u00e4rmed\u00e4mmverbundsystem f\u00fcr beide L\u00f6sungen;<\/p>\n<p style=\"font-weight: 400;\"><strong><em>Installationen:<\/em><\/strong> Sowohl das Steinhaus als auch das Holzhaus k\u00f6nnen dieselbe Art von Installationen haben;<\/p>\n<p style=\"font-weight: 400;\"><strong><em>Innen<\/em><em>wandverkleidung<\/em><\/strong>: Putz auf der Mauerwand, Gipskartonplatten auf der Holzstruktur;<\/p>\n<p style=\"font-weight: 400;\"><strong><em>Fenster<\/em>:<\/strong> Beide Typen haben hochenergieeffiziente Holzfenster;<\/p>\n<p style=\"font-weight: 400;\"><strong><em>Estriche unter dem Fu\u00dfbodenbelag<\/em>:<\/strong> In beiden F\u00e4llen aus Beton, Sand und Zement;<\/p>\n<p style=\"font-weight: 400;\"><strong><em>Oberfl\u00e4chenmaterialien<\/em><\/strong>: In beiden F\u00e4llen k\u00f6nnen dieselben Bodenbel\u00e4ge und Oberfl\u00e4chenmaterialien wie Wandverkleidungen, Badezimmerarmaturen usw. gew\u00e4hlt werden.<\/p>\n<p style=\"font-weight: 400;\">Die Unterschiede zwischen einem Fertigholzhaus und einem Mauerhaus sind wirklich minimal, abgesehen von der Struktur. Das l\u00e4sst uns verstehen, dass ein Holzhaus nicht vollst\u00e4ndig aus Holz besteht, wenn wir davon sprechen. <\/p>\n<p style=\"font-weight: 400;\"><u>Wir k\u00f6nnen daher zusammenfassen, dass es zwei Arten von Holzhauskonstruktionen gibt<\/u>:<br \/>-H\u00e4user, bei denen sowohl die tragende Struktur als auch die Wandverkleidungen vollst\u00e4ndig aus Holz bestehen;<br \/>-H\u00e4user, bei denen die Struktur ein Holzrahmen ist und die Verkleidungen aus isolierendem Material wie Mineralwolle oder Holzfaser bestehen.<\/p>\n<p style=\"font-weight: 400; text-align: right;\">[\/et_pb_text][\/et_pb_column][\/et_pb_row][et_pb_row column_structure=&#8220;1_2,1_2&#8243; _builder_version=&#8220;4.22.1&#8243; _module_preset=&#8220;default&#8220; global_colors_info=&#8220;{}&#8220; locked=&#8220;off&#8220;][et_pb_column type=&#8220;1_2&#8243; _builder_version=&#8220;4.22.1&#8243; _module_preset=&#8220;default&#8220; global_colors_info=&#8220;{}&#8220;][et_pb_image src=&#8220;https:\/\/rogitando.com\/wp-content\/uploads\/2024\/06\/abitare_legno_2-1.jpg&#8220; title_text=&#8220;abitare_legno_2&#8243; _builder_version=&#8220;4.22.1&#8243; _module_preset=&#8220;default&#8220; hover_enabled=&#8220;0&#8243; global_colors_info=&#8220;{}&#8220; sticky_enabled=&#8220;0&#8243;][\/et_pb_image][\/et_pb_column][et_pb_column type=&#8220;1_2&#8243; _builder_version=&#8220;4.22.1&#8243; _module_preset=&#8220;default&#8220; global_colors_info=&#8220;{}&#8220;][et_pb_image src=&#8220;https:\/\/rogitando.com\/wp-content\/uploads\/2024\/06\/abitare_legno_3.jpg&#8220; title_text=&#8220;abitare_legno_3&#8243; _builder_version=&#8220;4.22.1&#8243; _module_preset=&#8220;default&#8220; hover_enabled=&#8220;0&#8243; global_colors_info=&#8220;{}&#8220; sticky_enabled=&#8220;0&#8243;][\/et_pb_image][\/et_pb_column][\/et_pb_row][et_pb_row _builder_version=&#8220;4.22.1&#8243; _module_preset=&#8220;default&#8220; max_width=&#8220;80%&#8220; hover_enabled=&#8220;0&#8243; global_colors_info=&#8220;{}&#8220; min_height=&#8220;1102.7px&#8220; sticky_enabled=&#8220;0&#8243;][et_pb_column type=&#8220;4_4&#8243; _builder_version=&#8220;4.21.0&#8243; _module_preset=&#8220;default&#8220; global_colors_info=&#8220;{}&#8220;][et_pb_text _builder_version=&#8220;4.22.1&#8243; _module_preset=&#8220;fb3bde8f-2dbb-4eed-ab26-b71612ec8618&#8243; header_5_font=&#8220;Prata||||||||&#8220; header_5_text_color=&#8220;#000000&#8243; custom_padding=&#8220;||0px|||&#8220; hover_enabled=&#8220;0&#8243; global_colors_info=&#8220;{}&#8220; sticky_enabled=&#8220;0&#8243;]<\/p>\n<p><strong>Ist Holz wirklich nat\u00fcrlicher als Ziegel?<br \/><\/strong>Es ist ein Produkt, das in der Natur vorkommt. Daher k\u00f6nnen wir sagen, dass Holz ohne Zweifel gewinnt:<\/p>\n<ul>\n<li>\u00f6kologisch und umweltfreundlich,<\/li>\n<li>flexibel,<\/li>\n<li>resistent und erdbebensicher,<\/li>\n<li>\u00e4sthetisch sch\u00f6n,<\/li>\n<li>hoher Isolationswert, h\u00e4lt das Haus im Winter warm und im Sommer k\u00fchl,<\/li>\n<li>nat\u00fcrlicher W\u00e4rmeschutz, reguliert die Luftfeuchtigkeit und f\u00f6rdert das Wohlbefinden im Haus.<\/li>\n<\/ul>\n<p><strong>Das Holz verrottet?<br \/><\/strong>Wie kann man ein ganzes Haus aus diesem Material bauen, das normalerweise mit klassischem Mauerwerk kombiniert wird?<\/p>\n<p>Holz fur den Bau muss entsprechend behandelt werden, um eine gr\u00f6\u00dfere Haltbarkeit im Laufe der Zeit zu gew\u00e4hrleisten und es vor Sch\u00e4dlingen, Schimmel, Bakterien usw. zu sch\u00fctzen. Gleichzeitig werden feuerhemmende Substanzen verwendet, um den Feuerwiderstand zu maximieren.<\/p>\n<p><strong>Geht der Bau eines Holzhauses schneller?<br \/><\/strong>Ja, wir k\u00f6nnen sagen, dass der Bau eines Holzhauses schneller als der Bau eines traditionellen Steinhauses geht.<\/p>\n<p>Das Holzhaus ist vorgefertigt, das hei\u00dft, es wird in Modulen in der Fabrik hergestellt und anschlie\u00dfend auf der Baustelle zusammengebaut, was die Ausf\u00fchrungszeiten der strukturellen Arbeiten verk\u00fcrzt.<\/p>\n<p>F\u00fcr die Erstellung der Fundamente, die Installation der Installationen, Fenster und alle anderen Abschlussarbeiten, die normalerweise erforderlich sind, um ein Haus im Rohbau zu vervollst\u00e4ndigen, wird jedoch die gleiche Zeit ben\u00f6tigt.<\/p>\n<p>Es m\u00fcssen auch die Planungszeiten ber\u00fccksichtigt werden, die von der Wahl des Designers, der Erstellung der Kostenvoranschl\u00e4ge, der Genehmigung und allem, was mit dem Unternehmen zusammenh\u00e4ngt, das den Auftrag erh\u00e4lt, abh\u00e4ngen.<\/p>\n<p>&nbsp;<\/p>\n<p><strong>Empfehlen wir ein Holzhaus oder ein Steinhaus?<br \/><\/strong>Die Frage kann nicht beantwortet werden, ohne zuvor eine Voranalyse mit dem Kunden auf der Grundlage der festgelegten Ziele durchzuf\u00fchren.<\/p>\n<p>Was ist der Verwendungszweck der Wohnung?<span> <\/span><span> <\/span>Das ganze Jahr oder nur f\u00fcr die Urlaubszeit?<\/p>\n<p>Die Lage des Hauses?<span> <\/span><span> <\/span>Gibt es besondere landschaftliche Einschr\u00e4nkungen in Kraft?<\/p>\n<p>Welchen Stil bevorzugen wir?<span> <\/span><span> <\/span>Welchen thermischen Komfort m\u00f6chten wir erzielen?<\/p>\n<p>Wie gro\u00df ist das Geb\u00e4ude und das Grundst\u00fcck, auf dem gebaut werden soll?<\/p>\n<p>Welches Budget haben Sie zur Verf\u00fcgung?<\/p>\n<p>&nbsp;<\/p>\n<p>Wir k\u00f6nnen jedoch definitiv sagen dass:<\/p>\n<ul>\n<li>die Bauzeiten auf der Baustelle k\u00fcrzer sind;<\/li>\n<li>die Dicke der W\u00e4nde bei gleichem Isolationsgrad geringer ist;<\/li>\n<li>der Bau umweltfreundlicher ist;<\/li>\n<li>das Design auff\u00e4llig und elegant ist.<\/li>\n<\/ul>\n<p>&nbsp;<\/p>\n<p>Heute hat Italien ein hohes Know-how in diesem Sektor erreicht. Viele Unternehmen, Architekten und Designer haben internationale Anerkennung f\u00fcr das italienische Design von Holzh\u00e4usern erhalten.<\/p>\n<p>Holz kann uns viel mehr bieten, als das, was immer noch aus &#8222;Unwissenheit&#8220; zu einem Klischee geh\u00f6rt.<\/p>\n<p style=\"text-align: right;\"><em><br \/>\u201eIch liebe B\u00e4ume. Sie sind wie wir.<br \/>Wurzeln im Boden und K\u00f6pfe in den Himmel.\u201c <\/em><\/p>\n<p style=\"text-align: right;\"><em>Erri De Luca \u2013 Schriftsteller<\/em><\/p>\n<p>[\/et_pb_text][\/et_pb_column][\/et_pb_row][\/et_pb_section]<\/p>\n","protected":false},"excerpt":{"rendered":"<p>\u201eKlischees, die sich nur schwer einschleichen lassen.\u201cIst ein Holzhaus oder ein Steinhaus besser? Dies ist eine Frage, die oft in unserem Kopf auftaucht und die uns alle betrifft. In den letzten Jahren, beg\u00fcnstigt durch das Aufkommen der Bio-Bauweise und des umweltfreundlichen Bauens, haben die neuen Trends sowohl den Immobilienmarkt als auch den Bauwesenmarkt revolutioniert. Beim [&hellip;]<\/p>\n","protected":false},"author":1,"featured_media":0,"parent":0,"menu_order":0,"comment_status":"closed","ping_status":"closed","template":"","meta":{"_et_pb_use_builder":"on","_et_pb_old_content":"","_et_gb_content_width":"","footnotes":""},"class_list":["post-1180","page","type-page","status-publish","hentry"],"_links":{"self":[{"href":"https:\/\/rogitando.com\/de\/wp-json\/wp\/v2\/pages\/1180","targetHints":{"allow":["GET"]}}],"collection":[{"href":"https:\/\/rogitando.com\/de\/wp-json\/wp\/v2\/pages"}],"about":[{"href":"https:\/\/rogitando.com\/de\/wp-json\/wp\/v2\/types\/page"}],"author":[{"embeddable":true,"href":"https:\/\/rogitando.com\/de\/wp-json\/wp\/v2\/users\/1"}],"replies":[{"embeddable":true,"href":"https:\/\/rogitando.com\/de\/wp-json\/wp\/v2\/comments?post=1180"}],"version-history":[{"count":2,"href":"https:\/\/rogitando.com\/de\/wp-json\/wp\/v2\/pages\/1180\/revisions"}],"predecessor-version":[{"id":1182,"href":"https:\/\/rogitando.com\/de\/wp-json\/wp\/v2\/pages\/1180\/revisions\/1182"}],"wp:attachment":[{"href":"https:\/\/rogitando.com\/de\/wp-json\/wp\/v2\/media?parent=1180"}],"curies":[{"name":"wp","href":"https:\/\/api.w.org\/{rel}","templated":true}]}}